{"id":85808,"date":"2025-12-04T23:54:38","date_gmt":"2025-12-04T20:54:38","guid":{"rendered":"https:\/\/baldumarket.lt\/product\/szafa-sosnowa-rustikal-sf848-sosna-brunatny-wosk\/"},"modified":"2026-02-04T00:21:34","modified_gmt":"2026-02-03T21:21:34","slug":"szafa-sosnowa-rustikal-sf848-sosna-brunatny-wosk","status":"publish","type":"product","link":"https:\/\/baldumarket.lt\/lt\/product\/szafa-sosnowa-rustikal-sf848-sosna-brunatny-wosk\/","title":{"rendered":"Pu\u0161in\u0117 spinta RUSTIKAL SF848 pu\u0161ies rudas va\u0161kas"},"content":{"rendered":"<p>Va\u0161kuota, dviej\u0173 dur\u0173 SF848 spinta, sukurta kaimi\u0161ku stiliumi, pagaminta vien i\u0161 pu\u0161ies masyvo. U\u017e dvigub\u0173 dur\u0173 yra trys lentynos. Be to, spintoje yra i\u0161traukiamas stal\u010dius ant medini\u0173 b\u0117geli\u0173. Baldas pasi\u017eymi patvaria ir tvirta konstrukcija. Medin\u0117 spinta pasi\u017eymi unikalia karnizo apdaila. \u0160i dekoratyvin\u0117 detal\u0117 suteikia spintai elegancijos ir klas\u0117s. Jos gamyboje buvo naudojamos rank\u0173 darbo metalin\u0117s rankenos ir vyriai su sendinto med\u017eio efektu. SF848 pu\u0161in\u0117 spinta yra puikus sprendimas r\u016bbinei, prie\u0161kambariui ar miegamajam. Ji suteiks bet kokiam interjerui unikali\u0105 atmosfer\u0105, kupin\u0105 \u0161ilumos ir jaukios atmosferos. Jos funkcionalumas labai palengvins daikt\u0173 laikym\u0105.<\/p>\n<p>SF848 spinta padengta nat\u016braliu bi\u010di\u0173 va\u0161ku, kuris sukuria apsaugin\u012f sluoksn\u012f nuo dr\u0117gm\u0117s ir kartu apsaugo medien\u0105. Va\u0161kavimas pary\u0161kina nat\u016brali\u0105 medienos tekst\u016br\u0105 ir pagilina nat\u016brali\u0105 jos spalv\u0105. Bi\u010di\u0173 va\u0161kas yra nat\u016bralus produktas, tod\u0117l va\u0161kuoti baldai \u012fgauna antistatini\u0173 savybi\u0173 \u2013 suma\u017eina dulki\u0173 kaupim\u0105si. Papildomas va\u0161kuot\u0173 bald\u0173 privalumas \u2013 \u0161ilkinis lygus pavir\u0161ius ir malonus nat\u016bralus medienos aromatas.<\/p>\n<p>Sveikos medienos tekst\u016bros i\u0161saugojimas yra b\u016btinas va\u0161kuot\u0173 bald\u0173 ilgaam\u017ei\u0161kumui. Skyriuje \u201cVa\u0161kuot\u0173 bald\u0173 prie\u017ei\u016bra ir naudojimas\u201d rasite verting\u0173 patarim\u0173, kaip pri\u017ei\u016br\u0117ti \u201eRustikal\u201c kolekcijos baldus.<\/p>","protected":false},"excerpt":{"rendered":"<p>Va\u0161kuota, dviej\u0173 dur\u0173 SF848 spinta, sukurta kaimi\u0161ku stiliumi, pagaminta i\u0161 tvirtos pu\u0161ies medienos. U\u017e dvigub\u0173 dur\u0173 yra trys lentynos. Be to, spintoje yra i\u0161traukiamas stal\u010dius ant medini\u0173 b\u0117geli\u0173. Baldas pasi\u017eymi patvaria ir tvirta konstrukcija. Medin\u0117 spinta pasi\u017eymi unikalia karnizo apdaila. \u0160i dekoratyvin\u0117 detal\u0117 suteikia spintai i\u0161skirtinumo [\u2026]<\/p>","protected":false},"featured_media":85795,"comment_status":"open","ping_status":"open","template":"","meta":[],"product_brand":[],"product_cat":[9317,2113,1177],"product_tag":[],"class_list":{"0":"post-85808","1":"product","2":"type-product","3":"status-publish","4":"has-post-thumbnail","6":"product_cat-collection-rustikal-drewmax","7":"product_cat-drewmax","8":"product_cat-wardrobes","10":"first","11":"instock","12":"purchasable","13":"product-type-simple"},"_links":{"self":[{"href":"https:\/\/baldumarket.lt\/lt\/wp-json\/wp\/v2\/product\/85808","targetHints":{"allow":["GET"]}}],"collection":[{"href":"https:\/\/baldumarket.lt\/lt\/wp-json\/wp\/v2\/product"}],"about":[{"href":"https:\/\/baldumarket.lt\/lt\/wp-json\/wp\/v2\/types\/product"}],"replies":[{"embeddable":true,"href":"https:\/\/baldumarket.lt\/lt\/wp-json\/wp\/v2\/comments?post=85808"}],"wp:featuredmedia":[{"embeddable":true,"href":"https:\/\/baldumarket.lt\/lt\/wp-json\/wp\/v2\/media\/85795"}],"wp:attachment":[{"href":"https:\/\/baldumarket.lt\/lt\/wp-json\/wp\/v2\/media?parent=85808"}],"wp:term":[{"taxonomy":"product_brand","embeddable":true,"href":"https:\/\/baldumarket.lt\/lt\/wp-json\/wp\/v2\/product_brand?post=85808"},{"taxonomy":"product_cat","embeddable":true,"href":"https:\/\/baldumarket.lt\/lt\/wp-json\/wp\/v2\/product_cat?post=85808"},{"taxonomy":"product_tag","embeddable":true,"href":"https:\/\/baldumarket.lt\/lt\/wp-json\/wp\/v2\/product_tag?post=85808"}],"curies":[{"name":"wp","href":"https:\/\/api.w.org\/{rel}","templated":true}]}}