{"id":85783,"date":"2025-12-04T23:54:09","date_gmt":"2025-12-04T20:54:09","guid":{"rendered":"https:\/\/baldumarket.lt\/product\/szafa-sosnowa-rustikal-sf849-sosna-bezbarwny-wosk\/"},"modified":"2026-02-04T00:21:37","modified_gmt":"2026-02-03T21:21:37","slug":"szafa-sosnowa-rustikal-sf849-sosna-bezbarwny-wosk","status":"publish","type":"product","link":"https:\/\/baldumarket.lt\/lt\/product\/szafa-sosnowa-rustikal-sf849-sosna-bezbarwny-wosk\/","title":{"rendered":"Pu\u0161in\u0117 spinta RUSTIKAL SF849, skaidraus va\u0161ko spalvos, pu\u0161is"},"content":{"rendered":"<p>Dviej\u0173 dur\u0173, va\u0161kuota STANDARTIN\u0116S versijos SF849 spinta, sukurta kaimi\u0161ko stiliaus, pagaminta i\u0161 tvirtos pu\u0161ies medienos. Per vis\u0105 spintos plot\u012f driekiasi trys lentynos. Apatin\u0117je dalyje yra du stal\u010diai, i\u0161siki\u0161antys ant medini\u0173 b\u0117geli\u0173. \u0160is baldas pasi\u017eymi patvaria ir tvirta konstrukcija. Medin\u0117 spinta atsidaro dvigubomis durimis, kurias papuo\u0161\u0117me a\u017e\u016brin\u0117mis grotel\u0117mis. Vir\u0161utin\u0117 dalis, dekoratyvinio vainiko formos, suteikia spintai unikal\u0173 charakter\u012f. Jos gamyboje buvo naudojamos rank\u0173 darbo metalin\u0117s rankenos ir vyriai su sendinto med\u017eio efektu. SF849 pu\u0161in\u0117 spinta \u2013 puikus sprendimas r\u016bbinei, prie\u0161kambariui ar miegamajam. Ji suteiks bet kokiam interjerui unikali\u0105, \u0161ilumos ir nam\u0173 atmosferos kupin\u0105 atmosfer\u0105. Jos funkcionalumas labai palengvins daikt\u0173 laikym\u0105. SLIM spinta SF749<\/p>\n<p>Spinta SF849 padengta nat\u016braliu bi\u010di\u0173 va\u0161ku, kuris sukuria apsaugin\u012f sluoksn\u012f nuo dr\u0117gm\u0117s ir kartu maitina medien\u0105. Va\u0161kavimo procesas pagerina nat\u016brali\u0105 medienos strukt\u016br\u0105 ir pary\u0161kina nat\u016brali\u0105 jos spalv\u0105. Bi\u010di\u0173 va\u0161kas yra nat\u016bralus produktas, tod\u0117l va\u0161kuoti baldai \u012fgauna antistatini\u0173 savybi\u0173 \u2013 suma\u017eina dulki\u0173 kaupim\u0105si. Papildomas va\u0161kuot\u0173 bald\u0173 privalumas \u2013 \u0161ilkiniai lygus pavir\u0161ius ir malonus nat\u016bralus medienos aromatas.<\/p>\n<p>Sveikos medienos strukt\u016bros palaikymas yra b\u016btinas va\u0161kuot\u0173 bald\u0173 ilgaam\u017ei\u0161kumui. Skyriuje \u201cVa\u0161kuot\u0173 bald\u0173 prie\u017ei\u016bra ir naudojimas\u201d rasite verting\u0173 patarim\u0173, kaip pri\u017ei\u016br\u0117ti \u201eRustikal\u201c kolekcijos baldus.<\/p>","protected":false},"excerpt":{"rendered":"<p>Dviej\u0173 dur\u0173, va\u0161kuota STANDARTIN\u0116S versijos SF849 spinta, sukurta kaimi\u0161ko stiliaus, pagaminta i\u0161 tvirtos pu\u0161ies medienos. Per vis\u0105 spintos plot\u012f driekiasi trys lentynos. Apatin\u0117je dalyje yra du stal\u010diai, i\u0161traukiami ant medini\u0173 b\u0117geli\u0173. \u0160is baldas pasi\u017eymi patvaria ir tvirta konstrukcija. Medin\u0117 spinta atsidaro dvigubomis durimis, kurios [\u2026]<\/p>","protected":false},"featured_media":85772,"comment_status":"open","ping_status":"open","template":"","meta":[],"product_brand":[],"product_cat":[9317,2113,1177],"product_tag":[],"class_list":{"0":"post-85783","1":"product","2":"type-product","3":"status-publish","4":"has-post-thumbnail","6":"product_cat-collection-rustikal-drewmax","7":"product_cat-drewmax","8":"product_cat-wardrobes","10":"first","11":"instock","12":"purchasable","13":"product-type-simple"},"_links":{"self":[{"href":"https:\/\/baldumarket.lt\/lt\/wp-json\/wp\/v2\/product\/85783","targetHints":{"allow":["GET"]}}],"collection":[{"href":"https:\/\/baldumarket.lt\/lt\/wp-json\/wp\/v2\/product"}],"about":[{"href":"https:\/\/baldumarket.lt\/lt\/wp-json\/wp\/v2\/types\/product"}],"replies":[{"embeddable":true,"href":"https:\/\/baldumarket.lt\/lt\/wp-json\/wp\/v2\/comments?post=85783"}],"wp:featuredmedia":[{"embeddable":true,"href":"https:\/\/baldumarket.lt\/lt\/wp-json\/wp\/v2\/media\/85772"}],"wp:attachment":[{"href":"https:\/\/baldumarket.lt\/lt\/wp-json\/wp\/v2\/media?parent=85783"}],"wp:term":[{"taxonomy":"product_brand","embeddable":true,"href":"https:\/\/baldumarket.lt\/lt\/wp-json\/wp\/v2\/product_brand?post=85783"},{"taxonomy":"product_cat","embeddable":true,"href":"https:\/\/baldumarket.lt\/lt\/wp-json\/wp\/v2\/product_cat?post=85783"},{"taxonomy":"product_tag","embeddable":true,"href":"https:\/\/baldumarket.lt\/lt\/wp-json\/wp\/v2\/product_tag?post=85783"}],"curies":[{"name":"wp","href":"https:\/\/api.w.org\/{rel}","templated":true}]}}