{"id":85712,"date":"2025-12-04T23:52:42","date_gmt":"2025-12-04T20:52:42","guid":{"rendered":"https:\/\/baldumarket.lt\/product\/szafka-rtv-sosnowa-rustikal-rv706-sosna-bialy-wosk\/"},"modified":"2026-02-04T00:21:47","modified_gmt":"2026-02-03T21:21:47","slug":"szafka-rtv-sosnowa-rustikal-rv706-sosna-bialy-wosk","status":"publish","type":"product","link":"https:\/\/baldumarket.lt\/lt\/product\/szafka-rtv-sosnowa-rustikal-rv706-sosna-bialy-wosk\/","title":{"rendered":"Pu\u0161in\u0117 TV spintel\u0117 RUSTIKAL RV706 pu\u0161ies baltas va\u0161kas"},"content":{"rendered":"<p>Va\u0161kuotas, kaimi\u0161ko stiliaus RV706 televizoriaus staliukas pagamintas i\u0161 tvirtos pu\u0161ies medienos. Jis stovi ant medini\u0173 rutulio formos kojeli\u0173. Medin\u012f staliuk\u0105 sudaro trys dalys \u2013 dvi \u0161onin\u0117s lentynos su viengubomis stiklin\u0117mis durel\u0117mis ir atskiri stal\u010diai ant medini\u0173 b\u0117geli\u0173. Be to, tiesiai po stalvir\u0161iu yra prakti\u0161ka ni\u0161a televizoriaus \u012frangai. Spintel\u0117 pasi\u017eymi patvaria ir tvirta konstrukcija. Jos konstrukcijoje buvo panaudoti rank\u0173 darbo metaliniai vyriai ir rankenos su sendinta apdaila. RV706 staliukas bet kokiam interjerui suteiks unikalios atmosferos, kupinos \u0161ilumos ir nam\u0173 jaukumo.<\/p>\n<p>Baldas padengtas nat\u016braliu bi\u010di\u0173 va\u0161ku, kuris sukuria apsaugin\u012f sluoksn\u012f nuo dr\u0117gm\u0117s ir kartu kondicionuoja medien\u0105. Va\u0161kavimo procesas pary\u0161kina nat\u016bral\u0173 medienos ra\u0161t\u0105 ir pagilina nat\u016brali\u0105 jos spalv\u0105. Bi\u010di\u0173 va\u0161kas yra nat\u016bralus produktas, tod\u0117l va\u0161kuoti baldai \u012fgauna antistatini\u0173 savybi\u0173 \u2013 suma\u017eina dulki\u0173 kaupim\u0105si. Papildomas va\u0161kuot\u0173 bald\u0173 privalumas \u2013 \u0161ilkinis lygus pavir\u0161ius ir malonus nat\u016bralus medienos aromatas.<\/p>\n<p>Sveikos medienos strukt\u016bros i\u0161saugojimas yra b\u016btinas va\u0161kuot\u0173 bald\u0173 ilgaam\u017ei\u0161kumui. Skirtuke \u201cVa\u0161kuot\u0173 bald\u0173 prie\u017ei\u016bra ir naudojimas\u201d rasite verting\u0173 patarim\u0173, kaip pri\u017ei\u016br\u0117ti \u201eRustykal\u201c kolekcijos baldus.<\/p>","protected":false},"excerpt":{"rendered":"<p>Va\u0161kuotas, kaimi\u0161ko stiliaus RV706 televizoriaus staliukas pagamintas i\u0161 tvirtos pu\u0161ies medienos. Jis stovi ant medini\u0173 rutulio formos kojeli\u0173. Medin\u012f blok\u0105 sudaro trys dalys \u2013 dvi \u0161onin\u0117s lentynos su viengubomis stiklin\u0117mis durel\u0117mis ir atskiri stal\u010diai ant medini\u0173 b\u0117geli\u0173. Be to, tiesiai po stalvir\u0161iu yra prakti\u0161ka ni\u0161a televizoriaus \u012frangai [\u2026]<\/p>","protected":false},"featured_media":85706,"comment_status":"open","ping_status":"open","template":"","meta":[],"product_brand":[],"product_cat":[9317,2113,1175],"product_tag":[],"class_list":{"0":"post-85712","1":"product","2":"type-product","3":"status-publish","4":"has-post-thumbnail","6":"product_cat-collection-rustikal-drewmax","7":"product_cat-drewmax","8":"product_cat-tv-stands","10":"first","11":"instock","12":"purchasable","13":"product-type-simple"},"_links":{"self":[{"href":"https:\/\/baldumarket.lt\/lt\/wp-json\/wp\/v2\/product\/85712","targetHints":{"allow":["GET"]}}],"collection":[{"href":"https:\/\/baldumarket.lt\/lt\/wp-json\/wp\/v2\/product"}],"about":[{"href":"https:\/\/baldumarket.lt\/lt\/wp-json\/wp\/v2\/types\/product"}],"replies":[{"embeddable":true,"href":"https:\/\/baldumarket.lt\/lt\/wp-json\/wp\/v2\/comments?post=85712"}],"wp:featuredmedia":[{"embeddable":true,"href":"https:\/\/baldumarket.lt\/lt\/wp-json\/wp\/v2\/media\/85706"}],"wp:attachment":[{"href":"https:\/\/baldumarket.lt\/lt\/wp-json\/wp\/v2\/media?parent=85712"}],"wp:term":[{"taxonomy":"product_brand","embeddable":true,"href":"https:\/\/baldumarket.lt\/lt\/wp-json\/wp\/v2\/product_brand?post=85712"},{"taxonomy":"product_cat","embeddable":true,"href":"https:\/\/baldumarket.lt\/lt\/wp-json\/wp\/v2\/product_cat?post=85712"},{"taxonomy":"product_tag","embeddable":true,"href":"https:\/\/baldumarket.lt\/lt\/wp-json\/wp\/v2\/product_tag?post=85712"}],"curies":[{"name":"wp","href":"https:\/\/api.w.org\/{rel}","templated":true}]}}