{"id":85633,"date":"2025-12-04T23:51:14","date_gmt":"2025-12-04T20:51:14","guid":{"rendered":"https:\/\/baldumarket.lt\/product\/toaletka-sosnowa-rustikal-lt703-sosna-antyczna-biel\/"},"modified":"2026-02-04T00:21:59","modified_gmt":"2026-02-03T21:21:59","slug":"toaletka-sosnowa-rustikal-lt703-sosna-antyczna-biel","status":"publish","type":"product","link":"https:\/\/baldumarket.lt\/lt\/product\/toaletka-sosnowa-rustikal-lt703-sosna-antyczna-biel\/","title":{"rendered":"Pu\u0161inis tualetinis staliukas RUSTIKAL LT703 antikvarinis pu\u0161is, baltas"},"content":{"rendered":"<p>LT703 va\u0161kuotas tualetinis staliukas \u2013 konsolinis. Sukurtas kaimi\u0161ku stiliumi, jis pagamintas vien i\u0161 tvirtos pu\u0161ies medienos. Tai esminis bet kurio stilingo interjero elementas. Jis puikiai tinka tiek kaip \u0161oninis staliukas, pavyzd\u017eiui, biure, tiek kaip miegamojo tualetinis staliukas. \u0160is gra\u017eus konsolinis staliukas su stal\u010diumi stovi ant keturi\u0173 tekint\u0173 kojeli\u0173, kurios suteikia stabilumo ir neleid\u017eia stal\u010diui si\u016bbuoti. \u0160is baldas yra labai prakti\u0161kas ir gra\u017eiai papildo vis\u0105 interjer\u0105. Jo konstrukcijoje buvo panaudoti rank\u0173 darbo metaliniai vyriai ir rankenos su sendinto med\u017eio efektu. Matomas ra\u0161tas i\u0161ry\u0161kina nat\u016bralios medienos gro\u017e\u012f. LT703 suteiks bet kokiam interjerui unikali\u0105 atmosfer\u0105, kupin\u0105 \u0161ilumos ir jaukios atmosferos.<\/p>\n<p>Baldai padengti nat\u016braliu bi\u010di\u0173 va\u0161ku, kuris sukuria apsaugin\u012f sluoksn\u012f nuo dr\u0117gm\u0117s ir kartu maitina medien\u0105. Va\u0161kavimo procesas pary\u0161kina nat\u016brali\u0105 medienos tekst\u016br\u0105 ir pagilina nat\u016brali\u0105 jos spalv\u0105. Bi\u010di\u0173 va\u0161kas yra nat\u016bralus produktas, tod\u0117l va\u0161kuoti baldai \u012fgauna antistatini\u0173 savybi\u0173 \u2013 suma\u017eina dulki\u0173 kaupim\u0105si. Papildomas va\u0161kuot\u0173 bald\u0173 privalumas \u2013 \u0161ilkinis lygus pavir\u0161ius ir malonus nat\u016bralus medienos aromatas.<\/p>\n<p>Sveikos medienos strukt\u016bros i\u0161saugojimas yra b\u016btinas va\u0161kuot\u0173 bald\u0173 ilgaam\u017ei\u0161kumui. Skirtuke \u201cVa\u0161kuot\u0173 bald\u0173 prie\u017ei\u016bra ir naudojimas\u201d rasite verting\u0173 patarim\u0173, kaip pri\u017ei\u016br\u0117ti \u201eRustykal\u201c kolekcijos baldus.<\/p>","protected":false},"excerpt":{"rendered":"<p>Va\u0161kuotas tualetinis staliukas LT703 \u2013 konsolinis. Sukurtas kaimi\u0161ku stiliumi, jis pagamintas i\u0161 tvirtos pu\u0161ies medienos. Tai esminis bet kurio stilingo interjero elementas. Jis puikiai tinka tiek kaip \u0161oninis staliukas, pavyzd\u017eiui, biure, tiek kaip tualetinis staliukas miegamajame. \u0160is gra\u017eus konsolinis staliukas su [\u2026]<\/p>","protected":false},"featured_media":85626,"comment_status":"open","ping_status":"open","template":"","meta":[],"product_brand":[],"product_cat":[9317,1237,2113],"product_tag":[],"class_list":{"0":"post-85633","1":"product","2":"type-product","3":"status-publish","4":"has-post-thumbnail","6":"product_cat-collection-rustikal-drewmax","7":"product_cat-dressing-tables","8":"product_cat-drewmax","10":"first","11":"instock","12":"purchasable","13":"product-type-simple"},"_links":{"self":[{"href":"https:\/\/baldumarket.lt\/lt\/wp-json\/wp\/v2\/product\/85633","targetHints":{"allow":["GET"]}}],"collection":[{"href":"https:\/\/baldumarket.lt\/lt\/wp-json\/wp\/v2\/product"}],"about":[{"href":"https:\/\/baldumarket.lt\/lt\/wp-json\/wp\/v2\/types\/product"}],"replies":[{"embeddable":true,"href":"https:\/\/baldumarket.lt\/lt\/wp-json\/wp\/v2\/comments?post=85633"}],"wp:featuredmedia":[{"embeddable":true,"href":"https:\/\/baldumarket.lt\/lt\/wp-json\/wp\/v2\/media\/85626"}],"wp:attachment":[{"href":"https:\/\/baldumarket.lt\/lt\/wp-json\/wp\/v2\/media?parent=85633"}],"wp:term":[{"taxonomy":"product_brand","embeddable":true,"href":"https:\/\/baldumarket.lt\/lt\/wp-json\/wp\/v2\/product_brand?post=85633"},{"taxonomy":"product_cat","embeddable":true,"href":"https:\/\/baldumarket.lt\/lt\/wp-json\/wp\/v2\/product_cat?post=85633"},{"taxonomy":"product_tag","embeddable":true,"href":"https:\/\/baldumarket.lt\/lt\/wp-json\/wp\/v2\/product_tag?post=85633"}],"curies":[{"name":"wp","href":"https:\/\/api.w.org\/{rel}","templated":true}]}}