{"id":85607,"date":"2025-12-04T23:50:47","date_gmt":"2025-12-04T20:50:47","guid":{"rendered":"https:\/\/baldumarket.lt\/product\/toaletka-sosnowa-rustikal-lt705-sosna-jasny-wosk\/"},"modified":"2026-02-04T00:22:06","modified_gmt":"2026-02-03T21:22:06","slug":"toaletka-sosnowa-rustikal-lt705-sosna-jasny-wosk","status":"publish","type":"product","link":"https:\/\/baldumarket.lt\/lt\/product\/toaletka-sosnowa-rustikal-lt705-sosna-jasny-wosk\/","title":{"rendered":"Pu\u0161inis tualetinis staliukas RUSTIKAL LT705, \u0161viesaus va\u0161ko spalvos, pu\u0161is"},"content":{"rendered":"<p>Va\u0161kuotas tualetinis staliukas \u2013 konsolinis LT705. Sukurtas kaimi\u0161ko stiliaus, jis pagamintas vien i\u0161 tvirtos pu\u0161ies medienos. \u0160is kaimi\u0161ko stiliaus tualetinis staliukas pasi\u017eymi tvirta ir patvaria konstrukcija, primenan\u010dia senovin\u012f, kaimi\u0161k\u0105 estetik\u0105. Nepriklausomai nuo stiliaus, konsolinis staliukas tur\u0117t\u0173 b\u016bti funkcionalus. Tod\u0117l jis turi du prakti\u0161kus stal\u010dius, kurie i\u0161traukiami ant medini\u0173 b\u0117geli\u0173. Mediniai tualetiniai staliukai ir konsoliniai staliukai yra prakti\u0161ki med\u017eio masyvo baldai, kurie, nors ir pana\u0161\u016bs, turi \u0161iek tiek skirting\u0105 paskirt\u012f. Medinis konsolinis staliukas yra baldas, kur\u012f galima naudoti koridoriuje kaip patog\u0173 staliuk\u0105. Jis taip pat puikiai tinka svetainei, kur ant jo galima eksponuoti dekoratyvinius daiktus. Jo gamyboje buvo naudojamos rank\u0173 darbo metalin\u0117s detal\u0117s. Matoma medienos tekst\u016bra i\u0161ry\u0161kina nat\u016bralios medienos gro\u017e\u012f. LT705 suteiks bet kokiam interjerui unikali\u0105 atmosfer\u0105, kupin\u0105 \u0161ilumos ir jaukios atmosferos.<\/p>\n<p>Baldai padengti nat\u016braliu bi\u010di\u0173 va\u0161ku, kuris sukuria apsaugin\u012f sluoksn\u012f nuo dr\u0117gm\u0117s ir kartu kondicionuoja medien\u0105. Va\u0161kavimas pary\u0161kina nat\u016brali\u0105 medienos tekst\u016br\u0105 ir pagilina nat\u016brali\u0105 jos spalv\u0105. Bi\u010di\u0173 va\u0161kas yra nat\u016bralus produktas, tod\u0117l va\u0161kuoti baldai \u012fgauna antistatini\u0173 savybi\u0173 \u2013 suma\u017eina dulki\u0173 kaupim\u0105si. Papildomas va\u0161kuot\u0173 bald\u0173 privalumas \u2013 \u0161ilkiniai lygus pavir\u0161ius ir malonus nat\u016bralus medienos aromatas.<\/p>\n<p>Sveikos medienos tekst\u016bros i\u0161saugojimas yra b\u016btinas va\u0161kuot\u0173 bald\u0173 ilgaam\u017ei\u0161kumui. Skyriuje \u201cVa\u0161kuot\u0173 bald\u0173 prie\u017ei\u016bra ir naudojimas\u201d rasite verting\u0173 patarim\u0173, kaip pri\u017ei\u016br\u0117ti \u201eRustykal\u201c kolekcijos baldus.<\/p>","protected":false},"excerpt":{"rendered":"<p>Va\u0161kuotas tualetinis staliukas \u2013 konsolinis LT705. Sukurtas kaimi\u0161ko stiliaus, jis pagamintas i\u0161 tvirtos pu\u0161ies medienos. \u0160is kaimi\u0161ko stiliaus tualetinis staliukas pasi\u017eymi tvirta ir patvaria konstrukcija, primenan\u010dia senovin\u012f, kaimo estetik\u0105. Nepriklausomai nuo stiliaus, konsolinis staliukas tur\u0117t\u0173 b\u016bti funkcionalus. Tod\u0117l jis turi du prakti\u0161kus stal\u010dius, kurie i\u0161stumdomi [\u2026]<\/p>","protected":false},"featured_media":85604,"comment_status":"open","ping_status":"open","template":"","meta":[],"product_brand":[],"product_cat":[9317,1237,2113],"product_tag":[],"class_list":{"0":"post-85607","1":"product","2":"type-product","3":"status-publish","4":"has-post-thumbnail","6":"product_cat-collection-rustikal-drewmax","7":"product_cat-dressing-tables","8":"product_cat-drewmax","10":"first","11":"instock","12":"purchasable","13":"product-type-simple"},"_links":{"self":[{"href":"https:\/\/baldumarket.lt\/lt\/wp-json\/wp\/v2\/product\/85607","targetHints":{"allow":["GET"]}}],"collection":[{"href":"https:\/\/baldumarket.lt\/lt\/wp-json\/wp\/v2\/product"}],"about":[{"href":"https:\/\/baldumarket.lt\/lt\/wp-json\/wp\/v2\/types\/product"}],"replies":[{"embeddable":true,"href":"https:\/\/baldumarket.lt\/lt\/wp-json\/wp\/v2\/comments?post=85607"}],"wp:featuredmedia":[{"embeddable":true,"href":"https:\/\/baldumarket.lt\/lt\/wp-json\/wp\/v2\/media\/85604"}],"wp:attachment":[{"href":"https:\/\/baldumarket.lt\/lt\/wp-json\/wp\/v2\/media?parent=85607"}],"wp:term":[{"taxonomy":"product_brand","embeddable":true,"href":"https:\/\/baldumarket.lt\/lt\/wp-json\/wp\/v2\/product_brand?post=85607"},{"taxonomy":"product_cat","embeddable":true,"href":"https:\/\/baldumarket.lt\/lt\/wp-json\/wp\/v2\/product_cat?post=85607"},{"taxonomy":"product_tag","embeddable":true,"href":"https:\/\/baldumarket.lt\/lt\/wp-json\/wp\/v2\/product_tag?post=85607"}],"curies":[{"name":"wp","href":"https:\/\/api.w.org\/{rel}","templated":true}]}}