{"id":85599,"date":"2025-12-04T23:50:39","date_gmt":"2025-12-04T20:50:39","guid":{"rendered":"https:\/\/baldumarket.lt\/product\/toaletka-sosnowa-rustikal-lt706-sosna-bezbarwny-wosk\/"},"modified":"2026-02-04T00:22:07","modified_gmt":"2026-02-03T21:22:07","slug":"toaletka-sosnowa-rustikal-lt706-sosna-bezbarwny-wosk","status":"publish","type":"product","link":"https:\/\/baldumarket.lt\/lt\/product\/toaletka-sosnowa-rustikal-lt706-sosna-bezbarwny-wosk\/","title":{"rendered":"Pu\u0161inis tualetinis staliukas RUSTIKAL LT706, pu\u0161ies, bespalvio va\u0161ko imitacija"},"content":{"rendered":"<p>Va\u0161kuotas tualetinis staliukas LT706. Sukurtas kaimi\u0161ku stiliumi, jis pagamintas vien i\u0161 tvirtos pu\u0161ies medienos. Tualetinis staliukas turi didel\u012f, oval\u0173 veidrod\u012f su reguliuojamu pasvirimu ir du patogius stal\u010dius kosmetikai ir nieku\u010diams, pritvirtintus ant medini\u0173 b\u0117geli\u0173. Jo konstrukcijoje buvo panaudotos rank\u0173 darbo metalin\u0117s detal\u0117s. Tualetinis staliukas yra labai asmeni\u0161ka erdv\u0117, puikiai tinkanti m\u0117gstamai kosmetikai eksponuoti, o stal\u010diai taip pat gali b\u016bti naudojami kitiems nieku\u010diams. Jis tikrai gali b\u016bti dekoratyvinis elementas bet kuriame miegamajame \u2013 bet kokio stiliaus. \u0160is baldas, primenantis ra\u0161om\u0105j\u012f stal\u0105 ar konsolin\u012f staliuk\u0105, prie kurio galite s\u0117d\u0117ti ir pasida\u017eyti ar atlikti vakaro gro\u017eio ritualus, kai kuriems gali b\u016bti u\u017egaida, ta\u010diau kitiems jis bus nepakei\u010diamas bet kokio interjero papildymas. Matomas medienos ra\u0161tas i\u0161ry\u0161kina nat\u016bralios medienos gro\u017e\u012f. LT706 suteiks bet kokiam interjerui unikali\u0105 atmosfer\u0105, kupin\u0105 \u0161ilumos ir jaukios atmosferos. Baldai padengti nat\u016braliu bi\u010di\u0173 va\u0161ku, kuris sukuria apsaugin\u012f sluoksn\u012f nuo dr\u0117gm\u0117s ir kartu maitina medien\u0105. Va\u0161kavimo procesas pary\u0161kina nat\u016brali\u0105 medienos ra\u0161t\u0105 ir pagilina jos nat\u016brali\u0105 spalv\u0105. Bi\u010di\u0173 va\u0161kas yra nat\u016bralus produktas, tod\u0117l va\u0161kuoti baldai pasi\u017eymi antistatin\u0117mis savyb\u0117mis, ma\u017einan\u010diomis dulki\u0173 kaupim\u0105si. Papildomas va\u0161kuot\u0173 bald\u0173 privalumas \u2013 \u0161ilkiniai lygus pavir\u0161ius ir malonus nat\u016bralaus med\u017eio aromatas.<\/p>\n<p>Sveikos medienos tekst\u016bros i\u0161saugojimas yra b\u016btinas va\u0161kuot\u0173 bald\u0173 ilgaam\u017ei\u0161kumui. Skyriuje \u201cVa\u0161kuot\u0173 bald\u0173 prie\u017ei\u016bra ir naudojimas\u201d rasite verting\u0173 patarim\u0173, kaip pri\u017ei\u016br\u0117ti \u201eRustikal\u201c kolekcijos baldus.<\/p>","protected":false},"excerpt":{"rendered":"<p>Va\u0161kuotas tualetinis staliukas LT706. Sukurtas kaimi\u0161ko stiliaus, jis pagamintas i\u0161 tvirtos pu\u0161ies medienos. Tualetinis staliukas turi didel\u012f, oval\u0173 veidrod\u012f su reguliuojamu pakreipimu ir du patogius stal\u010dius kosmetikai ir nieku\u010diams, pritvirtintus ant medini\u0173 b\u0117geli\u0173. Jo konstrukcijoje buvo panaudotos rank\u0173 darbo metalin\u0117s detal\u0117s. Tualetinis staliukas yra labai asmeni\u0161kas [\u2026]<\/p>","protected":false},"featured_media":85593,"comment_status":"open","ping_status":"open","template":"","meta":[],"product_brand":[],"product_cat":[9317,1237,2113],"product_tag":[],"class_list":{"0":"post-85599","1":"product","2":"type-product","3":"status-publish","4":"has-post-thumbnail","6":"product_cat-collection-rustikal-drewmax","7":"product_cat-dressing-tables","8":"product_cat-drewmax","10":"first","11":"instock","12":"purchasable","13":"product-type-simple"},"_links":{"self":[{"href":"https:\/\/baldumarket.lt\/lt\/wp-json\/wp\/v2\/product\/85599","targetHints":{"allow":["GET"]}}],"collection":[{"href":"https:\/\/baldumarket.lt\/lt\/wp-json\/wp\/v2\/product"}],"about":[{"href":"https:\/\/baldumarket.lt\/lt\/wp-json\/wp\/v2\/types\/product"}],"replies":[{"embeddable":true,"href":"https:\/\/baldumarket.lt\/lt\/wp-json\/wp\/v2\/comments?post=85599"}],"wp:featuredmedia":[{"embeddable":true,"href":"https:\/\/baldumarket.lt\/lt\/wp-json\/wp\/v2\/media\/85593"}],"wp:attachment":[{"href":"https:\/\/baldumarket.lt\/lt\/wp-json\/wp\/v2\/media?parent=85599"}],"wp:term":[{"taxonomy":"product_brand","embeddable":true,"href":"https:\/\/baldumarket.lt\/lt\/wp-json\/wp\/v2\/product_brand?post=85599"},{"taxonomy":"product_cat","embeddable":true,"href":"https:\/\/baldumarket.lt\/lt\/wp-json\/wp\/v2\/product_cat?post=85599"},{"taxonomy":"product_tag","embeddable":true,"href":"https:\/\/baldumarket.lt\/lt\/wp-json\/wp\/v2\/product_tag?post=85599"}],"curies":[{"name":"wp","href":"https:\/\/api.w.org\/{rel}","templated":true}]}}