{"id":85587,"date":"2025-12-04T23:50:26","date_gmt":"2025-12-04T20:50:26","guid":{"rendered":"https:\/\/baldumarket.lt\/product\/witryna-sosnowa-rustikal-kw700-sosna-brunatny-wosk\/"},"modified":"2026-02-04T00:22:09","modified_gmt":"2026-02-03T21:22:09","slug":"witryna-sosnowa-rustikal-kw700-sosna-brunatny-wosk","status":"publish","type":"product","link":"https:\/\/baldumarket.lt\/lt\/product\/witryna-sosnowa-rustikal-kw700-sosna-brunatny-wosk\/","title":{"rendered":"Pu\u0161in\u0117 vitrina RUSTIKAL KW700 pu\u0161ies rudas va\u0161kas"},"content":{"rendered":"<p>Va\u0161kuota vyno vitrina KW700, sukurta kaimi\u0161ko stiliaus ir pagaminta vien i\u0161 pu\u0161ies masyvo, yra atvira ir sudaryta i\u0161 dviej\u0173 pagrindini\u0173 dali\u0173. Apatin\u0117je dalyje yra angos, tinkamos laikyti iki 24 vyno buteli\u0173. Vir\u0161utin\u0117je dalyje yra special\u016bs laikikliai taur\u0117ms pakabinti. Vitrinoje taip pat yra i\u0161traukiama lentyna, kad b\u016bt\u0173 lengva patiekti. Po lentyna sumontuotas stal\u010dius ant medini\u0173 b\u0117geli\u0173, puikiai tinkantis laikyti smulkius vyno aksesuarus, tokius kaip kam\u0161\u010diatraukiai, folijos pjaustytuvai ar kam\u0161\u010diai. Spintel\u0117 pasi\u017eymi patvaria ir tvirta konstrukcija. Jos konstrukcijoje panaudotos rank\u0173 darbo metalin\u0117s rankenos ir vyriai su sendinta apdaila. KW700 vitrina yra labai prakti\u0161kas sprendimas ir eleganti\u0161kas bet kokio interjero papildymas. Jos funkcionalumas labai palengvina vyno laikym\u0105.<\/p>\n<p>Spintel\u0117 padengta nat\u016braliu bi\u010di\u0173 va\u0161ku, kuris sukuria apsaugin\u012f sluoksn\u012f nuo dr\u0117gm\u0117s ir kartu apsaugo medien\u0105. Va\u0161kavimo procesas i\u0161ry\u0161kina nat\u016brali\u0105 medienos tekst\u016br\u0105 ir pagilina nat\u016brali\u0105 jos spalv\u0105. Bi\u010di\u0173 va\u0161kas yra nat\u016bralus produktas, tod\u0117l va\u0161kuoti baldai \u012fgauna antistatini\u0173 savybi\u0173 \u2013 suma\u017eina dulki\u0173 kaupim\u0105si. Papildomas va\u0161kuot\u0173 bald\u0173 privalumas \u2013 \u0161ilkinis lygus pavir\u0161ius ir malonus nat\u016bralus medienos aromatas.<\/p>\n<p>Sveikos medienos tekst\u016bros i\u0161saugojimas yra b\u016btinas va\u0161kuot\u0173 bald\u0173 ilgaam\u017ei\u0161kumui. Skyriuje \u201cVa\u0161kuot\u0173 bald\u0173 prie\u017ei\u016bra ir naudojimas\u201d rasite verting\u0173 patarim\u0173, kaip pri\u017ei\u016br\u0117ti \u201eRustikal\u201c kolekcijos baldus.<\/p>","protected":false},"excerpt":{"rendered":"<p>KW700 va\u0161kuota vyno vitrina, sukurta kaimi\u0161ko stiliaus ir pagaminta vien i\u0161 pu\u0161ies masyvo, yra atvira ir sudaryta i\u0161 dviej\u0173 pagrindini\u0173 dali\u0173. Apatin\u0117je dalyje yra angos, tinkamos laikyti iki 24 vyno buteli\u0173. Vir\u0161utin\u0117je dalyje yra special\u016bs laikikliai taur\u0117ms pakabinti. Vitrinoje taip pat yra i\u0161traukiama [\u2026]<\/p>","protected":false},"featured_media":85584,"comment_status":"open","ping_status":"open","template":"","meta":[],"product_brand":[],"product_cat":[9317,2113,2006],"product_tag":[],"class_list":{"0":"post-85587","1":"product","2":"type-product","3":"status-publish","4":"has-post-thumbnail","6":"product_cat-collection-rustikal-drewmax","7":"product_cat-drewmax","8":"product_cat-vitrines","10":"first","11":"instock","12":"purchasable","13":"product-type-simple"},"_links":{"self":[{"href":"https:\/\/baldumarket.lt\/lt\/wp-json\/wp\/v2\/product\/85587","targetHints":{"allow":["GET"]}}],"collection":[{"href":"https:\/\/baldumarket.lt\/lt\/wp-json\/wp\/v2\/product"}],"about":[{"href":"https:\/\/baldumarket.lt\/lt\/wp-json\/wp\/v2\/types\/product"}],"replies":[{"embeddable":true,"href":"https:\/\/baldumarket.lt\/lt\/wp-json\/wp\/v2\/comments?post=85587"}],"wp:featuredmedia":[{"embeddable":true,"href":"https:\/\/baldumarket.lt\/lt\/wp-json\/wp\/v2\/media\/85584"}],"wp:attachment":[{"href":"https:\/\/baldumarket.lt\/lt\/wp-json\/wp\/v2\/media?parent=85587"}],"wp:term":[{"taxonomy":"product_brand","embeddable":true,"href":"https:\/\/baldumarket.lt\/lt\/wp-json\/wp\/v2\/product_brand?post=85587"},{"taxonomy":"product_cat","embeddable":true,"href":"https:\/\/baldumarket.lt\/lt\/wp-json\/wp\/v2\/product_cat?post=85587"},{"taxonomy":"product_tag","embeddable":true,"href":"https:\/\/baldumarket.lt\/lt\/wp-json\/wp\/v2\/product_tag?post=85587"}],"curies":[{"name":"wp","href":"https:\/\/api.w.org\/{rel}","templated":true}]}}