{"id":85577,"date":"2025-12-04T23:50:09","date_gmt":"2025-12-04T20:50:09","guid":{"rendered":"https:\/\/baldumarket.lt\/product\/witryna-sosnowa-rustikal-kw701-lewa-sosna-biala-patyna\/"},"modified":"2026-02-04T00:22:11","modified_gmt":"2026-02-03T21:22:11","slug":"witryna-sosnowa-rustikal-kw701-lewa-sosna-biala-patyna","status":"publish","type":"product","link":"https:\/\/baldumarket.lt\/lt\/product\/witryna-sosnowa-rustikal-kw701-lewa-sosna-biala-patyna\/","title":{"rendered":"Pu\u0161in\u0117 vitrina RUSTIKAL KW701 KAIR\u0116, balta pu\u0161is, patina"},"content":{"rendered":"<p>Va\u0161kuota KW701 vitrina SLIM versijos, sukurta kaimi\u0161ko stiliaus, pagaminta i\u0161 tvirtos pu\u0161ies medienos. U\u017e vien\u0173 stiklini\u0173 dureli\u0173 yra trys lentynos, puikiai tinkan\u010dios laikyti piet\u0173 servizus, papuo\u0161alus, suvenyrus ar knygas. Apatin\u0117je spintel\u0117s dalyje yra vienas stal\u010dius ant medini\u0173 b\u0117geli\u0173. Spintel\u0117 pasi\u017eymi patvaria ir tvirta konstrukcija. Jos gamyboje panaudotos rank\u0173 darbo metalin\u0117s rankenos ir vyriai su sendinto ra\u0161to efektu. KW701 vitrina bet kokiam interjerui suteiks unikalios atmosferos, kupinos \u0161ilumos ir \u0161eimyni\u0161kos atmosferos. Jos funkcionalumas labai palengvins daikt\u0173 laikym\u0105.<\/p>\n<p>KW801 STANDARTIN\u0116 Vitrina (KAIR\u0116)<\/p>\n<p>Spintel\u0117 padengta nat\u016braliu bi\u010di\u0173 va\u0161ku, kuris sukuria apsaugin\u012f sluoksn\u012f nuo dr\u0117gm\u0117s ir kartu kondicionuoja medien\u0105. Va\u0161kavimo procesas pary\u0161kina nat\u016brali\u0105 medienos tekst\u016br\u0105 ir pagilina nat\u016brali\u0105 jos spalv\u0105. Bi\u010di\u0173 va\u0161kas yra nat\u016bralus produktas, tod\u0117l va\u0161kuoti baldai \u012fgauna antistatini\u0173 savybi\u0173 \u2013 suma\u017eina dulki\u0173 kaupim\u0105si. Papildomas va\u0161kuot\u0173 bald\u0173 privalumas \u2013 \u0161ilkinis lygus pavir\u0161ius ir malonus nat\u016bralus medienos aromatas.<\/p>\n<p>Sveikos medienos strukt\u016bros i\u0161saugojimas yra b\u016btinas va\u0161kuot\u0173 bald\u0173 ilgaam\u017ei\u0161kumui. Skirtuke \u201cVa\u0161kuot\u0173 bald\u0173 prie\u017ei\u016bra ir naudojimas\u201d rasite verting\u0173 patarim\u0173, kaip pri\u017ei\u016br\u0117ti \u201eRustykal\u201c kolekcijos baldus.<\/p>","protected":false},"excerpt":{"rendered":"<p>Va\u0161kuota KW701 vitrina SLIM versijoje, sukurta kaimi\u0161ko stiliaus, pagaminta i\u0161 tvirtos pu\u0161ies medienos. U\u017e vien\u0173 stiklini\u0173 dureli\u0173 yra trys lentynos, puikiai tinkan\u010dios laikyti piet\u0173 servizus, papuo\u0161alus, suvenyrus ar knygas. Apatin\u0117je spintel\u0117s dalyje yra vienas stal\u010dius ant medini\u0173 b\u0117geli\u0173. Spintel\u0117 pasi\u017eymi patvariu [\u2026]<\/p>","protected":false},"featured_media":85314,"comment_status":"open","ping_status":"open","template":"","meta":[],"product_brand":[],"product_cat":[9317,2113,2006],"product_tag":[],"class_list":{"0":"post-85577","1":"product","2":"type-product","3":"status-publish","4":"has-post-thumbnail","6":"product_cat-collection-rustikal-drewmax","7":"product_cat-drewmax","8":"product_cat-vitrines","10":"first","11":"instock","12":"purchasable","13":"product-type-simple"},"_links":{"self":[{"href":"https:\/\/baldumarket.lt\/lt\/wp-json\/wp\/v2\/product\/85577","targetHints":{"allow":["GET"]}}],"collection":[{"href":"https:\/\/baldumarket.lt\/lt\/wp-json\/wp\/v2\/product"}],"about":[{"href":"https:\/\/baldumarket.lt\/lt\/wp-json\/wp\/v2\/types\/product"}],"replies":[{"embeddable":true,"href":"https:\/\/baldumarket.lt\/lt\/wp-json\/wp\/v2\/comments?post=85577"}],"wp:featuredmedia":[{"embeddable":true,"href":"https:\/\/baldumarket.lt\/lt\/wp-json\/wp\/v2\/media\/85314"}],"wp:attachment":[{"href":"https:\/\/baldumarket.lt\/lt\/wp-json\/wp\/v2\/media?parent=85577"}],"wp:term":[{"taxonomy":"product_brand","embeddable":true,"href":"https:\/\/baldumarket.lt\/lt\/wp-json\/wp\/v2\/product_brand?post=85577"},{"taxonomy":"product_cat","embeddable":true,"href":"https:\/\/baldumarket.lt\/lt\/wp-json\/wp\/v2\/product_cat?post=85577"},{"taxonomy":"product_tag","embeddable":true,"href":"https:\/\/baldumarket.lt\/lt\/wp-json\/wp\/v2\/product_tag?post=85577"}],"curies":[{"name":"wp","href":"https:\/\/api.w.org\/{rel}","templated":true}]}}