{"id":85539,"date":"2025-12-04T23:49:10","date_gmt":"2025-12-04T20:49:10","guid":{"rendered":"https:\/\/baldumarket.lt\/product\/witryna-sosnowa-rustikal-kw703-sosna-antyczna-biel\/"},"modified":"2026-02-04T00:22:17","modified_gmt":"2026-02-03T21:22:17","slug":"witryna-sosnowa-rustikal-kw703-sosna-antyczna-biel","status":"publish","type":"product","link":"https:\/\/baldumarket.lt\/lt\/product\/witryna-sosnowa-rustikal-kw703-sosna-antyczna-biel\/","title":{"rendered":"Pu\u0161in\u0117 vitrina RUSTIKAL KW703 antikvarin\u0117 pu\u0161is balta"},"content":{"rendered":"<p>Dviej\u0173 dur\u0173 va\u0161kuota vitrina SLIM versijos KW703, sukurta kaimi\u0161ko stiliaus, pagaminta i\u0161 pu\u0161ies masyvo. Durys padalintos \u012f stiklin\u0119 ir \u012fmontuot\u0105 dalis, tod\u0117l yra universalesn\u0117s. U\u017e dur\u0173 yra keturios lentynos. Vitrina puikiai tinka laikyti piet\u0173 servizus, papuo\u0161alus, suvenyrus ar knygas. Baldai yra patvarios ir tvirtos konstrukcijos. J\u0173 gamyboje buvo naudojamos rank\u0173 darbo metalin\u0117s rankenos ir vyriai su sendinto ra\u0161to efektu. KW703 vitrina bet kokiam interjerui suteiks unikalios atmosferos, \u0161ilumos ir \u0161eimyni\u0161kos atmosferos. Jos funkcionalumas labai palengvins daikt\u0173 laikym\u0105.<\/p>\n<p>KW803 STANDARTIN\u0116 vitrina<\/p>\n<p>Baldai padengti nat\u016braliu bi\u010di\u0173 va\u0161ku, kuris sukuria apsaugin\u012f sluoksn\u012f nuo dr\u0117gm\u0117s ir kartu kondicionuoja medien\u0105. Va\u0161kavimas i\u0161ry\u0161kina nat\u016brali\u0105 medienos tekst\u016br\u0105 ir pagilina nat\u016brali\u0105 jos spalv\u0105. Bi\u010di\u0173 va\u0161kas yra nat\u016bralus produktas, tod\u0117l va\u0161kuoti baldai \u012fgauna antistatini\u0173 savybi\u0173 \u2013 suma\u017eina dulki\u0173 kaupim\u0105si. Papildomas va\u0161kuot\u0173 bald\u0173 privalumas \u2013 \u0161ilkinis lygus pavir\u0161ius ir malonus nat\u016bralus medienos aromatas.<\/p>\n<p>Sveikos medienos strukt\u016bros i\u0161saugojimas yra b\u016btinas va\u0161kuot\u0173 bald\u0173 ilgaam\u017ei\u0161kumui. Skyriuje \u201cVa\u0161kuot\u0173 bald\u0173 prie\u017ei\u016bra ir naudojimas\u201d rasite verting\u0173 patarim\u0173, kaip pri\u017ei\u016br\u0117ti \u201eRustikal\u201c kolekcijos baldus.<\/p>","protected":false},"excerpt":{"rendered":"<p>Dviej\u0173 dur\u0173 va\u0161kuota vitrina \u201eSLIM\u201c versijoje, sukurta kaimi\u0161ko stiliaus, pagaminta i\u0161 pu\u0161ies masyvo. Durys yra padalintos \u012f stiklin\u0119 ir \u012fmontuot\u0105 dalis, tod\u0117l yra universalesn\u0117s. U\u017e dur\u0173 yra keturios lentynos. Vitrina puikiai tinka laikyti piet\u0173 servizus, papuo\u0161alus, suvenyrus ar knygas. [\u2026]<\/p>","protected":false},"featured_media":85286,"comment_status":"open","ping_status":"open","template":"","meta":[],"product_brand":[],"product_cat":[9317,2113,2006],"product_tag":[],"class_list":{"0":"post-85539","1":"product","2":"type-product","3":"status-publish","4":"has-post-thumbnail","6":"product_cat-collection-rustikal-drewmax","7":"product_cat-drewmax","8":"product_cat-vitrines","10":"first","11":"instock","12":"purchasable","13":"product-type-simple"},"_links":{"self":[{"href":"https:\/\/baldumarket.lt\/lt\/wp-json\/wp\/v2\/product\/85539","targetHints":{"allow":["GET"]}}],"collection":[{"href":"https:\/\/baldumarket.lt\/lt\/wp-json\/wp\/v2\/product"}],"about":[{"href":"https:\/\/baldumarket.lt\/lt\/wp-json\/wp\/v2\/types\/product"}],"replies":[{"embeddable":true,"href":"https:\/\/baldumarket.lt\/lt\/wp-json\/wp\/v2\/comments?post=85539"}],"wp:featuredmedia":[{"embeddable":true,"href":"https:\/\/baldumarket.lt\/lt\/wp-json\/wp\/v2\/media\/85286"}],"wp:attachment":[{"href":"https:\/\/baldumarket.lt\/lt\/wp-json\/wp\/v2\/media?parent=85539"}],"wp:term":[{"taxonomy":"product_brand","embeddable":true,"href":"https:\/\/baldumarket.lt\/lt\/wp-json\/wp\/v2\/product_brand?post=85539"},{"taxonomy":"product_cat","embeddable":true,"href":"https:\/\/baldumarket.lt\/lt\/wp-json\/wp\/v2\/product_cat?post=85539"},{"taxonomy":"product_tag","embeddable":true,"href":"https:\/\/baldumarket.lt\/lt\/wp-json\/wp\/v2\/product_tag?post=85539"}],"curies":[{"name":"wp","href":"https:\/\/api.w.org\/{rel}","templated":true}]}}