{"id":85530,"date":"2025-12-04T23:48:55","date_gmt":"2025-12-04T20:48:55","guid":{"rendered":"https:\/\/baldumarket.lt\/product\/witryna-sosnowa-rustikal-kw705-sosna-biala-patyna\/"},"modified":"2026-02-04T00:22:20","modified_gmt":"2026-02-03T21:22:20","slug":"witryna-sosnowa-rustikal-kw705-sosna-biala-patyna","status":"publish","type":"product","link":"https:\/\/baldumarket.lt\/lt\/product\/witryna-sosnowa-rustikal-kw705-sosna-biala-patyna\/","title":{"rendered":"Pu\u0161in\u0117 vitrina RUSTIKAL KW705 balta pu\u0161is, patina"},"content":{"rendered":"<p>Va\u0161kuota KW705 SLIM vitrina\/indauja yra sukurta kaimi\u0161ko stiliaus ir pagaminta vien i\u0161 tvirtos pu\u0161ies medienos. J\u0105 sudaro du pagrindiniai elementai: komoda ir vir\u0161utinis blokas. Dvidur\u0117s komodos viduje yra lentyna, besit\u0119sianti per vis\u0105 jos ilg\u012f. Po vir\u0161utiniu bloku yra du stal\u010diai, kurie i\u0161stumdomi mediniais b\u0117geliais. Vir\u0161utin\u012f blok\u0105 sudaro dvejos \u012fstiklintos i\u0161orin\u0117s durys, u\u017e kuri\u0173 yra lentyna. Vir\u0161utinis blokas apdailintas paprastu kar\u016bn\u0117liu. \u0160is baldas yra patvarios ir tvirtos konstrukcijos. Jo gamyboje buvo naudojamos rank\u0173 darbo metalin\u0117s rankenos ir vyriai su sendinto efekto efektu. Vitrina\/indauja neb\u016btinai turi b\u016bti siejama tik su virtuve. Ji gali b\u016bti \u012fkomponuota \u012f bet kur\u012f kambar\u012f. Svetain\u0117je ji gali tarnauti kaip baras, valgomajame \u2013 stalo \u012frankiai ir indai, o miegamajame \u2013 patalyn\u0117 ir rank\u0161luos\u010diai. KW705 vitrina\/indauja bet kokiam interjerui suteiks unikali\u0105, \u0161ilumos ir \u0161eimos atmosferos kupin\u0105 atmosfer\u0105. D\u0117l savo funkcionalumo daiktus laikyti bus daug lengviau.<\/p>\n<p>Standartin\u0117 vitrina KW805<\/p>\n<p>\u0160is baldas padengtas nat\u016braliu bi\u010di\u0173 va\u0161ku, kuris sukuria apsaugin\u012f sluoksn\u012f nuo dr\u0117gm\u0117s ir kartu maitina medien\u0105. Va\u0161kavimo procesas i\u0161ry\u0161kina nat\u016brali\u0105 medienos tekst\u016br\u0105 ir pagilina nat\u016brali\u0105 jos spalv\u0105. Bi\u010di\u0173 va\u0161kas yra nat\u016bralus produktas, tod\u0117l va\u0161kuoti baldai pasi\u017eymi antistatin\u0117mis savyb\u0117mis, ma\u017einan\u010diomis dulki\u0173 kaupim\u0105si. Papildomas va\u0161kuot\u0173 bald\u0173 privalumas \u2013 \u0161ilkiniai lygus pavir\u0161ius ir malonus nat\u016bralus medienos aromatas.<\/p>\n<p>Sveikos medienos tekst\u016bros i\u0161saugojimas yra b\u016btinas va\u0161kuot\u0173 bald\u0173 ilgaam\u017ei\u0161kumui. Skyriuje \u201cVa\u0161kuot\u0173 bald\u0173 prie\u017ei\u016bra ir naudojimas\u201d rasite verting\u0173 patarim\u0173, kaip pri\u017ei\u016br\u0117ti \u201eRustikal\u201c kolekcijos baldus.<\/p>","protected":false},"excerpt":{"rendered":"<p>Va\u0161kuota KW705 SLIM vitrina\/indauja yra sukurta kaimi\u0161ko stiliaus ir pagaminta vien i\u0161 tvirtos pu\u0161ies medienos. J\u0105 sudaro du pagrindiniai elementai: komoda ir stalvir\u0161is. Dvidur\u0117s komodos viduje yra lentyna, besit\u0119sianti per vis\u0105 jos ilg\u012f. Po stalvir\u0161iu yra du i\u0161traukiami stal\u010diai [\u2026]<\/p>","protected":false},"featured_media":85270,"comment_status":"open","ping_status":"open","template":"","meta":[],"product_brand":[],"product_cat":[9317,2113,2006],"product_tag":[],"class_list":{"0":"post-85530","1":"product","2":"type-product","3":"status-publish","4":"has-post-thumbnail","6":"product_cat-collection-rustikal-drewmax","7":"product_cat-drewmax","8":"product_cat-vitrines","10":"first","11":"instock","12":"purchasable","13":"product-type-simple"},"_links":{"self":[{"href":"https:\/\/baldumarket.lt\/lt\/wp-json\/wp\/v2\/product\/85530","targetHints":{"allow":["GET"]}}],"collection":[{"href":"https:\/\/baldumarket.lt\/lt\/wp-json\/wp\/v2\/product"}],"about":[{"href":"https:\/\/baldumarket.lt\/lt\/wp-json\/wp\/v2\/types\/product"}],"replies":[{"embeddable":true,"href":"https:\/\/baldumarket.lt\/lt\/wp-json\/wp\/v2\/comments?post=85530"}],"wp:featuredmedia":[{"embeddable":true,"href":"https:\/\/baldumarket.lt\/lt\/wp-json\/wp\/v2\/media\/85270"}],"wp:attachment":[{"href":"https:\/\/baldumarket.lt\/lt\/wp-json\/wp\/v2\/media?parent=85530"}],"wp:term":[{"taxonomy":"product_brand","embeddable":true,"href":"https:\/\/baldumarket.lt\/lt\/wp-json\/wp\/v2\/product_brand?post=85530"},{"taxonomy":"product_cat","embeddable":true,"href":"https:\/\/baldumarket.lt\/lt\/wp-json\/wp\/v2\/product_cat?post=85530"},{"taxonomy":"product_tag","embeddable":true,"href":"https:\/\/baldumarket.lt\/lt\/wp-json\/wp\/v2\/product_tag?post=85530"}],"curies":[{"name":"wp","href":"https:\/\/api.w.org\/{rel}","templated":true}]}}