{"id":85520,"date":"2025-12-04T23:48:42","date_gmt":"2025-12-04T20:48:42","guid":{"rendered":"https:\/\/baldumarket.lt\/product\/witryna-sosnowa-rustikal-kw707-sosna-bezbarwny-wosk\/"},"modified":"2026-02-04T00:22:23","modified_gmt":"2026-02-03T21:22:23","slug":"witryna-sosnowa-rustikal-kw707-sosna-bezbarwny-wosk","status":"publish","type":"product","link":"https:\/\/baldumarket.lt\/lt\/product\/witryna-sosnowa-rustikal-kw707-sosna-bezbarwny-wosk\/","title":{"rendered":"Pu\u0161in\u0117 vitrina RUSTIKAL KW707 pu\u0161is bespalvis va\u0161kas"},"content":{"rendered":"<p>Va\u0161kuota KW707 vitrina\/indauja SLIM versijos, sukurta kaimi\u0161ko stiliaus, pagaminta i\u0161 tvirtos pu\u0161ies medienos. J\u0105 sudaro du pagrindiniai elementai: komoda ir vir\u0161utinis blokas. Trij\u0173 dur\u0173 komodos viduje rasite lentyn\u0105, einan\u010di\u0105 per vis\u0105 spintel\u0117s ilg\u012f. Po vir\u0161utiniu bloku yra trys stal\u010diai, kurie i\u0161stumdomi medin\u0117mis b\u0117gel\u0117mis. Vir\u0161utin\u012f blok\u0105 sudaro dvejos \u012fstiklintos i\u0161orin\u0117s durys (kiekvienose yra po dvi lentynas viduje). Tarp dur\u0173 yra viena lentyna, o po ja \u2013 du ma\u017ei stal\u010diai. Vir\u0161utinis blokas apdailintas pusiau arkos formos kar\u016bna, o apatinis \u2013 banguota juostele. \u0160is baldas yra patvarios ir tvirtos konstrukcijos. Jo gamyboje buvo naudojamos rank\u0173 darbo metalin\u0117s rankenos ir vyriai su sendinto med\u017eio efektu. Vitrina\/indauja neb\u016btinai turi b\u016bti siejama tik su virtuve. J\u0105 galima \u012fkomponuoti \u012f bet kur\u012f kambar\u012f. Svetain\u0117je ji gali tarnauti kaip baras, valgomajame \u2013 stalo \u012frankiams ir indams laikyti, o miegamajame \u2013 patalynei ir rank\u0161luos\u010diams laikyti. KW707 vitrina\/indauja bet kokiam interjerui suteiks unikalios, \u0161ilumos ir \u0161eimos atmosferos kupinos atmosferos. Jos funkcionalumas labai palengvins daikt\u0173 laikym\u0105.<\/p>\n<p>STANDARTIN\u0116 vitrina KW807<\/p>\n<p>\u0160is baldas padengtas nat\u016braliu bi\u010di\u0173 va\u0161ku, kuris sukuria apsaugin\u012f sluoksn\u012f nuo dr\u0117gm\u0117s ir kartu maitina medien\u0105. Va\u0161kavimo procesas i\u0161ry\u0161kina nat\u016brali\u0105 medienos tekst\u016br\u0105 ir pagilina nat\u016brali\u0105 jos spalv\u0105. Bi\u010di\u0173 va\u0161kas yra nat\u016bralus produktas, tod\u0117l va\u0161kuoti baldai pasi\u017eymi antistatin\u0117mis savyb\u0117mis \u2013 suma\u017eina dulki\u0173 kaupim\u0105si. Papildomas va\u0161kuot\u0173 bald\u0173 privalumas \u2013 \u0161ilkinis lygus pavir\u0161ius ir malonus nat\u016bralios medienos aromatas.<\/p>\n<p>Sveikos medienos strukt\u016bros palaikymas yra b\u016btinas va\u0161kuot\u0173 bald\u0173 ilgaam\u017ei\u0161kumui. Skyriuje \u201cVa\u0161kuot\u0173 bald\u0173 prie\u017ei\u016bra ir naudojimas\u201d rasite verting\u0173 patarim\u0173, kaip pri\u017ei\u016br\u0117ti \u201eRustikal\u201c kolekcijos baldus.<\/p>","protected":false},"excerpt":{"rendered":"<p>Va\u0161kuota KW707 vitrina\/indauja SLIM versijos, sukurta kaimi\u0161ko stiliaus, pagaminta i\u0161 tvirtos pu\u0161ies medienos. J\u0105 sudaro du pagrindiniai elementai: komoda ir stal\u010dius. Trij\u0173 dureli\u0173 komodos viduje rasite lentyn\u0105, einan\u010di\u0105 per vis\u0105 spintel\u0117s ilg\u012f. Po stal\u010diumi yra trys [\u2026]<\/p>","protected":false},"featured_media":85246,"comment_status":"open","ping_status":"open","template":"","meta":[],"product_brand":[],"product_cat":[9317,2113,2006],"product_tag":[],"class_list":{"0":"post-85520","1":"product","2":"type-product","3":"status-publish","4":"has-post-thumbnail","6":"product_cat-collection-rustikal-drewmax","7":"product_cat-drewmax","8":"product_cat-vitrines","10":"first","11":"instock","12":"purchasable","13":"product-type-simple"},"_links":{"self":[{"href":"https:\/\/baldumarket.lt\/lt\/wp-json\/wp\/v2\/product\/85520","targetHints":{"allow":["GET"]}}],"collection":[{"href":"https:\/\/baldumarket.lt\/lt\/wp-json\/wp\/v2\/product"}],"about":[{"href":"https:\/\/baldumarket.lt\/lt\/wp-json\/wp\/v2\/types\/product"}],"replies":[{"embeddable":true,"href":"https:\/\/baldumarket.lt\/lt\/wp-json\/wp\/v2\/comments?post=85520"}],"wp:featuredmedia":[{"embeddable":true,"href":"https:\/\/baldumarket.lt\/lt\/wp-json\/wp\/v2\/media\/85246"}],"wp:attachment":[{"href":"https:\/\/baldumarket.lt\/lt\/wp-json\/wp\/v2\/media?parent=85520"}],"wp:term":[{"taxonomy":"product_brand","embeddable":true,"href":"https:\/\/baldumarket.lt\/lt\/wp-json\/wp\/v2\/product_brand?post=85520"},{"taxonomy":"product_cat","embeddable":true,"href":"https:\/\/baldumarket.lt\/lt\/wp-json\/wp\/v2\/product_cat?post=85520"},{"taxonomy":"product_tag","embeddable":true,"href":"https:\/\/baldumarket.lt\/lt\/wp-json\/wp\/v2\/product_tag?post=85520"}],"curies":[{"name":"wp","href":"https:\/\/api.w.org\/{rel}","templated":true}]}}