{"id":85385,"date":"2025-12-04T23:46:00","date_gmt":"2025-12-04T20:46:00","guid":{"rendered":"https:\/\/baldumarket.lt\/product\/witryna-sosnowa-rustikal-kw722-sosna-biala-patyna\/"},"modified":"2026-02-04T00:22:42","modified_gmt":"2026-02-03T21:22:42","slug":"witryna-sosnowa-rustikal-kw722-sosna-biala-patyna","status":"publish","type":"product","link":"https:\/\/baldumarket.lt\/lt\/product\/witryna-sosnowa-rustikal-kw722-sosna-biala-patyna\/","title":{"rendered":"Pu\u0161in\u0117 vitrina RUSTIKAL KW722 balta pu\u0161is, patina"},"content":{"rendered":"<p>Dvigubo va\u0161kavimo vitrina KW722, sukurta kaimi\u0161ko stiliaus, pagaminta i\u0161 tvirtos pu\u0161ies medienos. Vir\u0161utin\u0117je spintel\u0117s dalyje, u\u017e dvigubo stiklo dureli\u0173, yra dvi lentynos, puikiai tinkan\u010dios laikyti piet\u0173 servizus, papuo\u0161alus, suvenyrus ar knygas. Centrin\u0117je dalyje yra du stal\u010diai ant medini\u0173 b\u0117geli\u0173. Apatin\u0117je dalyje yra trys didesni stal\u010diai, apimantys vis\u0105 spintel\u0117s plot\u012f. Spintel\u0117 pasi\u017eymi patvaria ir tvirta konstrukcija. Jos gamyboje buvo panaudotos rank\u0173 darbo metalin\u0117s rankenos ir vyriai su sendinta apdaila. KW722 vitrina bet kokiam interjerui suteiks unikalios atmosferos, kupinos \u0161ilumos ir nam\u0173 atmosferos. Jos funkcionalumas labai palengvina daikt\u0173 laikym\u0105.<\/p>\n<p>Spintel\u0117 padengta nat\u016braliu bi\u010di\u0173 va\u0161ku, kuris sukuria apsaugin\u012f sluoksn\u012f nuo dr\u0117gm\u0117s ir kartu kondicionuoja medien\u0105. Va\u0161kavimo procesas pary\u0161kina nat\u016brali\u0105 medienos tekst\u016br\u0105 ir pagilina nat\u016brali\u0105 jos spalv\u0105. Bi\u010di\u0173 va\u0161kas yra nat\u016bralus produktas, tod\u0117l va\u0161kuoti baldai \u012fgauna antistatini\u0173 savybi\u0173 \u2013 suma\u017eina dulki\u0173 kaupim\u0105si. Papildomas va\u0161kuot\u0173 bald\u0173 privalumas \u2013 \u0161ilkinis lygus pavir\u0161ius ir malonus nat\u016bralus medienos aromatas.<\/p>\n<p>Sveikos medienos strukt\u016bros i\u0161saugojimas yra b\u016btinas va\u0161kuot\u0173 bald\u0173 ilgaam\u017ei\u0161kumui. Skirtuke \u201cVa\u0161kuot\u0173 bald\u0173 prie\u017ei\u016bra ir naudojimas\u201d rasite verting\u0173 patarim\u0173, kaip pri\u017ei\u016br\u0117ti \u201eRustykal\u201c kolekcijos baldus.<\/p>","protected":false},"excerpt":{"rendered":"<p>Dvigubo va\u0161ko imitacijos vitrina KW722, sukurta kaimi\u0161ku stiliumi, pagaminta i\u0161 tvirtos pu\u0161ies medienos. Vir\u0161utin\u0117je spintel\u0117s dalyje, u\u017e dvigubo stiklo dureli\u0173, yra dvi lentynos, puikiai tinkan\u010dios laikyti piet\u0173 servizus, papuo\u0161alus, suvenyrus ar knygas. Centrin\u0117je dalyje yra du stal\u010diai ant medini\u0173 b\u0117geli\u0173. Apatin\u0117je dalyje yra trys didesni [\u2026]<\/p>","protected":false},"featured_media":85380,"comment_status":"open","ping_status":"open","template":"","meta":[],"product_brand":[],"product_cat":[9317,2113,2006],"product_tag":[],"class_list":{"0":"post-85385","1":"product","2":"type-product","3":"status-publish","4":"has-post-thumbnail","6":"product_cat-collection-rustikal-drewmax","7":"product_cat-drewmax","8":"product_cat-vitrines","10":"first","11":"instock","12":"purchasable","13":"product-type-simple"},"_links":{"self":[{"href":"https:\/\/baldumarket.lt\/lt\/wp-json\/wp\/v2\/product\/85385","targetHints":{"allow":["GET"]}}],"collection":[{"href":"https:\/\/baldumarket.lt\/lt\/wp-json\/wp\/v2\/product"}],"about":[{"href":"https:\/\/baldumarket.lt\/lt\/wp-json\/wp\/v2\/types\/product"}],"replies":[{"embeddable":true,"href":"https:\/\/baldumarket.lt\/lt\/wp-json\/wp\/v2\/comments?post=85385"}],"wp:featuredmedia":[{"embeddable":true,"href":"https:\/\/baldumarket.lt\/lt\/wp-json\/wp\/v2\/media\/85380"}],"wp:attachment":[{"href":"https:\/\/baldumarket.lt\/lt\/wp-json\/wp\/v2\/media?parent=85385"}],"wp:term":[{"taxonomy":"product_brand","embeddable":true,"href":"https:\/\/baldumarket.lt\/lt\/wp-json\/wp\/v2\/product_brand?post=85385"},{"taxonomy":"product_cat","embeddable":true,"href":"https:\/\/baldumarket.lt\/lt\/wp-json\/wp\/v2\/product_cat?post=85385"},{"taxonomy":"product_tag","embeddable":true,"href":"https:\/\/baldumarket.lt\/lt\/wp-json\/wp\/v2\/product_tag?post=85385"}],"curies":[{"name":"wp","href":"https:\/\/api.w.org\/{rel}","templated":true}]}}