{"id":85051,"date":"2025-12-04T23:39:51","date_gmt":"2025-12-04T20:39:51","guid":{"rendered":"https:\/\/baldumarket.lt\/product\/zestaw-sanki-drewniane-ad322-d110-ad302-oparcie-drewniane-ad300-sznurek-buk-naturalny\/"},"modified":"2026-02-04T00:23:23","modified_gmt":"2026-02-03T21:23:23","slug":"zestaw-sanki-drewniane-ad322-d110-ad302-oparcie-drewniane-ad300-sznurek-buk-naturalny","status":"publish","type":"product","link":"https:\/\/baldumarket.lt\/lt\/product\/zestaw-sanki-drewniane-ad322-d110-ad302-oparcie-drewniane-ad300-sznurek-buk-naturalny\/","title":{"rendered":"Medini\u0173 rogu\u010di\u0173 komplektas AD322 D110 + medinis atlo\u0161as AD302 + nat\u016bralaus buko virvel\u0117 AD300"},"content":{"rendered":"<p>AD322 D110 medini\u0173 rogi\u0173 komplektas + AD302 medinis atlo\u0161as + AD300 virv\u0117<br \/>\n\u0160\u012f rinkin\u012f sudaro 110 cm ilgio medin\u0117s rog\u0117s AD322\/3M, AD302 rogu\u010di\u0173 atlo\u0161as ir AD300 rogu\u010di\u0173 rankena su virve.<\/p>\n<p>AD322\/3M MEDIN\u0116S ROGU\u010c\u0116S<\/p>\n<p>AD322\/3M medin\u0117s rog\u0117s yra klasikin\u0117s \u201cavin\u0173 rag\u0173\u201d rog\u0117s, pagamintos i\u0161 nat\u016bralios, tvirtos buko medienos. Tvirta konstrukcija u\u017etikrina patvarum\u0105 ir stabilum\u0105 va\u017eiuojant sniegu. S\u0117dyn\u0117 pagaminta i\u0161 patvaraus austinio tinklo su patraukliu raudonos ir juodos spalvos ra\u0161tu, suteikian\u010diu rog\u0117ms unikal\u0173 stili\u0173. AD322\/3M rog\u0117s turi cinkuoto plieno b\u0117gikus, u\u017etikrinan\u010dius skland\u0173 va\u017eiavim\u0105 ir i\u0161skirtin\u012f atsparum\u0105 oro s\u0105lygoms \u2013 b\u0117gikai yra atspar\u016bs r\u016bdims ir labai patvar\u016bs. \u0160ios rog\u0117s puikiai tinka \u017eiemos pasivaik\u0161\u010diojimams ir \u017eaidimams, garantuojan\u010dios malonum\u0105 tiek vaikams, tiek suaugusiems.<\/p>\n<p>FUNKCIJOS<br \/>\nModelis: AD322\/3M<br \/>\n3 stieb\u0173<br \/>\nMaksimali apkrova: 75 kg<br \/>\nPagaminta i\u0161 auk\u0161tos kokyb\u0117s buko medienos, tvirta ir patvari, tarnaus ilgus metus<br \/>\nLakuotas<br \/>\nS\u0117dyn\u0117 pagaminta i\u0161 itin patvaraus apmu\u0161alo<br \/>\nB\u0117gikai, kalti i\u0161 cinkuoto lak\u0161tinio metalo, atspar\u016bs korozijai<br \/>\nPagaminta Lenkijoje<\/p>\n<p>SAUGOS SERTIFIKATAI<br \/>\nM\u016bs\u0173 rog\u0117s atitinka saugos reikalavimus.<br \/>\nJie yra sertifikuoti T\u00dcV Th\u00fcringen ir GS.<\/p>\n<p>MEDIN\u0116 ATLO\u0160AS AD302 \u010cI\u016aD\u017dIAMS<\/p>\n<p>\u0160is universalus medinis AD302 rogu\u010di\u0173 atlo\u0161as pagamintas i\u0161 auk\u0161tos kokyb\u0117s buko medienos. Jis u\u017etikrina komfort\u0105 ir saugum\u0105 \u017eiemos pramog\u0173 metu. Lanks\u010dios medin\u0117s juostos leid\u017eia lengvai reguliuoti atlo\u0161\u0105 pagal bet kok\u012f s\u0117dyn\u0117s plot\u012f, tod\u0117l tai universalus rogu\u010di\u0173 aksesuaras. Atlo\u0161as tvirtinamas var\u017etais, u\u017etikrinant stabilum\u0105 ir saugum\u0105 va\u017eiuojant. Visi reikalingi tvirtinimo var\u017etai yra komplekte.<\/p>\n<p>FUNKCIJOS<\/p>\n<p>Modelis: AD302<br \/>\nPagaminta i\u0161 auk\u0161tos kokyb\u0117s buko medienos, tvirta ir patvari, tarnaus ilgus metus.<br \/>\nLanks\u010dios medin\u0117s skersin\u0117s leid\u017eia lengvai reguliuoti atlo\u0161\u0105 pagal bet kok\u012f s\u0117dyn\u0117s plot\u012f 30\u201350 cm diapazone.<br \/>\nBendras ilgis: 100 cm.<br \/>\nAtlo\u0161as tinka visoms m\u016bs\u0173 s\u0105ra\u0161e esan\u010dioms rogut\u0117ms.<br \/>\nAtlo\u0161o komplekte yra tvirtinimo var\u017etai.<br \/>\nLakuotas.<br \/>\nTvirtas ir stabilus.<br \/>\nPagaminta Lenkijoje.<\/p>\n<p>AD300 1,5 m ROGI\u0172 RANKENA<\/p>\n<p>Medin\u0117 rogu\u010di\u0173 rankena AD300 su 1,5 metro ilgio virve yra funkcionalus priedas, palengvinantis rogu\u010di\u0173 valdym\u0105 \u017eiemos pramog\u0173 metu. Tvirta medin\u0117 rankena ir patvarus virv\u0117 u\u017etikrina patog\u0173 ir saug\u0173 traukim\u0105. AD300 rankena idealiai tinka visiems m\u016bs\u0173 si\u016blomiems rogu\u010di\u0173 modeliams. Puikiai tinka bet kokiems \u017eiemos nuotykiams, ji u\u017etikrina komfort\u0105 ir kontrol\u0119 va\u017ein\u0117jantis rogut\u0117mis.<\/p>\n<p>FUNKCIJOS<br \/>\nBendras virv\u0117s ilgis: 150 cm<br \/>\nRankenos matmenys: 13 x 2,5 cm<br \/>\nAtsitiktin\u0117s spalvos<\/p>","protected":false},"excerpt":{"rendered":"<p>AD322 D110 medini\u0173 rogu\u010di\u0173 komplektas + AD302 medinis atlo\u0161as + AD300 virv\u0117. \u0160\u012f komplekt\u0105 sudaro 110 cm ilgio medin\u0117s rogut\u0117s AD322\/3M, AD302 rogu\u010di\u0173 atlo\u0161as ir AD300 rogu\u010di\u0173 rankena su virve. AD322\/3M MEDIN\u0116S ROGUT\u0116S Medin\u0117s rogut\u0117s AD322\/3M yra klasikin\u0117s \u201cavin\u0173 rag\u0173\u201d formos, pagamintos i\u0161 nat\u016bralios, tvirtos buko medienos. J\u0173 tvirta konstrukcija [\u2026]<\/p>","protected":false},"featured_media":85052,"comment_status":"open","ping_status":"open","template":"","meta":[],"product_brand":[],"product_cat":[9251,9308,2113],"product_tag":[],"class_list":{"0":"post-85051","1":"product","2":"type-product","3":"status-publish","4":"has-post-thumbnail","6":"product_cat-musor","7":"product_cat-sanki-drewmax","8":"product_cat-drewmax","10":"first","11":"instock","12":"purchasable","13":"product-type-simple"},"_links":{"self":[{"href":"https:\/\/baldumarket.lt\/lt\/wp-json\/wp\/v2\/product\/85051","targetHints":{"allow":["GET"]}}],"collection":[{"href":"https:\/\/baldumarket.lt\/lt\/wp-json\/wp\/v2\/product"}],"about":[{"href":"https:\/\/baldumarket.lt\/lt\/wp-json\/wp\/v2\/types\/product"}],"replies":[{"embeddable":true,"href":"https:\/\/baldumarket.lt\/lt\/wp-json\/wp\/v2\/comments?post=85051"}],"wp:featuredmedia":[{"embeddable":true,"href":"https:\/\/baldumarket.lt\/lt\/wp-json\/wp\/v2\/media\/85052"}],"wp:attachment":[{"href":"https:\/\/baldumarket.lt\/lt\/wp-json\/wp\/v2\/media?parent=85051"}],"wp:term":[{"taxonomy":"product_brand","embeddable":true,"href":"https:\/\/baldumarket.lt\/lt\/wp-json\/wp\/v2\/product_brand?post=85051"},{"taxonomy":"product_cat","embeddable":true,"href":"https:\/\/baldumarket.lt\/lt\/wp-json\/wp\/v2\/product_cat?post=85051"},{"taxonomy":"product_tag","embeddable":true,"href":"https:\/\/baldumarket.lt\/lt\/wp-json\/wp\/v2\/product_tag?post=85051"}],"curies":[{"name":"wp","href":"https:\/\/api.w.org\/{rel}","templated":true}]}}