{"id":85021,"date":"2025-12-04T23:39:22","date_gmt":"2025-12-04T20:39:22","guid":{"rendered":"https:\/\/baldumarket.lt\/product\/zestaw-sanki-drewniane-ad322-d95-ad310-oparcie-popychacz-ad300-sznurek-buk-naturalny\/"},"modified":"2026-02-04T00:23:24","modified_gmt":"2026-02-03T21:23:24","slug":"zestaw-sanki-drewniane-ad322-d95-ad310-oparcie-popychacz-ad300-sznurek-buk-naturalny","status":"publish","type":"product","link":"https:\/\/baldumarket.lt\/lt\/product\/zestaw-sanki-drewniane-ad322-d95-ad310-oparcie-popychacz-ad300-sznurek-buk-naturalny\/","title":{"rendered":"Medini\u0173 rogu\u010di\u0173 komplektas AD322 D95 + AD310 atlo\u0161o st\u016bmiklis + AD300 virvel\u0117 i\u0161 nat\u016bralaus buko medienos"},"content":{"rendered":"<p>AD322 D95 medini\u0173 rogu\u010di\u0173 komplektas + AD310 atlo\u0161o st\u016bmiklis + AD300 virv\u0117<br \/>\nKomplekt\u0105 sudaro 95 cm ilgio medin\u0117s rog\u0117s AD322\/2M, rogu\u010di\u0173 st\u016bmiklis AD310 ir rogu\u010di\u0173 rankena AD300 su virvele.<\/p>\n<p>AD322\/2M MEDIN\u0116S ROGU\u010c\u0116S, 95 CM ILGIO<\/p>\n<p>Medin\u0117s rog\u0117s AD322\/2M yra klasikin\u0117s \u201cavin\u0173 rag\u0173\u201d formos, pagamintos i\u0161 nat\u016bralios, tvirtos buko medienos. Tvirta konstrukcija u\u017etikrina ilgaam\u017ei\u0161kum\u0105 ir stabilum\u0105 va\u017eiuojant sniegu. S\u0117dyn\u0117 pagaminta i\u0161 patvaraus austinio audinio su patraukliu raudonu ir juodu ra\u0161tu, suteikian\u010diu rog\u0117ms unikal\u0173 stili\u0173.<br \/>\nAD322\/2M rog\u0117s turi cinkuoto plieno b\u0117gius, u\u017etikrinan\u010dius skland\u0173 va\u017eiavim\u0105 ir i\u0161skirtin\u012f atsparum\u0105 oro s\u0105lygoms \u2013 b\u0117giai ner\u016bdija ir yra labai patvar\u016bs. \u0160ios rog\u0117s yra puikus pasirinkimas \u017eiemos pasivaik\u0161\u010diojimams ir pramogoms, garantuojan\u010dios malonum\u0105 tiek vaikams, tiek suaugusiems.<\/p>\n<p>FUNKCIJOS<br \/>\nModelis: AD322\/2M<br \/>\nIlgis: 95 cm<br \/>\n2 stieb\u0173<br \/>\nMaksimali apkrova: 50 kg<br \/>\nPagaminta i\u0161 auk\u0161tos kokyb\u0117s buko medienos, tvirta ir patvari, tarnaus ilgus metus<br \/>\nLakuotas<br \/>\nS\u0117dyn\u0117 pagaminta i\u0161 itin patvaraus apmu\u0161alo<br \/>\nB\u0117gikai, kalti i\u0161 cinkuoto lak\u0161tinio metalo, atspar\u016bs korozijai<br \/>\nPagaminta Lenkijoje<\/p>\n<p>SAUGOS SERTIFIKATAI<br \/>\nM\u016bs\u0173 rog\u0117s atitinka saugos reikalavimus. Jos yra sertifikuotos pagal T\u00dcV Th\u00fcringen ir GS standartus.<\/p>\n<p>AD310 SLYDIMO STUMIKLIS SU ATLO\u0160U<\/p>\n<p>Rogu\u010di\u0173 st\u016bmiklis AD310 yra tvirtas ir prakti\u0161kas aksesuaras, pagamintas i\u0161 auk\u0161tos kokyb\u0117s buko medienos. Jo d\u0117ka t\u0117vai gali patogiai stumti rogutes, u\u017etikrindami patog\u0173 ir saug\u0173 va\u017eiavim\u0105 savo vaikui. Atlo\u0161as dar labiau padidina stabilum\u0105 ir komfort\u0105. St\u016bmiklis tinka visiems m\u016bs\u0173 asortimento rogu\u010di\u0173 modeliams, o saugus var\u017et\u0173 tvirtinimas u\u017etikrina stabilum\u0105 va\u017eiavimo metu. AD310 st\u016bmiklis su atlo\u0161u leid\u017eia patogiau va\u017ein\u0117tis rogut\u0117mis tiek vaikui, tiek t\u0117vams, kurie gali lengvai kontroliuoti mar\u0161rut\u0105 ir greit\u012f. SAVYB\u0116S<br \/>\nModelis: AD310<br \/>\nPagaminta i\u0161 auk\u0161tos kokyb\u0117s buko medienos, tvirta ir patvari, tarnaus ilgus metus.<br \/>\nAtlo\u0161as tinka visoms m\u016bs\u0173 asortimento rogut\u0117ms.<br \/>\nReguliuojamas atlo\u0161o auk\u0161tis nuo 60 cm iki 88 cm.<br \/>\nAtlo\u0161as tiekiamas su tvirtinimo var\u017etais.<br \/>\nVar\u017eto spalva: RAUDONA<br \/>\nDa\u017eytas<br \/>\nPagaminta Lenkijoje<\/p>\n<p>1,5 m AD300 ROGU\u010cI\u0172 RANKENA<\/p>\n<p>Medin\u0117 rogu\u010di\u0173 rankena AD300 su 1,5 metro lynu yra funkcionalus priedas, palengvinantis rogu\u010di\u0173 valdym\u0105 \u017eiemos pramog\u0173 metu. Tvirta medin\u0117 rankena ir patvarus lynas u\u017etikrina patog\u0173 ir saug\u0173 traukim\u0105. AD300 rankena idealiai tinka visiems m\u016bs\u0173 asortimento rogu\u010di\u0173 modeliams. Ji puikiai tinka bet kokiems \u017eiemos nuotykiams, u\u017etikrinant komfort\u0105 ir kontrol\u0119 naudojantis rogut\u0117mis.<\/p>\n<p>FUNKCIJOS<br \/>\nBendras laido ilgis: 150 cm<br \/>\nRankenos matmenys: 13 x 2,5 cm<br \/>\nAtsitiktin\u0117s spalvos<\/p>","protected":false},"excerpt":{"rendered":"<p>AD322 D95 medini\u0173 rogi\u0173 komplektas + AD310 atlo\u0161o st\u016bmiklis + AD300 virv\u0117. Komplekt\u0105 sudaro 95 cm ilgio medin\u0117s rog\u0117s AD322\/2M, rogu\u010di\u0173 st\u016bmiklis AD310 ir rogu\u010di\u0173 rankena su virve. AD322\/2M MEDIN\u0116S ROGU\u010c\u0116S, 95 CM ILGIO. AD322\/2M medin\u0117s rog\u0117s yra klasikin\u0117s \u201cavin\u0173 rag\u0173\u201d tipo, pagamintos i\u0161 nat\u016bralios, tvirtos buko medienos. [\u2026]<\/p>","protected":false},"featured_media":85022,"comment_status":"open","ping_status":"open","template":"","meta":[],"product_brand":[],"product_cat":[9251,9308,2113],"product_tag":[],"class_list":{"0":"post-85021","1":"product","2":"type-product","3":"status-publish","4":"has-post-thumbnail","6":"product_cat-musor","7":"product_cat-sanki-drewmax","8":"product_cat-drewmax","10":"first","11":"instock","12":"purchasable","13":"product-type-simple"},"_links":{"self":[{"href":"https:\/\/baldumarket.lt\/lt\/wp-json\/wp\/v2\/product\/85021","targetHints":{"allow":["GET"]}}],"collection":[{"href":"https:\/\/baldumarket.lt\/lt\/wp-json\/wp\/v2\/product"}],"about":[{"href":"https:\/\/baldumarket.lt\/lt\/wp-json\/wp\/v2\/types\/product"}],"replies":[{"embeddable":true,"href":"https:\/\/baldumarket.lt\/lt\/wp-json\/wp\/v2\/comments?post=85021"}],"wp:featuredmedia":[{"embeddable":true,"href":"https:\/\/baldumarket.lt\/lt\/wp-json\/wp\/v2\/media\/85022"}],"wp:attachment":[{"href":"https:\/\/baldumarket.lt\/lt\/wp-json\/wp\/v2\/media?parent=85021"}],"wp:term":[{"taxonomy":"product_brand","embeddable":true,"href":"https:\/\/baldumarket.lt\/lt\/wp-json\/wp\/v2\/product_brand?post=85021"},{"taxonomy":"product_cat","embeddable":true,"href":"https:\/\/baldumarket.lt\/lt\/wp-json\/wp\/v2\/product_cat?post=85021"},{"taxonomy":"product_tag","embeddable":true,"href":"https:\/\/baldumarket.lt\/lt\/wp-json\/wp\/v2\/product_tag?post=85021"}],"curies":[{"name":"wp","href":"https:\/\/api.w.org\/{rel}","templated":true}]}}