{"id":85006,"date":"2025-12-04T23:39:08","date_gmt":"2025-12-04T20:39:08","guid":{"rendered":"https:\/\/baldumarket.lt\/product\/zestaw-sanki-drewniane-ad323-d110-ad310-oparcie-popychacz-ad300-sznurek-buk-naturalny\/"},"modified":"2026-02-04T00:23:25","modified_gmt":"2026-02-03T21:23:25","slug":"zestaw-sanki-drewniane-ad323-d110-ad310-oparcie-popychacz-ad300-sznurek-buk-naturalny","status":"publish","type":"product","link":"https:\/\/baldumarket.lt\/lt\/product\/zestaw-sanki-drewniane-ad323-d110-ad310-oparcie-popychacz-ad300-sznurek-buk-naturalny\/","title":{"rendered":"Medini\u0173 rogu\u010di\u0173 komplektas AD323 D110 + AD310 atlo\u0161o st\u016bmiklis + AD300 virvel\u0117 i\u0161 nat\u016bralaus buko medienos"},"content":{"rendered":"<p>AD323 D110 medini\u0173 rogu\u010di\u0173 komplektas + AD310 atlo\u0161o st\u016bmiklis + AD300 virv\u0117<br \/>\n\u0160\u012f rinkin\u012f sudaro 110 cm ilgio medin\u0117s rog\u0117s AD323\/3M, rogu\u010di\u0173 st\u016bmiklis AD310 su atlo\u0161u ir rogu\u010di\u0173 rankena AD300 su virve.<\/p>\n<p>AD323\/3M MEDIN\u0116S ROGU\u010c\u0116S, ILGIS 110 CM<\/p>\n<p>AD323 rog\u0117s \u2013 tai klasikin\u0117s trij\u0173 kot\u0173 \u201cavin\u0173 rag\u0173\u201d rog\u0117s, pagamintos i\u0161 tvirtos buko medienos. Tvirta konstrukcija, didelis patvarumas ir didel\u0117 keliamoji galia idealiai tinka \u017eiemos pasivaik\u0161\u010diojimams ir nusileidimams nuokaln\u0117mis. Nat\u016bralios medienos apdaila suteikia joms eleganti\u0161k\u0105, nesenstant\u012f vaizd\u0105. Cinkuoto plieno b\u0117giai garantuoja skland\u0173 va\u017eiavim\u0105 ir yra atspar\u016bs r\u016bdijimui, u\u017etikrindami ilg\u0105 tarnavimo laik\u0105 net ir intensyviai naudojant \u012fvairiomis oro s\u0105lygomis.<\/p>\n<p>FUNKCIJOS<br \/>\nModelis: AD323\/3M<br \/>\nIlgis: 110 cm<br \/>\n3 stieb\u0173<br \/>\nMaksimali apkrova: 95 kg<br \/>\nPagaminta i\u0161 auk\u0161tos kokyb\u0117s buko medienos, tvirta ir patvari, tarnaus ilgus metus<br \/>\nLakuotas<br \/>\nMedin\u0117 s\u0117dyn\u0117<br \/>\nB\u0117gikai, kalti i\u0161 cinkuoto lak\u0161tinio metalo, atspar\u016bs korozijai<br \/>\nPagaminta Lenkijoje<\/p>\n<p>SAUGOS SERTIFIKATAI<br \/>\nM\u016bs\u0173 rog\u0117s atitinka saugos reikalavimus.<br \/>\nJie yra sertifikuoti T\u00dcV Th\u00fcringen ir GS.<\/p>\n<p>AD310 ROGI\u0172 ST\u016aMIKLIS SU ATLO\u0160U<\/p>\n<p>Rogu\u010di\u0173 st\u016bmiklis AD310 yra tvirtas ir prakti\u0161kas aksesuaras, pagamintas i\u0161 auk\u0161tos kokyb\u0117s buko medienos. Jis leid\u017eia t\u0117vams patogiai stumti rogutes, u\u017etikrinant patog\u0173 ir saug\u0173 va\u017eiavim\u0105 j\u0173 vaikui. Atlo\u0161as dar labiau padidina stabilum\u0105 ir komfort\u0105. St\u016bmimo rankena tinka visiems m\u016bs\u0173 asortimento rogu\u010di\u0173 modeliams, o saugus var\u017et\u0173 tvirtinimas u\u017etikrina stabilum\u0105 va\u017eiavimo metu. AD310 st\u016bmimo rankena su atlo\u0161u leid\u017eia patogiau va\u017ein\u0117tis rogut\u0117mis tiek vaikui, tiek t\u0117vams, kurie gali lengvai kontroliuoti mar\u0161rut\u0105 ir greit\u012f.<\/p>\n<p>FUNKCIJOS<br \/>\nModelis: AD310<br \/>\nPagaminta i\u0161 auk\u0161tos kokyb\u0117s buko medienos, tvirta ir patvari, tarnaus ilgus metus<br \/>\nAtlo\u0161as tinka visoms m\u016bs\u0173 asortimento rogut\u0117ms<br \/>\nReguliuojamas atlo\u0161o auk\u0161tis nuo 60 cm iki 88 cm<br \/>\nAtlo\u0161as turi tvirtinimo var\u017etus<br \/>\nVar\u017eto spalva: RAUDONA<br \/>\nLakuotas<br \/>\nPagaminta Lenkijoje<\/p>\n<p>1,5 m AD300 ROGI\u0172 RANKENA<\/p>\n<p>Medin\u0117 rogu\u010di\u0173 rankena AD300 su 1,5 metro ilgio virve yra funkcionalus priedas, palengvinantis rogu\u010di\u0173 valdym\u0105 \u017eiemos pramog\u0173 metu. Tvirta medin\u0117 rankena ir patvarus virv\u0117 u\u017etikrina patog\u0173 ir saug\u0173 traukim\u0105. AD300 rankena idealiai tinka visiems m\u016bs\u0173 asortimento rogu\u010di\u0173 modeliams. Ji puikiai tinka bet kokiems \u017eiemos nuotykiams, u\u017etikrinant komfort\u0105 ir kontrol\u0119 naudojantis rogut\u0117mis.<\/p>\n<p>FUNKCIJOS<br \/>\nBendras laido ilgis \u2013 150 cm<br \/>\nRankenos matmenys: 13 x 2,5 cm<br \/>\nAtsitiktin\u0117s spalvos<\/p>","protected":false},"excerpt":{"rendered":"<p>AD323 D110 medini\u0173 rogu\u010di\u0173 komplektas + AD310 st\u016bmiklis su atlo\u0161u + AD300 virv\u0117. \u0160\u012f komplekt\u0105 sudaro 110 cm ilgio medin\u0117s rog\u0117s AD323\/3M, rogu\u010di\u0173 st\u016bmiklis AD310 su atlo\u0161u ir AD300 rogu\u010di\u0173 rankena su virve. AD323\/3M MEDIN\u0116S ROGU\u010c\u0116S, ILGIS 110 CM. AD323 rog\u0117s yra klasikin\u0117s trij\u0173 kot\u0173 \u201cavin\u0173 rag\u0173\u201d rog\u0117s, pagamintos i\u0161 tvirtos buko [\u2026]<\/p>","protected":false},"featured_media":85007,"comment_status":"open","ping_status":"open","template":"","meta":[],"product_brand":[],"product_cat":[9251,9308,2113],"product_tag":[],"class_list":{"0":"post-85006","1":"product","2":"type-product","3":"status-publish","4":"has-post-thumbnail","6":"product_cat-musor","7":"product_cat-sanki-drewmax","8":"product_cat-drewmax","10":"first","11":"instock","12":"purchasable","13":"product-type-simple"},"_links":{"self":[{"href":"https:\/\/baldumarket.lt\/lt\/wp-json\/wp\/v2\/product\/85006","targetHints":{"allow":["GET"]}}],"collection":[{"href":"https:\/\/baldumarket.lt\/lt\/wp-json\/wp\/v2\/product"}],"about":[{"href":"https:\/\/baldumarket.lt\/lt\/wp-json\/wp\/v2\/types\/product"}],"replies":[{"embeddable":true,"href":"https:\/\/baldumarket.lt\/lt\/wp-json\/wp\/v2\/comments?post=85006"}],"wp:featuredmedia":[{"embeddable":true,"href":"https:\/\/baldumarket.lt\/lt\/wp-json\/wp\/v2\/media\/85007"}],"wp:attachment":[{"href":"https:\/\/baldumarket.lt\/lt\/wp-json\/wp\/v2\/media?parent=85006"}],"wp:term":[{"taxonomy":"product_brand","embeddable":true,"href":"https:\/\/baldumarket.lt\/lt\/wp-json\/wp\/v2\/product_brand?post=85006"},{"taxonomy":"product_cat","embeddable":true,"href":"https:\/\/baldumarket.lt\/lt\/wp-json\/wp\/v2\/product_cat?post=85006"},{"taxonomy":"product_tag","embeddable":true,"href":"https:\/\/baldumarket.lt\/lt\/wp-json\/wp\/v2\/product_tag?post=85006"}],"curies":[{"name":"wp","href":"https:\/\/api.w.org\/{rel}","templated":true}]}}