{"id":84995,"date":"2025-12-04T23:38:57","date_gmt":"2025-12-04T20:38:57","guid":{"rendered":"https:\/\/baldumarket.lt\/product\/zestaw-sanki-drewniane-ad323-d95-ad303-oparcie-bezowe-ad300-sznurek-buk-naturalny\/"},"modified":"2026-02-04T00:23:26","modified_gmt":"2026-02-03T21:23:26","slug":"zestaw-sanki-drewniane-ad323-d95-ad303-oparcie-bezowe-ad300-sznurek-buk-naturalny","status":"publish","type":"product","link":"https:\/\/baldumarket.lt\/lt\/product\/zestaw-sanki-drewniane-ad323-d95-ad303-oparcie-bezowe-ad300-sznurek-buk-naturalny\/","title":{"rendered":"Medini\u0173 rogu\u010di\u0173 komplektas AD323 D95 + AD303 sm\u0117lio spalvos atlo\u0161as + AD300 nat\u016bralaus buko virvel\u0117"},"content":{"rendered":"<p>AD323 D95 medini\u0173 rogu\u010di\u0173 komplektas + AD303 sm\u0117lio spalvos atlo\u0161as + AD300 virvel\u0117<br \/>\n\u0160\u012f komplekt\u0105 sudaro 95 cm ilgio medin\u0117s rog\u0117s AD323\/2M, sm\u0117lio spalvos atlo\u0161as AD303 ir rogu\u010di\u0173 rankena su virvele AD300.<\/p>\n<p>AD323\/2M MEDIN\u0116S ROGU\u010c\u0116S, 95 CM ILGIO<\/p>\n<p>AD323\/2M rog\u0117s \u2013 tai klasikin\u0117s, dviej\u0173 kot\u0173, \u201cavin\u0173 rag\u0173\u201d tipo rog\u0117s, pagamintos i\u0161 tvirtos buko medienos. Tvirta konstrukcija, didelis patvarumas ir didel\u0117 keliamoji galia idealiai tinka \u017eiemos pasivaik\u0161\u010diojimams ir nusileidimams nuokaln\u0117mis. Nat\u016bralios medienos apdaila suteikia joms eleganti\u0161k\u0105, nesenstant\u012f vaizd\u0105. Cinkuoto plieno b\u0117giai garantuoja skland\u0173 va\u017eiavim\u0105 ir yra atspar\u016bs r\u016bdijimui, u\u017etikrindami ilg\u0105 tarnavimo laik\u0105 net ir intensyviai naudojant \u012fvairiomis oro s\u0105lygomis.<\/p>\n<p>FUNKCIJOS<br \/>\nModelis: AD323\/2M<br \/>\nIlgis: 95 cm<br \/>\nDviej\u0173 pakop\u0173<br \/>\nMaksimali apkrova: 95 kg<br \/>\nPagaminta i\u0161 auk\u0161tos kokyb\u0117s buko medienos, tvirta ir patvari, tarnaus ilgus metus<br \/>\nLakuotas<br \/>\nMedin\u0117 s\u0117dyn\u0117<br \/>\nB\u0117gikai, kalti i\u0161 cinkuoto lak\u0161tinio metalo, atspar\u016bs korozijai<br \/>\nPagaminta Lenkijoje<\/p>\n<p>SAUGOS SERTIFIKATAI<br \/>\nM\u016bs\u0173 rog\u0117s atitinka saugos reikalavimus.<br \/>\nJie yra sertifikuoti T\u00dcV Th\u00fcringen ir GS.<\/p>\n<p>PLASTIKINIS ATLO\u0160AS SLYD\u0116KL\u0116MS AD303 SM\u0116LIO SPALVOS<\/p>\n<p>\u0160is universalus AD303 rogu\u010di\u0173 atlo\u0161as pagamintas i\u0161 auk\u0161tos kokyb\u0117s buko medienos ir lanks\u010di\u0173 plastikini\u0173 lenteli\u0173. Tai puikus sprendimas norint u\u017etikrinti papildom\u0105 komfort\u0105 ir saugum\u0105 \u017eiemos pramog\u0173 su vaikais metu. Lanks\u010dios lentel\u0117s leid\u017eia lengvai reguliuoti atlo\u0161\u0105 pagal bet kok\u012f s\u0117dyn\u0117s plot\u012f, tod\u0117l jis yra itin universalus. Atlo\u0161as tinka visoms m\u016bs\u0173 si\u016blomoms rogut\u0117ms, o saugus var\u017et\u0173 tvirtinimas u\u017etikrina stabilum\u0105 ir lengv\u0105 surinkim\u0105. Tvirtinimo var\u017etai yra \u012ftraukti.<\/p>\n<p>FUNKCIJOS<\/p>\n<p>Modelis: AD303<br \/>\nPagaminta i\u0161 auk\u0161tos kokyb\u0117s buko medienos, tvirta ir patvari, tarnaus ilgus metus.<br \/>\nLanks\u010dios plastikin\u0117s juostel\u0117s leid\u017eia lengvai reguliuoti atlo\u0161\u0105 pagal bet kok\u012f s\u0117dyn\u0117s plot\u012f 30\u201350 cm diapazone.<br \/>\nBendras ilgis: 100 cm<br \/>\nAtlo\u0161as tinka visoms m\u016bs\u0173 si\u016blomoms rogut\u0117ms.<br \/>\nAtlo\u0161o komplekte yra tvirtinimo var\u017etai.<br \/>\nPlastikini\u0173 lenteli\u0173 spalva: sm\u0117lio spalvos<br \/>\nLakuotas<br \/>\nTvirtas ir stabilus<br \/>\nPagaminta Lenkijoje<\/p>\n<p>1,5 m AD300 ROGI\u0172 RANKENA<\/p>\n<p>Medin\u0117 rogu\u010di\u0173 rankena AD300 su 1,5 metro ilgio virve yra funkcionalus priedas, palengvinantis rogu\u010di\u0173 valdym\u0105 \u017eiemos pramog\u0173 metu. Tvirta medin\u0117 rankena ir patvarus virv\u0117 u\u017etikrina patog\u0173 ir saug\u0173 traukim\u0105. AD300 rankena idealiai tinka visiems m\u016bs\u0173 asortimento rogu\u010di\u0173 modeliams. Ji puikiai tinka bet kokiems \u017eiemos nuotykiams, u\u017etikrinant komfort\u0105 ir kontrol\u0119 naudojantis rogut\u0117mis.<\/p>\n<p>FUNKCIJOS<br \/>\nBendras laido ilgis \u2013 150 cm<br \/>\nRankenos matmenys: 13 x 2,5 cm<br \/>\nAtsitiktin\u0117s spalvos<\/p>","protected":false},"excerpt":{"rendered":"<p>AD323 D95 medini\u0173 rogu\u010di\u0173 komplektas + AD303 sm\u0117lio spalvos atlo\u0161as + AD300 virv\u0117. \u0160\u012f komplekt\u0105 sudaro 95 cm ilgio medin\u0117s rogut\u0117s AD323\/2M, sm\u0117lio spalvos atlo\u0161as AD303 ir rogu\u010di\u0173 rankena AD300 su virve. AD323\/2M MEDIN\u0116S ROGUT\u0116S, 95 CM ILGIO. AD323\/2M rogut\u0117s yra klasikin\u0117s, dviej\u0173 kot\u0173, \u201cavino rago\u201d formos rog\u0117s, pagamintos i\u0161 tvirtos buko medienos. Jos [\u2026]<\/p>","protected":false},"featured_media":84996,"comment_status":"open","ping_status":"open","template":"","meta":[],"product_brand":[],"product_cat":[9251,9308,2113],"product_tag":[],"class_list":{"0":"post-84995","1":"product","2":"type-product","3":"status-publish","4":"has-post-thumbnail","6":"product_cat-musor","7":"product_cat-sanki-drewmax","8":"product_cat-drewmax","10":"first","11":"instock","12":"purchasable","13":"product-type-simple"},"_links":{"self":[{"href":"https:\/\/baldumarket.lt\/lt\/wp-json\/wp\/v2\/product\/84995","targetHints":{"allow":["GET"]}}],"collection":[{"href":"https:\/\/baldumarket.lt\/lt\/wp-json\/wp\/v2\/product"}],"about":[{"href":"https:\/\/baldumarket.lt\/lt\/wp-json\/wp\/v2\/types\/product"}],"replies":[{"embeddable":true,"href":"https:\/\/baldumarket.lt\/lt\/wp-json\/wp\/v2\/comments?post=84995"}],"wp:featuredmedia":[{"embeddable":true,"href":"https:\/\/baldumarket.lt\/lt\/wp-json\/wp\/v2\/media\/84996"}],"wp:attachment":[{"href":"https:\/\/baldumarket.lt\/lt\/wp-json\/wp\/v2\/media?parent=84995"}],"wp:term":[{"taxonomy":"product_brand","embeddable":true,"href":"https:\/\/baldumarket.lt\/lt\/wp-json\/wp\/v2\/product_brand?post=84995"},{"taxonomy":"product_cat","embeddable":true,"href":"https:\/\/baldumarket.lt\/lt\/wp-json\/wp\/v2\/product_cat?post=84995"},{"taxonomy":"product_tag","embeddable":true,"href":"https:\/\/baldumarket.lt\/lt\/wp-json\/wp\/v2\/product_tag?post=84995"}],"curies":[{"name":"wp","href":"https:\/\/api.w.org\/{rel}","templated":true}]}}