{"id":84958,"date":"2025-12-04T23:38:21","date_gmt":"2025-12-04T20:38:21","guid":{"rendered":"https:\/\/baldumarket.lt\/product\/zestaw-sanki-drewniane-ad324-d90-ad303-oparcie-bezowe-ad300-sznurek-buk-naturalny\/"},"modified":"2026-02-04T00:23:27","modified_gmt":"2026-02-03T21:23:27","slug":"zestaw-sanki-drewniane-ad324-d90-ad303-oparcie-bezowe-ad300-sznurek-buk-naturalny","status":"publish","type":"product","link":"https:\/\/baldumarket.lt\/lt\/product\/zestaw-sanki-drewniane-ad324-d90-ad303-oparcie-bezowe-ad300-sznurek-buk-naturalny\/","title":{"rendered":"Medini\u0173 rogu\u010di\u0173 komplektas AD324 D90 + AD303 sm\u0117lio spalvos atlo\u0161as + AD300 nat\u016bralaus buko virvel\u0117"},"content":{"rendered":"<p>Medini\u0173 rogu\u010di\u0173 komplektas AD324 D90 + AD303 sm\u0117lio spalvos atlo\u0161as + AD300 virvel\u0117<br \/>\n\u012e \u0161\u012f rinkin\u012f \u012feina 90 cm ilgio medin\u0117s rog\u0117s AD324\/2M, sm\u0117lio spalvos rogu\u010di\u0173 atlo\u0161as ir rogu\u010di\u0173 rankena su virvele AD300.<\/p>\n<p>MEDIN\u0116S ROGU\u010c\u0116S AD324\/2M \u2013 ILGIS 90 CM<\/p>\n<p>AD324\/2M \u2013 tai tvirtos, dviej\u0173 stieb\u0173 rog\u0117s, pagamintos i\u0161 tvirtos buko medienos. D\u0117l stabilios konstrukcijos \u0161ios rog\u0117s yra labai patvarios, tod\u0117l idealiai tinka ilgalaikiam ir intensyviam naudojimui. Jos turi eleganti\u0161kus, i\u0161 cinkuoto metalo kaltinius b\u0117gius, tod\u0117l yra atsparios r\u016bdijimui ir u\u017etikrina skland\u0173 va\u017eiavim\u0105 net sud\u0117tingomis s\u0105lygomis.<\/p>\n<p>Raudonos detal\u0117s b\u0117gik\u0173 galuose suteikia rog\u0117ms modernumo, o bendras dizainas u\u017etikrina komfort\u0105 ir saugum\u0105 \u017eiemos pramog\u0173 metu. Tai puikus pasirinkimas tiek pasivaik\u0161\u010diojimams, tiek dinami\u0161kiems nusileidimams nuo kalno.<\/p>\n<p>FUNKCIJOS<br \/>\nModelis: AD324\/2M<br \/>\nIlgis: 90 cm<br \/>\nDviej\u0173 stieb\u0173<br \/>\nMaksimali apkrova: 95 kg<br \/>\nPagaminta i\u0161 auk\u0161tos kokyb\u0117s buko medienos, tvirta ir patvari, tarnaus ilgus metus<br \/>\nLakuotas<br \/>\nMedin\u0117 s\u0117dyn\u0117<br \/>\nB\u0117gikai, kalti i\u0161 cinkuoto lak\u0161tinio metalo, atspar\u016bs korozijai<br \/>\nPagaminta Lenkijoje<\/p>\n<p>SAUGOS SERTIFIKATAI<br \/>\nM\u016bs\u0173 rog\u0117s atitinka saugos reikalavimus.<br \/>\nJie yra sertifikuoti T\u00dcV Th\u00fcringen ir GS.<\/p>\n<p>PLASTIKINIS ATLO\u0160AS SLYD\u0116KL\u0116MS AD303 SM\u0116LIO SPALVOS<\/p>\n<p>\u0160is universalus AD303 rogu\u010di\u0173 atlo\u0161as pagamintas i\u0161 auk\u0161tos kokyb\u0117s buko medienos ir lanks\u010di\u0173 plastikini\u0173 lenteli\u0173. Tai puikus sprendimas papildomam komfortui ir saugumui \u017eiemos pramog\u0173 su vaikais metu. Lanks\u010dios lentel\u0117s leid\u017eia lengvai reguliuoti atlo\u0161\u0105 pagal bet kok\u012f s\u0117dyn\u0117s plot\u012f, tod\u0117l jis yra itin universalus.<br \/>\nAtlo\u0161as tinka visoms m\u016bs\u0173 asortimento rogut\u0117ms, o saugus var\u017et\u0173 tvirtinimas u\u017etikrina stabilum\u0105 ir lengv\u0105 surinkim\u0105. Tvirtinimo var\u017etai pridedami.<\/p>\n<p>FUNKCIJOS<\/p>\n<p>Modelis: AD303<br \/>\nPagaminta i\u0161 auk\u0161tos kokyb\u0117s buko medienos, tvirta ir patvari, tarnaus ilgus metus.<br \/>\nLanks\u010dios plastikin\u0117s juostel\u0117s leid\u017eia lengvai reguliuoti atlo\u0161\u0105 pagal bet kok\u012f s\u0117dyn\u0117s plot\u012f nuo 30 iki 50 cm.<br \/>\nBendras ilgis: 100 cm<br \/>\nAtlo\u0161as tinka visoms m\u016bs\u0173 s\u0105ra\u0161e esan\u010dioms rogut\u0117ms.<br \/>\nAtlo\u0161o komplekte yra tvirtinimo var\u017etai.<br \/>\nPlastikini\u0173 lenteli\u0173 spalva: sm\u0117lio spalvos<br \/>\nLakuotas<br \/>\nPagaminta Lenkijoje<\/p>\n<p>1,5 m AD300 STUMDOMA RANKENA<\/p>\n<p>Medin\u0117 rogu\u010di\u0173 rankena AD300 su 1,5 metro virve yra funkcionalus priedas, palengvinantis rogu\u010di\u0173 valdym\u0105 \u017eiemos pramog\u0173 metu. Tvirta medin\u0117 rankena ir patvarus virv\u0117 u\u017etikrina patog\u0173 ir saug\u0173 rogu\u010di\u0173 tempim\u0105. AD300 rankena idealiai tinka visiems m\u016bs\u0173 si\u016blomiems rogu\u010di\u0173 modeliams. Ji puikiai tinka bet kokiems \u017eiemos nuotykiams, u\u017etikrina komfort\u0105 ir kontrol\u0119 naudojantis rogut\u0117mis.<\/p>\n<p>FUNKCIJOS<br \/>\nBendras laido ilgis \u2013 150 cm<br \/>\nRankenos matmenys: 13 x 2,5 cm<br \/>\nAtsitiktin\u0117s spalvos<\/p>","protected":false},"excerpt":{"rendered":"<p>Medini\u0173 rogu\u010di\u0173 komplektas AD324 D90 + AD303 sm\u0117lio spalvos atlo\u0161as + AD300 virvel\u0117. \u0160\u012f komplekt\u0105 sudaro 90 cm ilgio medin\u0117s rog\u0117s AD324\/2M, sm\u0117lio spalvos atlo\u0161as rogut\u0117ms ir rogu\u010di\u0173 rankena su virvele AD300. MEDIN\u0116S ROGUT\u0116S AD324\/2M \u2013 ILGIS 90 CM. AD324\/2M yra tvirtos, dviej\u0173 kot\u0173 rog\u0117s, pagamintos i\u0161 tvirtos buko medienos. Jos [\u2026]<\/p>","protected":false},"featured_media":84959,"comment_status":"open","ping_status":"open","template":"","meta":[],"product_brand":[],"product_cat":[9251,9308,2113],"product_tag":[],"class_list":{"0":"post-84958","1":"product","2":"type-product","3":"status-publish","4":"has-post-thumbnail","6":"product_cat-musor","7":"product_cat-sanki-drewmax","8":"product_cat-drewmax","10":"first","11":"instock","12":"purchasable","13":"product-type-simple"},"_links":{"self":[{"href":"https:\/\/baldumarket.lt\/lt\/wp-json\/wp\/v2\/product\/84958","targetHints":{"allow":["GET"]}}],"collection":[{"href":"https:\/\/baldumarket.lt\/lt\/wp-json\/wp\/v2\/product"}],"about":[{"href":"https:\/\/baldumarket.lt\/lt\/wp-json\/wp\/v2\/types\/product"}],"replies":[{"embeddable":true,"href":"https:\/\/baldumarket.lt\/lt\/wp-json\/wp\/v2\/comments?post=84958"}],"wp:featuredmedia":[{"embeddable":true,"href":"https:\/\/baldumarket.lt\/lt\/wp-json\/wp\/v2\/media\/84959"}],"wp:attachment":[{"href":"https:\/\/baldumarket.lt\/lt\/wp-json\/wp\/v2\/media?parent=84958"}],"wp:term":[{"taxonomy":"product_brand","embeddable":true,"href":"https:\/\/baldumarket.lt\/lt\/wp-json\/wp\/v2\/product_brand?post=84958"},{"taxonomy":"product_cat","embeddable":true,"href":"https:\/\/baldumarket.lt\/lt\/wp-json\/wp\/v2\/product_cat?post=84958"},{"taxonomy":"product_tag","embeddable":true,"href":"https:\/\/baldumarket.lt\/lt\/wp-json\/wp\/v2\/product_tag?post=84958"}],"curies":[{"name":"wp","href":"https:\/\/api.w.org\/{rel}","templated":true}]}}