{"id":84953,"date":"2025-12-04T23:38:16","date_gmt":"2025-12-04T20:38:16","guid":{"rendered":"https:\/\/baldumarket.lt\/product\/zestaw-sanki-drewniane-ad324-d90-ad303-oparcie-czerwone-ad300-sznurek-buk-naturalny\/"},"modified":"2026-02-04T00:23:28","modified_gmt":"2026-02-03T21:23:28","slug":"zestaw-sanki-drewniane-ad324-d90-ad303-oparcie-czerwone-ad300-sznurek-buk-naturalny","status":"publish","type":"product","link":"https:\/\/baldumarket.lt\/lt\/product\/zestaw-sanki-drewniane-ad324-d90-ad303-oparcie-czerwone-ad300-sznurek-buk-naturalny\/","title":{"rendered":"Medini\u0173 rogu\u010di\u0173 komplektas AD324 D90 + AD303 raudonas atlo\u0161as + AD300 nat\u016bralaus buko virvel\u0117"},"content":{"rendered":"<p>AD324 D90 medini\u0173 rogu\u010di\u0173 komplektas + AD303 raudonas atlo\u0161as + AD300 virv\u0117<br \/>\n\u0160\u012f rinkin\u012f sudaro medin\u0117s rog\u0117s AD324\/2M, 90 cm ilgio raudonas AD303 atlo\u0161as ir AD300 rogu\u010di\u0173 rankena su virve.<\/p>\n<p>AD324\/2M MEDIN\u0116S ROGU\u010c\u0116S \u2013 ILGIS 90 CM<\/p>\n<p>AD324\/2M \u2013 tvirtos, dviej\u0173 stieb\u0173 rog\u0117s, pagamintos i\u0161 tvirtos buko medienos. D\u0117l stabilios konstrukcijos jos yra labai patvarios ir idealiai tinka ilgalaikiam ir intensyviam naudojimui. Eleganti\u0161ki b\u0117gikai, kalti i\u0161 cinkuoto metalo lak\u0161to, yra atspar\u016bs r\u016bdims ir garantuoja skland\u0173 va\u017eiavim\u0105 net sud\u0117tingomis s\u0105lygomis. Raudonos detal\u0117s b\u0117gik\u0173 galuose suteikia rog\u0117ms modernumo, o visa konstrukcija u\u017etikrina komfort\u0105 ir saugum\u0105 \u017eiemos pramog\u0173 metu. Tai idealus pasirinkimas tiek pasivaik\u0161\u010diojimams, tiek dinami\u0161kiems nusileidimams nuo kaln\u0173.<\/p>\n<p>FUNKCIJOS<br \/>\nModelis: AD324\/2M<br \/>\nIlgis: 90 cm<br \/>\n2 stieb\u0173<br \/>\nMaksimali apkrova: 95 kg<br \/>\nPagaminta i\u0161 auk\u0161tos kokyb\u0117s buko medienos, tvirta ir patvari, tarnaus ilgus metus<br \/>\nLakuotas<br \/>\nMedin\u0117 s\u0117dyn\u0117<br \/>\nB\u0117gikai, kalti i\u0161 cinkuoto lak\u0161tinio metalo, atspar\u016bs korozijai<br \/>\nPagaminta Lenkijoje<\/p>\n<p>SAUGOS SERTIFIKATAI<br \/>\nM\u016bs\u0173 rog\u0117s atitinka saugos reikalavimus.<br \/>\nJie yra sertifikuoti T\u00dcV Th\u00fcringen ir GS.<\/p>\n<p>PLASTIKINIS ATLO\u0160AS \u010cIAUDYKL\u0116MS AD303 RAUDONAS<br \/>\nUniversalus AD303 rogu\u010di\u0173 atlo\u0161as, pagamintas i\u0161 auk\u0161tos kokyb\u0117s buko medienos ir lanks\u010di\u0173 plastikini\u0173 lenteli\u0173. Tai puikus sprendimas norint u\u017etikrinti papildom\u0105 komfort\u0105 ir saugum\u0105 \u017eiemos pramog\u0173 su vaikais metu. Lanks\u010dios lentel\u0117s leid\u017eia lengvai reguliuoti atlo\u0161\u0105 pagal bet kok\u012f s\u0117dyn\u0117s plot\u012f, tod\u0117l jis yra itin universalus. Atlo\u0161as tinka visoms m\u016bs\u0173 si\u016blomoms rogut\u0117ms, o saugus var\u017et\u0173 tvirtinimas u\u017etikrina stabilum\u0105 ir lengv\u0105 surinkim\u0105. Tvirtinimo var\u017etai yra \u012ftraukti.<\/p>\n<p>FUNKCIJOS<\/p>\n<p>Modelis: AD303<br \/>\nPagaminta i\u0161 auk\u0161tos kokyb\u0117s buko medienos, tvirta ir patvari, tarnaus ilgus metus.<br \/>\nLanks\u010dios plastikin\u0117s juostel\u0117s leid\u017eia lengvai reguliuoti atlo\u0161\u0105 pagal bet kok\u012f s\u0117dyn\u0117s plot\u012f 30\u201350 cm diapazone.<br \/>\nBendras ilgis: 100 cm<br \/>\nAtlo\u0161as tinka visoms m\u016bs\u0173 si\u016blomoms rogut\u0117ms.<br \/>\nAtlo\u0161o komplekte yra tvirtinimo var\u017etai.<br \/>\nPlastikini\u0173 lenteli\u0173 spalva: RAUDONA<br \/>\nLakuotas<br \/>\nPagaminta Lenkijoje<\/p>\n<p>1,5 m AD300 ROGI\u0172 RANKENA<\/p>\n<p>Medin\u0117 rogu\u010di\u0173 rankena AD300 su 1,5 metro ilgio virve yra funkcionalus priedas, palengvinantis rogu\u010di\u0173 valdym\u0105 \u017eiemos pramog\u0173 metu. Tvirta medin\u0117 rankena ir patvarus virv\u0117 u\u017etikrina patog\u0173 ir saug\u0173 traukim\u0105. AD300 rankena idealiai tinka visiems m\u016bs\u0173 asortimento rogu\u010di\u0173 modeliams. Ji puikiai tinka bet kokiems \u017eiemos nuotykiams, u\u017etikrinant komfort\u0105 ir kontrol\u0119 naudojantis rogut\u0117mis.<\/p>\n<p>FUNKCIJOS<br \/>\nBendras laido ilgis \u2013 150 cm<br \/>\nRankenos matmenys: 13 x 2,5 cm<br \/>\nAtsitiktin\u0117s spalvos<\/p>","protected":false},"excerpt":{"rendered":"<p>AD324 D90 medini\u0173 rogu\u010di\u0173 komplektas + AD303 raudonas atlo\u0161as + AD300 virv\u0117. \u0160\u012f komplekt\u0105 sudaro medin\u0117s rog\u0117s AD324\/2M, 90 cm ilgio raudonas AD303 atlo\u0161as ir AD300 rogu\u010di\u0173 rankena su virve. AD324\/2M MEDIN\u0116S ROGUT\u0116S \u2013 ILGIS 90 CM. AD324\/2M yra tvirtos, dviej\u0173 kot\u0173 rog\u0117s, pagamintos i\u0161 tvirtos buko medienos. J\u0173 stabili konstrukcija [\u2026]<\/p>","protected":false},"featured_media":84954,"comment_status":"open","ping_status":"open","template":"","meta":[],"product_brand":[],"product_cat":[9251,9308,2113],"product_tag":[],"class_list":{"0":"post-84953","1":"product","2":"type-product","3":"status-publish","4":"has-post-thumbnail","6":"product_cat-musor","7":"product_cat-sanki-drewmax","8":"product_cat-drewmax","10":"first","11":"instock","12":"purchasable","13":"product-type-simple"},"_links":{"self":[{"href":"https:\/\/baldumarket.lt\/lt\/wp-json\/wp\/v2\/product\/84953","targetHints":{"allow":["GET"]}}],"collection":[{"href":"https:\/\/baldumarket.lt\/lt\/wp-json\/wp\/v2\/product"}],"about":[{"href":"https:\/\/baldumarket.lt\/lt\/wp-json\/wp\/v2\/types\/product"}],"replies":[{"embeddable":true,"href":"https:\/\/baldumarket.lt\/lt\/wp-json\/wp\/v2\/comments?post=84953"}],"wp:featuredmedia":[{"embeddable":true,"href":"https:\/\/baldumarket.lt\/lt\/wp-json\/wp\/v2\/media\/84954"}],"wp:attachment":[{"href":"https:\/\/baldumarket.lt\/lt\/wp-json\/wp\/v2\/media?parent=84953"}],"wp:term":[{"taxonomy":"product_brand","embeddable":true,"href":"https:\/\/baldumarket.lt\/lt\/wp-json\/wp\/v2\/product_brand?post=84953"},{"taxonomy":"product_cat","embeddable":true,"href":"https:\/\/baldumarket.lt\/lt\/wp-json\/wp\/v2\/product_cat?post=84953"},{"taxonomy":"product_tag","embeddable":true,"href":"https:\/\/baldumarket.lt\/lt\/wp-json\/wp\/v2\/product_tag?post=84953"}],"curies":[{"name":"wp","href":"https:\/\/api.w.org\/{rel}","templated":true}]}}