{"id":84943,"date":"2025-12-04T23:38:06","date_gmt":"2025-12-04T20:38:06","guid":{"rendered":"https:\/\/baldumarket.lt\/product\/komoda-sosnowa-rustikal-kd790\/"},"modified":"2026-02-04T00:23:28","modified_gmt":"2026-02-03T21:23:28","slug":"komoda-sosnowa-rustikal-kd790","status":"publish","type":"product","link":"https:\/\/baldumarket.lt\/lt\/product\/komoda-sosnowa-rustikal-kd790\/","title":{"rendered":"Pu\u0161in\u0117 komoda RUSTIKAL KD790"},"content":{"rendered":"<p>Unikali va\u0161kuota KD790 komoda, sukurta unikaliu kaimi\u0161ku stiliumi, pagaminta i\u0161 tvirtos pu\u0161ies medienos. \u012evairi\u0173 dyd\u017ei\u0173 stal\u010diai, skirting\u0173 spalv\u0173 ir ranken\u0117li\u0173 apdaila \u2013 nuo pat pirmos akimirkos, kai \u012f\u017eengsite, ji patrauks ak\u012f ir suteiks pavasario \u017eaismo bet kokiam interjerui. Komoda pasi\u017eymi patvaria ir tvirta konstrukcija. Ji puikiai tinka svetainei, prie\u0161kambariui ar r\u016bbinei. Ji suteiks bet kokiam interjerui unikali\u0105 atmosfer\u0105, kupin\u0105 \u0161ilumos ir \u0161eimos jaukumo. Jos funkcionalumas labai palengvina daikt\u0173 laikym\u0105.<\/p>\n<p>KD790 pu\u0161in\u0117 komoda padengta nat\u016braliu bi\u010di\u0173 va\u0161ku, kuris sukuria apsaugin\u012f sluoksn\u012f nuo dr\u0117gm\u0117s ir kartu apsaugo medien\u0105. Va\u0161kavimo procesas pary\u0161kina nat\u016bral\u0173 medienos ra\u0161t\u0105 ir pagilina nat\u016brali\u0105 jos spalv\u0105. Bi\u010di\u0173 va\u0161kas yra nat\u016bralus produktas, tod\u0117l va\u0161kuoti baldai pasi\u017eymi antistatin\u0117mis savyb\u0117mis, ma\u017einan\u010diomis dulki\u0173 kaupim\u0105si. Papildomas va\u0161kuot\u0173 bald\u0173 privalumas \u2013 \u0161ilkinis lygus pavir\u0161ius ir malonus nat\u016bralios medienos aromatas.<\/p>\n<p>Sveikos medienos strukt\u016bros i\u0161saugojimas yra b\u016btinas va\u0161kuot\u0173 bald\u0173 ilgaam\u017ei\u0161kumui. Skyriuje \u201cVa\u0161kuot\u0173 bald\u0173 prie\u017ei\u016bra ir naudojimas\u201d rasite verting\u0173 patarim\u0173, kaip pri\u017ei\u016br\u0117ti \u201eRustikal\u201c kolekcijos baldus.<\/p>","protected":false},"excerpt":{"rendered":"<p>Unikali va\u0161kuota komoda KD790, sukurta unikaliu kaimi\u0161ku stiliumi, pagaminta i\u0161 tvirtos pu\u0161ies medienos. \u012evairi\u0173 dyd\u017ei\u0173 stal\u010diai, skirting\u0173 spalv\u0173 ir ranken\u0117li\u0173 apdaila patrauks ak\u012f nuo pat pirmos akimirkos, kai \u012f\u017eengsite, ir suteiks pavasario \u017eavesio bet kokiam interjerui. Komoda gali pasigirti [\u2026]<\/p>","protected":false},"featured_media":84944,"comment_status":"open","ping_status":"open","template":"","meta":[],"product_brand":[],"product_cat":[9317,9305,1173,2113],"product_tag":[],"class_list":{"0":"post-84943","1":"product","2":"type-product","3":"status-publish","4":"has-post-thumbnail","6":"product_cat-collection-rustikal-drewmax","7":"product_cat-pine-furniture-drewmax","8":"product_cat-chests-of-drawers","9":"product_cat-drewmax","11":"first","12":"instock","13":"purchasable","14":"product-type-simple"},"_links":{"self":[{"href":"https:\/\/baldumarket.lt\/lt\/wp-json\/wp\/v2\/product\/84943","targetHints":{"allow":["GET"]}}],"collection":[{"href":"https:\/\/baldumarket.lt\/lt\/wp-json\/wp\/v2\/product"}],"about":[{"href":"https:\/\/baldumarket.lt\/lt\/wp-json\/wp\/v2\/types\/product"}],"replies":[{"embeddable":true,"href":"https:\/\/baldumarket.lt\/lt\/wp-json\/wp\/v2\/comments?post=84943"}],"wp:featuredmedia":[{"embeddable":true,"href":"https:\/\/baldumarket.lt\/lt\/wp-json\/wp\/v2\/media\/84944"}],"wp:attachment":[{"href":"https:\/\/baldumarket.lt\/lt\/wp-json\/wp\/v2\/media?parent=84943"}],"wp:term":[{"taxonomy":"product_brand","embeddable":true,"href":"https:\/\/baldumarket.lt\/lt\/wp-json\/wp\/v2\/product_brand?post=84943"},{"taxonomy":"product_cat","embeddable":true,"href":"https:\/\/baldumarket.lt\/lt\/wp-json\/wp\/v2\/product_cat?post=84943"},{"taxonomy":"product_tag","embeddable":true,"href":"https:\/\/baldumarket.lt\/lt\/wp-json\/wp\/v2\/product_tag?post=84943"}],"curies":[{"name":"wp","href":"https:\/\/api.w.org\/{rel}","templated":true}]}}