{"id":84939,"date":"2025-12-04T23:38:03","date_gmt":"2025-12-04T20:38:03","guid":{"rendered":"https:\/\/baldumarket.lt\/product\/krzeslo-debowe-kt396-dab-naturalny\/"},"modified":"2026-02-04T00:23:28","modified_gmt":"2026-02-03T21:23:28","slug":"krzeslo-debowe-kt396-dab-naturalny","status":"publish","type":"product","link":"https:\/\/baldumarket.lt\/lt\/product\/krzeslo-debowe-kt396-dab-naturalny\/","title":{"rendered":"\u0104\u017euolin\u0117 k\u0117d\u0117 KT396, nat\u016bralus \u0105\u017euolas"},"content":{"rendered":"<p>KT396 k\u0117d\u0117 pagaminta i\u0161 tvirtos \u0105\u017euolo medienos. D\u0117l modernaus stiliaus ji puikiai dera prie dabartini\u0173 tendencij\u0173. Komfort\u0105 u\u017etikrina apmu\u0161ta s\u0117dyn\u0117 ir dekoratyvus, apmu\u0161tas atlo\u0161as.<\/p>\n<p>Apmu\u0161alai si\u016blomi pasirinktose \u201eToptextil\u201c kolekcijose i\u0161 \u201eDrewmax\u201c katalogo.<\/p>","protected":false},"excerpt":{"rendered":"<p>KT396 k\u0117d\u0117 pagaminta i\u0161 tvirtos \u0105\u017euolo medienos. D\u0117l modernaus stiliaus ji puikiai dera prie dabartini\u0173 tendencij\u0173. Komfort\u0105 u\u017etikrina apmu\u0161ta s\u0117dyn\u0117 ir dekoratyvus, apmu\u0161tas atlo\u0161as. Apmu\u0161alus galima \u012fsigyti pasirinktose \u201eToptextil\u201c kolekcijose i\u0161 \u201eDrewmax\u201c katalogo.<\/p>","protected":false},"featured_media":84940,"comment_status":"open","ping_status":"open","template":"","meta":[],"product_brand":[],"product_cat":[9303,1930,2113],"product_tag":[],"class_list":{"0":"post-84939","1":"product","2":"type-product","3":"status-publish","4":"has-post-thumbnail","6":"product_cat-oak-furniture-drewmax","7":"product_cat-chairs","8":"product_cat-drewmax","10":"first","11":"instock","12":"purchasable","13":"product-type-simple"},"_links":{"self":[{"href":"https:\/\/baldumarket.lt\/lt\/wp-json\/wp\/v2\/product\/84939","targetHints":{"allow":["GET"]}}],"collection":[{"href":"https:\/\/baldumarket.lt\/lt\/wp-json\/wp\/v2\/product"}],"about":[{"href":"https:\/\/baldumarket.lt\/lt\/wp-json\/wp\/v2\/types\/product"}],"replies":[{"embeddable":true,"href":"https:\/\/baldumarket.lt\/lt\/wp-json\/wp\/v2\/comments?post=84939"}],"wp:featuredmedia":[{"embeddable":true,"href":"https:\/\/baldumarket.lt\/lt\/wp-json\/wp\/v2\/media\/84940"}],"wp:attachment":[{"href":"https:\/\/baldumarket.lt\/lt\/wp-json\/wp\/v2\/media?parent=84939"}],"wp:term":[{"taxonomy":"product_brand","embeddable":true,"href":"https:\/\/baldumarket.lt\/lt\/wp-json\/wp\/v2\/product_brand?post=84939"},{"taxonomy":"product_cat","embeddable":true,"href":"https:\/\/baldumarket.lt\/lt\/wp-json\/wp\/v2\/product_cat?post=84939"},{"taxonomy":"product_tag","embeddable":true,"href":"https:\/\/baldumarket.lt\/lt\/wp-json\/wp\/v2\/product_tag?post=84939"}],"curies":[{"name":"wp","href":"https:\/\/api.w.org\/{rel}","templated":true}]}}