{"id":84929,"date":"2025-12-04T23:37:47","date_gmt":"2025-12-04T20:37:47","guid":{"rendered":"https:\/\/baldumarket.lt\/product\/noga-metalowa-modern-ng003-stare-zloto-2\/"},"modified":"2026-02-04T00:23:31","modified_gmt":"2026-02-03T21:23:31","slug":"noga-metalowa-modern-ng003-stare-zloto-2","status":"publish","type":"product","link":"https:\/\/baldumarket.lt\/lt\/product\/noga-metalowa-modern-ng003-stare-zloto-2\/","title":{"rendered":"Metalin\u0117 koja MODERN NG003 sendinto aukso spalvos"},"content":{"rendered":"<p>Metalin\u0117 koja, skirta visiems \u201eModern\u201c kolekcijos baldams ir kavos staliukui ST164 (buko) \/ ST364 (\u0105\u017euolo).<\/p>\n<p>Koja yra trij\u0173 auk\u0161\u010di\u0173: 12, 15 ir 18 cm, ir keturi\u0173 spalv\u0173, tod\u0117l galite laisvai kurti i\u0161d\u0117stym\u0105, naudodami baldus i\u0161 \u201eModern\u201c kolekcijos.<\/p>","protected":false},"excerpt":{"rendered":"<p>Metalin\u0117 koja, skirta visiems \u201eModern\u201c kolekcijos baldams ir kavos staliukui ST164 (buko) \/ ST364 (\u0105\u017euolo). Koja yra trij\u0173 auk\u0161\u010di\u0173: 12, 15 ir 18 cm, ir keturi\u0173 spalv\u0173, tod\u0117l galite laisvai kurti bald\u0173 i\u0161d\u0117stym\u0105, naudodami \u201eModern\u201c kolekcijos baldus.<\/p>","protected":false},"featured_media":84920,"comment_status":"open","ping_status":"open","template":"","meta":[],"product_brand":[],"product_cat":[9316,9251,9315,2113],"product_tag":[],"class_list":{"0":"post-84929","1":"product","2":"type-product","3":"status-publish","4":"has-post-thumbnail","6":"product_cat-metal-collection-drewmax","7":"product_cat-musor","8":"product_cat-the-modern-collection-drewmax","9":"product_cat-drewmax","11":"first","12":"instock","13":"purchasable","14":"product-type-simple"},"_links":{"self":[{"href":"https:\/\/baldumarket.lt\/lt\/wp-json\/wp\/v2\/product\/84929","targetHints":{"allow":["GET"]}}],"collection":[{"href":"https:\/\/baldumarket.lt\/lt\/wp-json\/wp\/v2\/product"}],"about":[{"href":"https:\/\/baldumarket.lt\/lt\/wp-json\/wp\/v2\/types\/product"}],"replies":[{"embeddable":true,"href":"https:\/\/baldumarket.lt\/lt\/wp-json\/wp\/v2\/comments?post=84929"}],"wp:featuredmedia":[{"embeddable":true,"href":"https:\/\/baldumarket.lt\/lt\/wp-json\/wp\/v2\/media\/84920"}],"wp:attachment":[{"href":"https:\/\/baldumarket.lt\/lt\/wp-json\/wp\/v2\/media?parent=84929"}],"wp:term":[{"taxonomy":"product_brand","embeddable":true,"href":"https:\/\/baldumarket.lt\/lt\/wp-json\/wp\/v2\/product_brand?post=84929"},{"taxonomy":"product_cat","embeddable":true,"href":"https:\/\/baldumarket.lt\/lt\/wp-json\/wp\/v2\/product_cat?post=84929"},{"taxonomy":"product_tag","embeddable":true,"href":"https:\/\/baldumarket.lt\/lt\/wp-json\/wp\/v2\/product_tag?post=84929"}],"curies":[{"name":"wp","href":"https:\/\/api.w.org\/{rel}","templated":true}]}}