{"id":84911,"date":"2025-12-04T23:37:32","date_gmt":"2025-12-04T20:37:32","guid":{"rendered":"https:\/\/baldumarket.lt\/product\/zaglowek-panel-tapicerowany-zg500\/"},"modified":"2026-02-04T00:23:32","modified_gmt":"2026-02-03T21:23:32","slug":"zaglowek-panel-tapicerowany-zg500","status":"publish","type":"product","link":"https:\/\/baldumarket.lt\/lt\/product\/zaglowek-panel-tapicerowany-zg500\/","title":{"rendered":"Galvos atramos apmu\u0161alas ZG500"},"content":{"rendered":"<p>ZG500 apmu\u0161tas galv\u016bgalis buvo sukurtas atsi\u017evelgiant \u012f individualius m\u016bs\u0173 klient\u0173 poreikius. Dabar jie gali susikurti savo miegamajam lov\u0105, atitinkan\u010di\u0105 j\u0173 l\u016bkes\u010dius ir svetingumo industrijos poreikius. Naudodami atskir\u0105 galv\u016bgal\u012f, galite laisvai kurti vie\u0161bu\u010dio modulius pasirinkto plo\u010dio, spalv\u0173 schemos ir lovos modelio.<\/p>\n<p>Galv\u016bgalis puikiai dera su LK185 BOX ir LK185 lovomis.<\/p>\n<p>Galv\u016bgal\u012f galima \u012fsigyti pasirinktose \u201eToptextil\u201c apmu\u0161al\u0173 kolekcijose i\u0161 \u201eDrewmax\u201c katalogo (netaikoma ATOS kolekcijai).<\/p>\n<p>Faktiniai vienos plok\u0161t\u0117s matmenys: plotis 20,5 cm, auk\u0161tis 140 cm ir gylis (visi\u0161kai suapvalintas) 5 cm, tod\u0117l pasirinkus tinkam\u0105 atskir\u0173 plok\u0161\u010di\u0173 skai\u010di\u0173, galima sukurti unikal\u0173 i\u0161d\u0117stym\u0105.<\/p>","protected":false},"excerpt":{"rendered":"<p>Mink\u0161tas galv\u016bgalis ZG500 buvo sukurtas atsi\u017evelgiant \u012f individualius m\u016bs\u0173 klient\u0173 poreikius. Dabar jie gali susikurti savo miegamajam lov\u0105, atitinkan\u010di\u0105 j\u0173 l\u016bkes\u010dius ir svetingumo industrijos poreikius. Naudodami atskir\u0105 galv\u016bgal\u012f, galite laisvai kurti vie\u0161bu\u010dio modulius pasirinkto plo\u010dio, spalv\u0173 schemos ir [\u2026]<\/p>","protected":false},"featured_media":84912,"comment_status":"open","ping_status":"open","template":"","meta":[],"product_brand":[],"product_cat":[9310,9251,2113],"product_tag":[],"class_list":{"0":"post-84911","1":"product","2":"type-product","3":"status-publish","4":"has-post-thumbnail","6":"product_cat-bed-racks-drewmax","7":"product_cat-musor","8":"product_cat-drewmax","10":"first","11":"instock","12":"purchasable","13":"product-type-simple"},"_links":{"self":[{"href":"https:\/\/baldumarket.lt\/lt\/wp-json\/wp\/v2\/product\/84911","targetHints":{"allow":["GET"]}}],"collection":[{"href":"https:\/\/baldumarket.lt\/lt\/wp-json\/wp\/v2\/product"}],"about":[{"href":"https:\/\/baldumarket.lt\/lt\/wp-json\/wp\/v2\/types\/product"}],"replies":[{"embeddable":true,"href":"https:\/\/baldumarket.lt\/lt\/wp-json\/wp\/v2\/comments?post=84911"}],"wp:featuredmedia":[{"embeddable":true,"href":"https:\/\/baldumarket.lt\/lt\/wp-json\/wp\/v2\/media\/84912"}],"wp:attachment":[{"href":"https:\/\/baldumarket.lt\/lt\/wp-json\/wp\/v2\/media?parent=84911"}],"wp:term":[{"taxonomy":"product_brand","embeddable":true,"href":"https:\/\/baldumarket.lt\/lt\/wp-json\/wp\/v2\/product_brand?post=84911"},{"taxonomy":"product_cat","embeddable":true,"href":"https:\/\/baldumarket.lt\/lt\/wp-json\/wp\/v2\/product_cat?post=84911"},{"taxonomy":"product_tag","embeddable":true,"href":"https:\/\/baldumarket.lt\/lt\/wp-json\/wp\/v2\/product_tag?post=84911"}],"curies":[{"name":"wp","href":"https:\/\/api.w.org\/{rel}","templated":true}]}}