{"id":84910,"date":"2025-12-04T23:37:31","date_gmt":"2025-12-04T20:37:31","guid":{"rendered":"https:\/\/baldumarket.lt\/product\/stolik-kawowy-bukowy-st164-buk-naturalny\/"},"modified":"2026-02-04T00:23:32","modified_gmt":"2026-02-03T21:23:32","slug":"stolik-kawowy-bukowy-st164-buk-naturalny","status":"publish","type":"product","link":"https:\/\/baldumarket.lt\/lt\/product\/stolik-kawowy-bukowy-st164-buk-naturalny\/","title":{"rendered":"Buko kavos staliukas ST164 nat\u016bralus bukas"},"content":{"rendered":"<p>Iliustracin\u0117 nuotrauka i\u0161 \u0105\u017euolo medienos.<\/p>\n<p>ST164 kavos staliukas pagamintas i\u0161 tvirtos buko medienos. Paprastas dizainas puikiai dera tiek su klasikiniu, tiek su moderniu interjeru. Galite pasirinkti NG003 kojos spalv\u0105 ir auk\u0161t\u012f, taip suasmenindami stal\u0105. Po stalvir\u0161iu yra lentyna, puikiai tinkanti laikyti smulkius daiktus, \u017eurnalus ar knygas.<\/p>","protected":false},"excerpt":{"rendered":"<p>Iliustracin\u0117 nuotrauka i\u0161 \u0105\u017euolo medienos. ST164 kavos staliukas pagamintas i\u0161 tvirtos buko medienos. Jo paprastas dizainas puikiai dera tiek su klasikiniu, tiek su moderniu interjeru. Galite pasirinkti NG003 kojos spalv\u0105 ir auk\u0161t\u012f, tod\u0117l stal\u0105 gal\u0117site pritaikyti pagal savo skon\u012f. Po stalvir\u0161iu yra lentyna, puikiai tinkanti laikyti smulkius daiktus, \u017eurnalus, [\u2026]<\/p>","protected":false},"featured_media":81812,"comment_status":"open","ping_status":"open","template":"","meta":[],"product_brand":[],"product_cat":[9304,866,2113],"product_tag":[],"class_list":{"0":"post-84910","1":"product","2":"type-product","3":"status-publish","4":"has-post-thumbnail","6":"product_cat-beech-furniture-drewmax","7":"product_cat-coffee-tables","8":"product_cat-drewmax","10":"first","11":"instock","12":"purchasable","13":"product-type-simple"},"_links":{"self":[{"href":"https:\/\/baldumarket.lt\/lt\/wp-json\/wp\/v2\/product\/84910","targetHints":{"allow":["GET"]}}],"collection":[{"href":"https:\/\/baldumarket.lt\/lt\/wp-json\/wp\/v2\/product"}],"about":[{"href":"https:\/\/baldumarket.lt\/lt\/wp-json\/wp\/v2\/types\/product"}],"replies":[{"embeddable":true,"href":"https:\/\/baldumarket.lt\/lt\/wp-json\/wp\/v2\/comments?post=84910"}],"wp:featuredmedia":[{"embeddable":true,"href":"https:\/\/baldumarket.lt\/lt\/wp-json\/wp\/v2\/media\/81812"}],"wp:attachment":[{"href":"https:\/\/baldumarket.lt\/lt\/wp-json\/wp\/v2\/media?parent=84910"}],"wp:term":[{"taxonomy":"product_brand","embeddable":true,"href":"https:\/\/baldumarket.lt\/lt\/wp-json\/wp\/v2\/product_brand?post=84910"},{"taxonomy":"product_cat","embeddable":true,"href":"https:\/\/baldumarket.lt\/lt\/wp-json\/wp\/v2\/product_cat?post=84910"},{"taxonomy":"product_tag","embeddable":true,"href":"https:\/\/baldumarket.lt\/lt\/wp-json\/wp\/v2\/product_tag?post=84910"}],"curies":[{"name":"wp","href":"https:\/\/api.w.org\/{rel}","templated":true}]}}