{"id":84902,"date":"2025-12-04T23:37:20","date_gmt":"2025-12-04T20:37:20","guid":{"rendered":"https:\/\/baldumarket.lt\/product\/stol-debowy-st202-dab-kakao\/"},"modified":"2026-02-04T00:23:34","modified_gmt":"2026-02-03T21:23:34","slug":"stol-debowy-st202-dab-kakao","status":"publish","type":"product","link":"https:\/\/baldumarket.lt\/lt\/product\/stol-debowy-st202-dab-kakao\/","title":{"rendered":"\u0104\u017euolinis stalas ST202 kakavos \u0105\u017euolas"},"content":{"rendered":"<p>\u0104\u017euolinis stalas ST202 \u2013 tai tobulas paprastos formos ir modernaus dizaino derinys, puikiai tinkantis tiek klasikiniam, tiek moderniam interjerui. Jo industrinis charakteris kyla i\u0161 \u0161iltos, tvirtos \u0105\u017euolo medienos, kuri su\u0161ildo erdv\u0119, ir neapdoroto metalo, suteikian\u010dio baldui unikal\u0173 stili\u0173, derinio. Tvirtas lentjuos\u010di\u0173 stalvir\u0161is \u017eavi nat\u016bralia medienos tekst\u016bra, suteikian\u010dia kiekvienam baldui unikal\u0173, individual\u0173 charakter\u012f.<\/p>\n<p>Milteliniu b\u016bdu da\u017eytos metalin\u0117s kojel\u0117s u\u017etikrina patvarum\u0105 ir stabilum\u0105, pabr\u0117\u017eiant minimalistin\u0119, industrin\u0119 stalo i\u0161vaizd\u0105. D\u0117l netradicinio dizaino \u0105\u017euolinis ST202 stalas tampa \u012fsp\u016bdingu bet kurio valgomojo ar svetain\u0117s akcentu, sukuriant darni\u0105 ir ak\u012f traukian\u010di\u0105 i\u0161vaizd\u0105.<\/p>\n<p>Investuokite \u012f nesenstant\u012f dizain\u0105 ir funkcionalum\u0105! \u0104\u017euolinis stalas ST202 \u2013 puikus pasirinkimas, suteikiantis j\u016bs\u0173 interjerui nat\u016bralaus elegancijos ir industrinio charakterio, tapsiantis j\u016bs\u0173 erdv\u0117s traukos centru.<\/p>","protected":false},"excerpt":{"rendered":"<p>\u0104\u017euolinis stalas ST202 \u2013 tai tobulas paprastos formos ir modernaus dizaino derinys, puikiai tinkantis tiek klasikiniam, tiek moderniam interjerui. Jo industrinis charakteris kyla i\u0161 \u0161iltos, tvirtos \u0105\u017euolo medienos, kuri su\u0161ildo erdv\u0119, ir neapdoroto metalo, suteikian\u010dio baldui unikal\u0173 stili\u0173, derinio. Tvirtas lentjuostis stalvir\u0161is \u017eavi savo nat\u016braliu [\u2026]<\/p>","protected":false},"featured_media":84897,"comment_status":"open","ping_status":"open","template":"","meta":[],"product_brand":[],"product_cat":[9303,2113,1934],"product_tag":[],"class_list":{"0":"post-84902","1":"product","2":"type-product","3":"status-publish","4":"has-post-thumbnail","6":"product_cat-oak-furniture-drewmax","7":"product_cat-drewmax","8":"product_cat-tables","10":"first","11":"instock","12":"purchasable","13":"product-type-simple"},"_links":{"self":[{"href":"https:\/\/baldumarket.lt\/lt\/wp-json\/wp\/v2\/product\/84902","targetHints":{"allow":["GET"]}}],"collection":[{"href":"https:\/\/baldumarket.lt\/lt\/wp-json\/wp\/v2\/product"}],"about":[{"href":"https:\/\/baldumarket.lt\/lt\/wp-json\/wp\/v2\/types\/product"}],"replies":[{"embeddable":true,"href":"https:\/\/baldumarket.lt\/lt\/wp-json\/wp\/v2\/comments?post=84902"}],"wp:featuredmedia":[{"embeddable":true,"href":"https:\/\/baldumarket.lt\/lt\/wp-json\/wp\/v2\/media\/84897"}],"wp:attachment":[{"href":"https:\/\/baldumarket.lt\/lt\/wp-json\/wp\/v2\/media?parent=84902"}],"wp:term":[{"taxonomy":"product_brand","embeddable":true,"href":"https:\/\/baldumarket.lt\/lt\/wp-json\/wp\/v2\/product_brand?post=84902"},{"taxonomy":"product_cat","embeddable":true,"href":"https:\/\/baldumarket.lt\/lt\/wp-json\/wp\/v2\/product_cat?post=84902"},{"taxonomy":"product_tag","embeddable":true,"href":"https:\/\/baldumarket.lt\/lt\/wp-json\/wp\/v2\/product_tag?post=84902"}],"curies":[{"name":"wp","href":"https:\/\/api.w.org\/{rel}","templated":true}]}}