{"id":84887,"date":"2025-12-04T23:37:05","date_gmt":"2025-12-04T20:37:05","guid":{"rendered":"https:\/\/baldumarket.lt\/product\/stolik-kawowy-debowy-st364-dab-miodowy\/"},"modified":"2026-02-04T00:23:35","modified_gmt":"2026-02-03T21:23:35","slug":"stolik-kawowy-debowy-st364-dab-miodowy","status":"publish","type":"product","link":"https:\/\/baldumarket.lt\/lt\/product\/stolik-kawowy-debowy-st364-dab-miodowy\/","title":{"rendered":"\u0104\u017euolinis kavos staliukas ST364 medaus \u0105\u017euolo spalvos"},"content":{"rendered":"<p>ST364 kavos staliukas pagamintas i\u0161 \u0105\u017euolo masyvo, tod\u0117l yra i\u0161skirtinio patvarumo ir i\u0161ry\u0161kina nat\u016bral\u0173 \u0161ios med\u017eiagos gro\u017e\u012f. Paprastas dizainas puikiai tinka tiek klasikiniam, tiek moderniam interjerui. 4 cm storio stalvir\u0161is, pagamintas i\u0161 \u0105\u017euolo masyvo lenteli\u0173, u\u017etikrina patvarum\u0105 ir unikali\u0105 i\u0161vaizd\u0105. Lenteli\u0173, arba sujungt\u0173 i\u0161ilgini\u0173 lenteli\u0173, strukt\u016bra suteikia stalui unikal\u0173 charakter\u012f. Po stalvir\u0161iu yra prakti\u0161ka lentyna, puikiai tinkanti laikyti naudingus daiktus, tokius kaip knygos, \u017eurnalai, nuotolinio valdymo pulteliai ar kiti smulk\u016bs daiktai, kuriuos norite laikyti po ranka.<\/p>\n<p>Vienas did\u017eiausi\u0173 \u0161io modelio privalum\u0173 yra galimyb\u0117 j\u012f pritaikyti pagal savo poreikius \u2013 galite pasirinkti NG003 metalini\u0173 koj\u0173 spalv\u0105 ir auk\u0161t\u012f, taip pritaikydami stal\u0105 pagal savo pageidavimus ir interjero charakter\u012f. Tai leid\u017eia ST364 stalui puikiai der\u0117ti bet kokioje erdv\u0117je.<\/p>","protected":false},"excerpt":{"rendered":"<p>ST364 kavos staliukas pagamintas i\u0161 \u0105\u017euolo masyvo, tod\u0117l jis yra i\u0161skirtinai patvarus ir i\u0161ry\u0161kina nat\u016bral\u0173 \u0161ios med\u017eiagos gro\u017e\u012f. D\u0117l paprasto dizaino jis puikiai tinka tiek klasikiniam, tiek moderniam interjerui. 4 cm storio stalvir\u0161is, pagamintas i\u0161 \u0105\u017euolo masyvo lenteli\u0173, u\u017etikrina patvarum\u0105 ir unikali\u0105 i\u0161vaizd\u0105. Staliuko strukt\u016bra [\u2026]<\/p>","protected":false},"featured_media":81812,"comment_status":"open","ping_status":"open","template":"","meta":[],"product_brand":[],"product_cat":[9303,2113,1934],"product_tag":[],"class_list":{"0":"post-84887","1":"product","2":"type-product","3":"status-publish","4":"has-post-thumbnail","6":"product_cat-oak-furniture-drewmax","7":"product_cat-drewmax","8":"product_cat-tables","10":"first","11":"instock","12":"purchasable","13":"product-type-simple"},"_links":{"self":[{"href":"https:\/\/baldumarket.lt\/lt\/wp-json\/wp\/v2\/product\/84887","targetHints":{"allow":["GET"]}}],"collection":[{"href":"https:\/\/baldumarket.lt\/lt\/wp-json\/wp\/v2\/product"}],"about":[{"href":"https:\/\/baldumarket.lt\/lt\/wp-json\/wp\/v2\/types\/product"}],"replies":[{"embeddable":true,"href":"https:\/\/baldumarket.lt\/lt\/wp-json\/wp\/v2\/comments?post=84887"}],"wp:featuredmedia":[{"embeddable":true,"href":"https:\/\/baldumarket.lt\/lt\/wp-json\/wp\/v2\/media\/81812"}],"wp:attachment":[{"href":"https:\/\/baldumarket.lt\/lt\/wp-json\/wp\/v2\/media?parent=84887"}],"wp:term":[{"taxonomy":"product_brand","embeddable":true,"href":"https:\/\/baldumarket.lt\/lt\/wp-json\/wp\/v2\/product_brand?post=84887"},{"taxonomy":"product_cat","embeddable":true,"href":"https:\/\/baldumarket.lt\/lt\/wp-json\/wp\/v2\/product_cat?post=84887"},{"taxonomy":"product_tag","embeddable":true,"href":"https:\/\/baldumarket.lt\/lt\/wp-json\/wp\/v2\/product_tag?post=84887"}],"curies":[{"name":"wp","href":"https:\/\/api.w.org\/{rel}","templated":true}]}}