{"id":84861,"date":"2025-12-04T23:36:39","date_gmt":"2025-12-04T20:36:39","guid":{"rendered":"https:\/\/baldumarket.lt\/product\/rama-do-skrzyni-front-3\/"},"modified":"2026-02-04T00:23:40","modified_gmt":"2026-02-03T21:23:40","slug":"rama-do-skrzyni-front-3","status":"publish","type":"product","link":"https:\/\/baldumarket.lt\/lt\/product\/rama-do-skrzyni-front-3\/","title":{"rendered":"R\u0117melis FRONT d\u0117\u017eut\u0117ms"},"content":{"rendered":"<p>Metalinis r\u0117mas FRONT d\u0117\u017eei su pak\u0117limu ir r\u0117mu, skirtas lovoms, atidaromoms \u012f priek\u012f \u2013 LK111 BOX, LK112 BOX, LK 114 BOX, LK114\/II BOX, LK211 BOX, LK212 BOX, LK214 BOX, LK214\/II BOX.<\/p>\n<p>R\u0117mas pagamintas i\u0161 patvaraus, korozijai atsparaus metalo, u\u017etikrinan\u010dio ilgalaik\u012f naudojim\u0105. R\u0117me yra \u012fmontuotas keltuvas, leid\u017eiantis lov\u0105 pakelti ir nuleisti pagal individualius naudotojo poreikius. Be to, r\u0117mas turi lanks\u010dias lenteles, kurios u\u017etikrina optimal\u0173 \u010diu\u017einio palaikym\u0105, tolygiai paskirstant k\u016bno svor\u012f ir suma\u017einant spaudim\u0105 svorio centrams.<\/p>","protected":false},"excerpt":{"rendered":"<p>Metalinis r\u0117mas FRONT d\u0117\u017eei su pak\u0117limu ir r\u0117mu, skirtas lovoms, atidaromoms \u012f priek\u012f \u2013 LK111 BOX, LK112 BOX, LK 114 BOX, LK114\/II BOX, LK211 BOX, LK212 BOX, LK214 BOX, LK214\/II BOX. R\u0117mas pagamintas i\u0161 patvaraus, korozijai atsparaus metalo, u\u017etikrinan\u010dio ilgalaik\u012f naudojim\u0105. R\u0117me yra \u012fmontuotas pak\u0117limas, kuris leid\u017eia lovai [\u2026]<\/p>","protected":false},"featured_media":84792,"comment_status":"open","ping_status":"open","template":"","meta":[],"product_brand":[],"product_cat":[9310,9251,2113],"product_tag":[],"class_list":{"0":"post-84861","1":"product","2":"type-product","3":"status-publish","4":"has-post-thumbnail","6":"product_cat-bed-racks-drewmax","7":"product_cat-musor","8":"product_cat-drewmax","10":"first","11":"instock","12":"purchasable","13":"product-type-simple"},"_links":{"self":[{"href":"https:\/\/baldumarket.lt\/lt\/wp-json\/wp\/v2\/product\/84861","targetHints":{"allow":["GET"]}}],"collection":[{"href":"https:\/\/baldumarket.lt\/lt\/wp-json\/wp\/v2\/product"}],"about":[{"href":"https:\/\/baldumarket.lt\/lt\/wp-json\/wp\/v2\/types\/product"}],"replies":[{"embeddable":true,"href":"https:\/\/baldumarket.lt\/lt\/wp-json\/wp\/v2\/comments?post=84861"}],"wp:featuredmedia":[{"embeddable":true,"href":"https:\/\/baldumarket.lt\/lt\/wp-json\/wp\/v2\/media\/84792"}],"wp:attachment":[{"href":"https:\/\/baldumarket.lt\/lt\/wp-json\/wp\/v2\/media?parent=84861"}],"wp:term":[{"taxonomy":"product_brand","embeddable":true,"href":"https:\/\/baldumarket.lt\/lt\/wp-json\/wp\/v2\/product_brand?post=84861"},{"taxonomy":"product_cat","embeddable":true,"href":"https:\/\/baldumarket.lt\/lt\/wp-json\/wp\/v2\/product_cat?post=84861"},{"taxonomy":"product_tag","embeddable":true,"href":"https:\/\/baldumarket.lt\/lt\/wp-json\/wp\/v2\/product_tag?post=84861"}],"curies":[{"name":"wp","href":"https:\/\/api.w.org\/{rel}","templated":true}]}}