{"id":8485,"date":"2025-11-14T03:59:18","date_gmt":"2025-11-14T00:59:18","guid":{"rendered":"https:\/\/baldumarket.lt\/product\/aros\/"},"modified":"2026-03-24T18:02:04","modified_gmt":"2026-03-24T15:02:04","slug":"aros","status":"publish","type":"product","link":"https:\/\/baldumarket.lt\/lt\/product\/aros\/","title":{"rendered":"Arosas"},"content":{"rendered":"<p>\u201eAros\u201c \u2013 stilinga ir eleganti\u0161ka 150 x 90 x 103 cm dyd\u017eio sofa, kuri neabejotinai pritrauks d\u0117mes\u012f. Be originalaus dizaino ir retro apdailos, verta pabr\u0117\u017eti ir i\u0161skirtin\u012f patogum\u0105. Patogum\u0105 daugiausia lemia s\u0117dyn\u0117s u\u017epildas, kur\u012f sudaro vingiuota spyruokl\u0117 ir T30 putplastis. Tarp vizuali\u0173 element\u0173, i\u0161skirian\u010di\u0173 \u0161\u012f bald\u0105, yra dygsniuota ir dygsniuota galvos atrama, auk\u0161tos, tekintos medin\u0117s kojel\u0117s, auk\u0161ti porankiai ir daugyb\u0117 galim\u0173 spalv\u0173 variant\u0173. \u201eAros\u201c \u2013 tai baldas, kuris d\u0117l savo i\u0161vaizdos ir patogumo bus puiki vitrina bet kuriuose namuose.<\/p>","protected":false},"excerpt":{"rendered":"<p>\u201eAros\u201c \u2013 stilinga ir eleganti\u0161ka 150 x 90 x 103 cm dyd\u017eio sofa, kuri tikrai pritrauks d\u0117mes\u012f. Be originalaus dizaino ir retro apdailos, verta pabr\u0117\u017eti ir i\u0161skirtin\u012f patogum\u0105. Patogum\u0105 daugiausia lemia s\u0117dyn\u0117s u\u017epildas, kur\u012f sudaro vingiuota spyruokl\u0117 ir T30 putplastis. Tarp vizualini\u0173 element\u0173 [\u2026]<\/p>","protected":false},"featured_media":8486,"comment_status":"open","ping_status":"open","template":"","meta":[],"product_brand":[],"product_cat":[2012,9170,560],"product_tag":[],"class_list":{"0":"post-8485","1":"product","2":"type-product","3":"status-publish","4":"has-post-thumbnail","6":"product_cat-eltap","7":"product_cat-sofy-i-kanapy-eltap","8":"product_cat-sofas-and-couches","10":"first","11":"instock","12":"purchasable","13":"product-type-variable","14":"wvs-archive-product-wrapper"},"_links":{"self":[{"href":"https:\/\/baldumarket.lt\/lt\/wp-json\/wp\/v2\/product\/8485","targetHints":{"allow":["GET"]}}],"collection":[{"href":"https:\/\/baldumarket.lt\/lt\/wp-json\/wp\/v2\/product"}],"about":[{"href":"https:\/\/baldumarket.lt\/lt\/wp-json\/wp\/v2\/types\/product"}],"replies":[{"embeddable":true,"href":"https:\/\/baldumarket.lt\/lt\/wp-json\/wp\/v2\/comments?post=8485"}],"wp:featuredmedia":[{"embeddable":true,"href":"https:\/\/baldumarket.lt\/lt\/wp-json\/wp\/v2\/media\/8486"}],"wp:attachment":[{"href":"https:\/\/baldumarket.lt\/lt\/wp-json\/wp\/v2\/media?parent=8485"}],"wp:term":[{"taxonomy":"product_brand","embeddable":true,"href":"https:\/\/baldumarket.lt\/lt\/wp-json\/wp\/v2\/product_brand?post=8485"},{"taxonomy":"product_cat","embeddable":true,"href":"https:\/\/baldumarket.lt\/lt\/wp-json\/wp\/v2\/product_cat?post=8485"},{"taxonomy":"product_tag","embeddable":true,"href":"https:\/\/baldumarket.lt\/lt\/wp-json\/wp\/v2\/product_tag?post=8485"}],"curies":[{"name":"wp","href":"https:\/\/api.w.org\/{rel}","templated":true}]}}