{"id":84824,"date":"2025-12-04T23:35:59","date_gmt":"2025-12-04T20:35:59","guid":{"rendered":"https:\/\/baldumarket.lt\/product\/stol-metalowo-debowy-st388-dab-naturalny-13\/"},"modified":"2026-02-04T00:23:48","modified_gmt":"2026-02-03T21:23:48","slug":"stol-metalowo-debowy-st388-dab-naturalny-13","status":"publish","type":"product","link":"https:\/\/baldumarket.lt\/lt\/product\/stol-metalowo-debowy-st388-dab-naturalny-13\/","title":{"rendered":"Metalinis ir \u0105\u017euolinis stalas ST388 nat\u016bralus \u0105\u017euolas"},"content":{"rendered":"<p>ST388 metalinis ir \u0105\u017euolinis stalas i\u0161siskiria unikaliu, moderniu dizainu. Jo \u201cvoro\u201d formos kojel\u0117s, pagamintos i\u0161 milteliniu b\u016bdu da\u017eyto metalo, traukia ak\u012f savo susikry\u017eiavusia forma, suteikdamos baldui industrin\u012f, bet kartu ir eleganti\u0161k\u0105 charakter\u012f. 4 cm storio stalvir\u0161is pagamintas i\u0161 auk\u0161\u010diausios kokyb\u0117s \u0105\u017euolo masyvo, u\u017etikrinan\u010dio ilgaam\u017ei\u0161kum\u0105. Tai puikus pasirinkimas ie\u0161kantiems baldo, kuriame der\u0117t\u0173 modernus stilius, nat\u016bralus med\u017eio gro\u017eis ir tvirta meistryst\u0117.<\/p>\n<p>\u0104\u017euolinis stalas ST388 turi 40 cm plo\u010dio prisukamus prailginimus, tod\u0117l tai puikus pasirinkimas erdv\u0117ms, kuriose svarbiausia lankstumas ir pritaikomumas. Nesvarbu, ar rengiate \u0161eimos vakarien\u0119 neformaliai, ar didesn\u012f susib\u016brim\u0105, \u0161is stalas pakels akis \u012f prog\u0105.<\/p>\n<p>Galimos stalvir\u0161i\u0173 kra\u0161t\u0173 apdailos:<\/p>\n<p>Z9 \u2013 netaisyklingas kra\u0161tas, suteikiantis stalui neapdorot\u0105, nat\u016brali\u0105 i\u0161vaizd\u0105, puikiai deran\u010di\u0105 su industrin\u0117mis ir loft\u0173 erdv\u0117mis.<\/p>\n<p>Per\u017ei\u016br\u0117kite tekst\u016br\u0173 ir stalvir\u0161i\u0173 apdailos tipus.<\/p>","protected":false},"excerpt":{"rendered":"<p>ST388 metalinis ir \u0105\u017euolinis stalas i\u0161siskiria unikaliu, moderniu dizainu. Jo \u201cvoro\u201d formos kojel\u0117s, pagamintos i\u0161 milteliniu b\u016bdu da\u017eyto metalo, traukia ak\u012f savo susikry\u017eiavusia forma, suteikdamos stalui industrin\u012f, bet kartu ir eleganti\u0161k\u0105 charakter\u012f. 4 cm storio stalvir\u0161is pagamintas i\u0161 auk\u0161\u010diausios kokyb\u0117s \u0105\u017euolo masyvo, u\u017etikrinan\u010dio ilgaam\u017ei\u0161kum\u0105. Jis [\u2026]<\/p>","protected":false},"featured_media":84802,"comment_status":"open","ping_status":"open","template":"","meta":[],"product_brand":[],"product_cat":[9316,9303,2113,1934],"product_tag":[],"class_list":{"0":"post-84824","1":"product","2":"type-product","3":"status-publish","4":"has-post-thumbnail","6":"product_cat-metal-collection-drewmax","7":"product_cat-oak-furniture-drewmax","8":"product_cat-drewmax","9":"product_cat-tables","11":"first","12":"instock","13":"purchasable","14":"product-type-simple"},"_links":{"self":[{"href":"https:\/\/baldumarket.lt\/lt\/wp-json\/wp\/v2\/product\/84824","targetHints":{"allow":["GET"]}}],"collection":[{"href":"https:\/\/baldumarket.lt\/lt\/wp-json\/wp\/v2\/product"}],"about":[{"href":"https:\/\/baldumarket.lt\/lt\/wp-json\/wp\/v2\/types\/product"}],"replies":[{"embeddable":true,"href":"https:\/\/baldumarket.lt\/lt\/wp-json\/wp\/v2\/comments?post=84824"}],"wp:featuredmedia":[{"embeddable":true,"href":"https:\/\/baldumarket.lt\/lt\/wp-json\/wp\/v2\/media\/84802"}],"wp:attachment":[{"href":"https:\/\/baldumarket.lt\/lt\/wp-json\/wp\/v2\/media?parent=84824"}],"wp:term":[{"taxonomy":"product_brand","embeddable":true,"href":"https:\/\/baldumarket.lt\/lt\/wp-json\/wp\/v2\/product_brand?post=84824"},{"taxonomy":"product_cat","embeddable":true,"href":"https:\/\/baldumarket.lt\/lt\/wp-json\/wp\/v2\/product_cat?post=84824"},{"taxonomy":"product_tag","embeddable":true,"href":"https:\/\/baldumarket.lt\/lt\/wp-json\/wp\/v2\/product_tag?post=84824"}],"curies":[{"name":"wp","href":"https:\/\/api.w.org\/{rel}","templated":true}]}}