{"id":84794,"date":"2025-12-04T23:35:22","date_gmt":"2025-12-04T20:35:22","guid":{"rendered":"https:\/\/baldumarket.lt\/product\/krzeslo-debowe-kt395-lite-dab-dark\/"},"modified":"2026-02-04T00:23:52","modified_gmt":"2026-02-03T21:23:52","slug":"krzeslo-debowe-kt395-lite-dab-dark","status":"publish","type":"product","link":"https:\/\/baldumarket.lt\/lt\/product\/krzeslo-debowe-kt395-lite-dab-dark\/","title":{"rendered":"\u0104\u017euolin\u0117 k\u0117d\u0117 KT395 LITE tamsaus \u0105\u017euolo spalvos"},"content":{"rendered":"<p>Kurdami \u0105\u017euolin\u0119 KT395 lite k\u0117d\u0119, d\u0117mes\u012f skyr\u0117me ne tik estetikai, bet ir funkcionalumui. Tai leid\u017eia baldui atlikti \u012fvairius tikslus. Jis idealiai tinka virtuv\u0117ms ir valgomiesiems, taip pat biurams ir praustuvams. Paprastas dizainas puikiai tinka tiek klasikiniam, tiek moderniam interjerui. Patogus ir stabilus atlo\u0161as bei s\u0117dyn\u0117 u\u017etikrina komfort\u0105.<\/p>","protected":false},"excerpt":{"rendered":"<p>Kurdami \u0105\u017euolin\u0119 KT395 lite k\u0117d\u0119, mes sutelk\u0117me d\u0117mes\u012f ne tik \u012f estetik\u0105, bet ir \u012f funkcionalum\u0105. Tai leid\u017eia baldui atlikti \u012fvairius tikslus. Jis idealiai tinka virtuv\u0117ms ir valgomiesiems, taip pat biurams ir spintel\u0117ms. Paprastas dizainas daro j\u012f puikiu papildymu tiek klasikiniame, tiek moderniame interjere. [\u2026]<\/p>","protected":false},"featured_media":84795,"comment_status":"open","ping_status":"open","template":"","meta":[],"product_brand":[],"product_cat":[9303,1930,2113],"product_tag":[],"class_list":{"0":"post-84794","1":"product","2":"type-product","3":"status-publish","4":"has-post-thumbnail","6":"product_cat-oak-furniture-drewmax","7":"product_cat-chairs","8":"product_cat-drewmax","10":"first","11":"instock","12":"purchasable","13":"product-type-simple"},"_links":{"self":[{"href":"https:\/\/baldumarket.lt\/lt\/wp-json\/wp\/v2\/product\/84794","targetHints":{"allow":["GET"]}}],"collection":[{"href":"https:\/\/baldumarket.lt\/lt\/wp-json\/wp\/v2\/product"}],"about":[{"href":"https:\/\/baldumarket.lt\/lt\/wp-json\/wp\/v2\/types\/product"}],"replies":[{"embeddable":true,"href":"https:\/\/baldumarket.lt\/lt\/wp-json\/wp\/v2\/comments?post=84794"}],"wp:featuredmedia":[{"embeddable":true,"href":"https:\/\/baldumarket.lt\/lt\/wp-json\/wp\/v2\/media\/84795"}],"wp:attachment":[{"href":"https:\/\/baldumarket.lt\/lt\/wp-json\/wp\/v2\/media?parent=84794"}],"wp:term":[{"taxonomy":"product_brand","embeddable":true,"href":"https:\/\/baldumarket.lt\/lt\/wp-json\/wp\/v2\/product_brand?post=84794"},{"taxonomy":"product_cat","embeddable":true,"href":"https:\/\/baldumarket.lt\/lt\/wp-json\/wp\/v2\/product_cat?post=84794"},{"taxonomy":"product_tag","embeddable":true,"href":"https:\/\/baldumarket.lt\/lt\/wp-json\/wp\/v2\/product_tag?post=84794"}],"curies":[{"name":"wp","href":"https:\/\/api.w.org\/{rel}","templated":true}]}}