{"id":84745,"date":"2025-12-04T23:34:09","date_gmt":"2025-12-04T20:34:09","guid":{"rendered":"https:\/\/baldumarket.lt\/product\/stol-metalowo-debowy-st396-dab-dark-6\/"},"modified":"2026-02-04T00:24:05","modified_gmt":"2026-02-03T21:24:05","slug":"stol-metalowo-debowy-st396-dab-dark-6","status":"publish","type":"product","link":"https:\/\/baldumarket.lt\/lt\/product\/stol-metalowo-debowy-st396-dab-dark-6\/","title":{"rendered":"Metalinis ir \u0105\u017euolinis stalas ST396 tamsus \u0105\u017euolas"},"content":{"rendered":"<p>ST396 metalinis ir \u0105\u017euolinis stalas \u2013 tai tobulas nat\u016bralaus \u0105\u017euolo medienos ir modernaus, industrinio stiliaus metalinio pagrindo derinys. Apvalus stalvir\u0161is ir tvirta konstrukcija leid\u017eia ST396 stalui puikiai tinka tiek klasikiniame, tiek moderniame interjere.<\/p>\n<p>\u0104\u017euolinis stalas ST396 pasi\u017eymi 50 cm plo\u010dio prailginimo galimyb\u0117mis, tod\u0117l puikiai tinka erdv\u0117ms, kuriose svarbiausia yra lankstumas ir pritaikomumas. Nesvarbu, ar rengiate \u0161eimos vakarien\u0119 neformaliai, ar didesn\u012f susib\u016brim\u0105, \u0161is stalas pasiruo\u0161usiam i\u0161\u0161\u016bkiui.<\/p>\n<p>Per\u017ei\u016br\u0117kite stalvir\u0161i\u0173 tekst\u016bras ir apdail\u0105.<\/p>","protected":false},"excerpt":{"rendered":"<p>ST396 metalinis ir \u0105\u017euolinis stalas \u2013 tai tobulas nat\u016bralaus \u0105\u017euolo medienos ir modernaus, industrinio stiliaus metalinio pagrindo derinys. Apvalus stalvir\u0161is ir tvirta konstrukcija leid\u017eia ST396 stalui puikiai der\u0117ti tiek klasikiniame, tiek moderniame interjere. ST396 \u0105\u017euolinis stalas turi 50 cm plo\u010dio prailginimus, tod\u0117l jis yra [\u2026]<\/p>","protected":false},"featured_media":84717,"comment_status":"open","ping_status":"open","template":"","meta":[],"product_brand":[],"product_cat":[9316,9303,2113,1934],"product_tag":[],"class_list":{"0":"post-84745","1":"product","2":"type-product","3":"status-publish","4":"has-post-thumbnail","6":"product_cat-metal-collection-drewmax","7":"product_cat-oak-furniture-drewmax","8":"product_cat-drewmax","9":"product_cat-tables","11":"first","12":"instock","13":"purchasable","14":"product-type-simple"},"_links":{"self":[{"href":"https:\/\/baldumarket.lt\/lt\/wp-json\/wp\/v2\/product\/84745","targetHints":{"allow":["GET"]}}],"collection":[{"href":"https:\/\/baldumarket.lt\/lt\/wp-json\/wp\/v2\/product"}],"about":[{"href":"https:\/\/baldumarket.lt\/lt\/wp-json\/wp\/v2\/types\/product"}],"replies":[{"embeddable":true,"href":"https:\/\/baldumarket.lt\/lt\/wp-json\/wp\/v2\/comments?post=84745"}],"wp:featuredmedia":[{"embeddable":true,"href":"https:\/\/baldumarket.lt\/lt\/wp-json\/wp\/v2\/media\/84717"}],"wp:attachment":[{"href":"https:\/\/baldumarket.lt\/lt\/wp-json\/wp\/v2\/media?parent=84745"}],"wp:term":[{"taxonomy":"product_brand","embeddable":true,"href":"https:\/\/baldumarket.lt\/lt\/wp-json\/wp\/v2\/product_brand?post=84745"},{"taxonomy":"product_cat","embeddable":true,"href":"https:\/\/baldumarket.lt\/lt\/wp-json\/wp\/v2\/product_cat?post=84745"},{"taxonomy":"product_tag","embeddable":true,"href":"https:\/\/baldumarket.lt\/lt\/wp-json\/wp\/v2\/product_tag?post=84745"}],"curies":[{"name":"wp","href":"https:\/\/api.w.org\/{rel}","templated":true}]}}