{"id":84696,"date":"2025-12-04T23:33:15","date_gmt":"2025-12-04T20:33:15","guid":{"rendered":"https:\/\/baldumarket.lt\/product\/taczki-bob-mo277-swierk-tik\/"},"modified":"2026-02-04T00:24:13","modified_gmt":"2026-02-03T21:24:13","slug":"taczki-bob-mo277-swierk-tik","status":"publish","type":"product","link":"https:\/\/baldumarket.lt\/lt\/product\/taczki-bob-mo277-swierk-tik\/","title":{"rendered":"BOB karutis (MO277) i\u0161 tikmed\u017eio, egl\u0117s"},"content":{"rendered":"<p>BOB karu\u010diai<\/p>\n<p>BOB karu\u010diai \u2013 tai unikalus ir ak\u012f traukiantis sprendimas sodininkyst\u0117s entuziastams ir ie\u0161kantiems unikali\u0173 dekoratyvini\u0173 element\u0173. BOB sodo vazonas pagamintas i\u0161 auk\u0161\u010diausios kokyb\u0117s egl\u0117s medienos. Mediena yra tinkamai impregnuota, tod\u0117l d\u017eiugins ak\u012f daugel\u012f sezon\u0173. BOB dekoratyvinis vazonas yra tvirtas, patvarus ir labai atsparus nepalankioms oro s\u0105lygoms. Vazonas yra karu\u010dio formos, turi dvi rankenas ir dekoratyvin\u012f ratuk\u0105. \u0160i unikali forma suteikia jam unikal\u0173 charakter\u012f, kuris tikrai pritrauks sve\u010di\u0173 d\u0117mes\u012f.<\/p>\n<p>Pasirinkus med\u017eio masyvo sodo baldus ir aksesuarus, garantuojama auk\u0161\u010diausia kokyb\u0117 ir ilgaam\u017ei\u0161kumas. Kad mediniai sodo baldai tarnaut\u0173 jums ilgus metus, verta jais r\u016bpintis. Tinkamas medini\u0173 sodo bald\u0173 naudojimas ir prie\u017ei\u016bra ne tik u\u017etikrins j\u0173 savybes ir nepriekai\u0161ting\u0105 i\u0161vaizd\u0105 ilgam laikui, bet ir palengvins ne\u0161varum\u0173 pa\u0161alinim\u0105. Reguliarus med\u017eio masyvo sodo bald\u0173 impregnavimas, apsauga nuo dr\u0117gm\u0117s, UV spinduli\u0173 ir \u017eemos temperat\u016bros yra pagrindiniai \u017eingsniai, u\u017etikrinantys j\u016bs\u0173 medini\u0173 sodo bald\u0173 ilgaam\u017ei\u0161kum\u0105.<\/p>\n<p>Unikalus dekoratyvinio vazono BOB dizainas paver\u010dia j\u012f ne tik funkcionalia vieta augalams auginti, bet ir unikaliu dekoratyviniu elementu j\u016bs\u0173 sodui, terasai ar terasai. Originali i\u0161vaizda suteikia \u017eavesio bet kuriai erdvei ir leid\u017eia j\u016bs\u0173 aplinkai suteikti originalumo. Pasirinkite dekoratyvin\u012f sodo vazon\u0105 BOB ir sukurkite unikali\u0105 kompozicij\u0105, kuri ne tik pritrauks d\u0117mes\u012f savo ne\u012fprasta forma, bet ir pagerins j\u016bs\u0173 erdv\u0117s stili\u0173.<\/p>\n<p>Technin\u0117s specifikacijos:<\/p>\n<p>\u2705 Modelis: BOB<\/p>\n<p>\u2705 Medienos r\u016b\u0161is: egl\u0117<\/p>\n<p>\u2705 Plotis: 142 cm \/ 98 cm<\/p>\n<p>\u2705 Auk\u0161tis: 52 cm \/ 39 cm<\/p>\n<p>\u2705 Gylis: 58 cm \/ 40 cm<\/p>\n<p>\u2705 Svoris: 11 kg \/ 6 kg<\/p>","protected":false},"excerpt":{"rendered":"<p>BOB karu\u010diai BOB karu\u010diai \u2013 tai unikalus ir ak\u012f traukiantis sprendimas sodininkyst\u0117s entuziastams ir ie\u0161kantiems unikali\u0173 dekoratyvini\u0173 element\u0173. BOB sodo vazonas pagamintas i\u0161 auk\u0161\u010diausios kokyb\u0117s egl\u0117s medienos. Mediena yra tinkamai impregnuota, tod\u0117l d\u017eiugins ak\u012f daugel\u012f sezon\u0173. BOB dekoratyvinis vazonas yra tvirtas, patvarus ir labai [\u2026]<\/p>","protected":false},"featured_media":84697,"comment_status":"open","ping_status":"open","template":"","meta":[],"product_brand":[],"product_cat":[2113,1043],"product_tag":[],"class_list":{"0":"post-84696","1":"product","2":"type-product","3":"status-publish","4":"has-post-thumbnail","6":"product_cat-drewmax","7":"product_cat-extras","9":"first","10":"instock","11":"purchasable","12":"product-type-simple"},"_links":{"self":[{"href":"https:\/\/baldumarket.lt\/lt\/wp-json\/wp\/v2\/product\/84696","targetHints":{"allow":["GET"]}}],"collection":[{"href":"https:\/\/baldumarket.lt\/lt\/wp-json\/wp\/v2\/product"}],"about":[{"href":"https:\/\/baldumarket.lt\/lt\/wp-json\/wp\/v2\/types\/product"}],"replies":[{"embeddable":true,"href":"https:\/\/baldumarket.lt\/lt\/wp-json\/wp\/v2\/comments?post=84696"}],"wp:featuredmedia":[{"embeddable":true,"href":"https:\/\/baldumarket.lt\/lt\/wp-json\/wp\/v2\/media\/84697"}],"wp:attachment":[{"href":"https:\/\/baldumarket.lt\/lt\/wp-json\/wp\/v2\/media?parent=84696"}],"wp:term":[{"taxonomy":"product_brand","embeddable":true,"href":"https:\/\/baldumarket.lt\/lt\/wp-json\/wp\/v2\/product_brand?post=84696"},{"taxonomy":"product_cat","embeddable":true,"href":"https:\/\/baldumarket.lt\/lt\/wp-json\/wp\/v2\/product_cat?post=84696"},{"taxonomy":"product_tag","embeddable":true,"href":"https:\/\/baldumarket.lt\/lt\/wp-json\/wp\/v2\/product_tag?post=84696"}],"curies":[{"name":"wp","href":"https:\/\/api.w.org\/{rel}","templated":true}]}}