{"id":84692,"date":"2025-12-04T23:33:12","date_gmt":"2025-12-04T20:33:12","guid":{"rendered":"https:\/\/baldumarket.lt\/product\/buda-dla-psa-bruno-mo143-swierk-tik\/"},"modified":"2026-02-04T00:24:14","modified_gmt":"2026-02-03T21:24:14","slug":"buda-dla-psa-bruno-mo143-swierk-tik","status":"publish","type":"product","link":"https:\/\/baldumarket.lt\/lt\/produktas\/buda-dla-psa-bruno-mo143-swierk-tik\/","title":{"rendered":"BRUNO \u0161uns b\u016bda (MO143) egl\u0117s erk\u0117"},"content":{"rendered":"<p>BRUNO \u0161un\u0173 voljeras<\/p>\n<p>BRUNO \u0161un\u0173 voljeras \u2013 tai tvirta konstrukcija, pagaminta i\u0161 auk\u0161tos kokyb\u0117s egl\u0117s medienos. Jis buvo pagamintas kruop\u0161\u010diai, tod\u0117l puikiai tinka tiek moderniam, tiek klasikiniam sodo stiliui. Stogas, dengtas bitumin\u0117mis \u010derp\u0117mis, apsaugo nuo stichij\u0173. D\u0117l tinkamos ventiliacijos j\u016bs\u0173 augintinis jausis patogiai i\u0161tisus metus.<\/p>\n<p>Pasirinkus med\u017eio masyvo sodo baldus, u\u017etikrinama auk\u0161\u010diausia kokyb\u0117 ir ilgaam\u017ei\u0161kumas. Kad j\u016bs\u0173 mediniai sodo baldai tarnaut\u0173 ilgus metus, verta jais gerai r\u016bpintis. Tinkamas medini\u0173 sodo bald\u0173 naudojimas ir prie\u017ei\u016bra ne tik ilgiau u\u017etikrins j\u0173 savybes ir nepriekai\u0161ting\u0105 i\u0161vaizd\u0105, bet ir palengvins ne\u0161varum\u0173 pa\u0161alinim\u0105. Reguliarus med\u017eio masyvo sodo bald\u0173 impregnavimas ir apsauga nuo dr\u0117gm\u0117s, UV spinduli\u0173 ir \u017eemos temperat\u016bros yra pagrindiniai \u017eingsniai, u\u017etikrinantys medini\u0173 sodo bald\u0173 ilgaam\u017ei\u0161kum\u0105.<\/p>\n<p>Medinis \u0161uns namelis BRUNO yra ne tik investicija \u012f j\u016bs\u0173 augintinio komfort\u0105, bet ir puikus sprendimas j\u016bs\u0173 sodui. D\u0117l tvirtos konstrukcijos ir auk\u0161tos kokyb\u0117s med\u017eiag\u0173 namelis yra patikimas ir patvarus, garantuojantis ilgalaik\u012f naudojim\u0105. U\u017etikrindami tinkam\u0105 apsaug\u0105 nuo oro s\u0105lyg\u0173, suteiksite savo \u0161uniui patogi\u0105 prieglobst\u012f, nepriklausomai nuo oro s\u0105lyg\u0173. Be to, estetinis patrauklumas ir universalus dizainas puikiai tinka bet kokiai aplinkai. M\u016bs\u0173 nameliai yra \u012fvairi\u0173 dyd\u017ei\u0173, tod\u0117l kiekvienas \u0161eimininkas ras tobul\u0105 model\u012f savo \u0161uniui, nepriklausomai nuo veisl\u0117s ar dyd\u017eio.<\/p>\n<p>Technin\u0117s specifikacijos:<\/p>\n<p>\u2705 Modelis: BRUNO<\/p>\n<p>\u2705 Medienos r\u016b\u0161is: egl\u0117<\/p>","protected":false},"excerpt":{"rendered":"<p>BRUNO \u0161un\u0173 voljeras BRUNO \u0161un\u0173 voljeras yra tvirtos konstrukcijos, pagamintas i\u0161 auk\u0161tos kokyb\u0117s egl\u0117s medienos. Jis buvo sukurtas kruop\u0161\u010diai, tod\u0117l puikiai tinka tiek moderniam, tiek klasikiniam sodo stiliui. Stogas, dengtas bitumin\u0117mis \u010derp\u0117mis, apsaugo nuo stichij\u0173. D\u0117l tinkamos ventiliacijos j\u016bs\u0173 augintinis jausis patogiai [\u2026]<\/p>","protected":false},"featured_media":84693,"comment_status":"open","ping_status":"open","template":"","meta":[],"product_brand":[],"product_cat":[9307,9251,2113],"product_tag":[],"class_list":{"0":"post-84692","1":"product","2":"type-product","3":"status-publish","4":"has-post-thumbnail","6":"product_cat-garden-furniture-drewmax","7":"product_cat-musor","8":"product_cat-drewmax","10":"first","11":"instock","12":"purchasable","13":"product-type-simple"},"_links":{"self":[{"href":"https:\/\/baldumarket.lt\/lt\/wp-json\/wp\/v2\/product\/84692","targetHints":{"allow":["GET"]}}],"collection":[{"href":"https:\/\/baldumarket.lt\/lt\/wp-json\/wp\/v2\/product"}],"about":[{"href":"https:\/\/baldumarket.lt\/lt\/wp-json\/wp\/v2\/types\/product"}],"replies":[{"embeddable":true,"href":"https:\/\/baldumarket.lt\/lt\/wp-json\/wp\/v2\/comments?post=84692"}],"wp:featuredmedia":[{"embeddable":true,"href":"https:\/\/baldumarket.lt\/lt\/wp-json\/wp\/v2\/media\/84693"}],"wp:attachment":[{"href":"https:\/\/baldumarket.lt\/lt\/wp-json\/wp\/v2\/media?parent=84692"}],"wp:term":[{"taxonomy":"product_brand","embeddable":true,"href":"https:\/\/baldumarket.lt\/lt\/wp-json\/wp\/v2\/product_brand?post=84692"},{"taxonomy":"product_cat","embeddable":true,"href":"https:\/\/baldumarket.lt\/lt\/wp-json\/wp\/v2\/product_cat?post=84692"},{"taxonomy":"product_tag","embeddable":true,"href":"https:\/\/baldumarket.lt\/lt\/wp-json\/wp\/v2\/product_tag?post=84692"}],"curies":[{"name":"wp","href":"https:\/\/api.w.org\/{rel}","templated":true}]}}