{"id":84691,"date":"2025-12-04T23:33:11","date_gmt":"2025-12-04T20:33:11","guid":{"rendered":"https:\/\/baldumarket.lt\/product\/buda-dla-psa-bruno-lux-mo141-swierk-tik-2\/"},"modified":"2026-02-04T00:24:14","modified_gmt":"2026-02-03T21:24:14","slug":"buda-dla-psa-bruno-lux-mo141-swierk-tik-2","status":"publish","type":"product","link":"https:\/\/baldumarket.lt\/lt\/produktas\/buda-dla-psa-bruno-lux-mo141-swierk-tik-2\/","title":{"rendered":"BRUNO LUX \u0161uns b\u016bda (MO141) egl\u0117s erk\u0117"},"content":{"rendered":"<p>BRUNO LUX \u0161un\u0173 voljeras<\/p>\n<p>\u0160un\u0173 voljeras BRUNO LUX \u2013 tai tvirta konstrukcija, pagaminta i\u0161 auk\u0161tos kokyb\u0117s egl\u0117s medienos. Jis buvo pagamintas kruop\u0161\u010diai, tod\u0117l puikiai tinka tiek moderniam, tiek klasikiniam sodo stiliui. Stogas dengtas bitumin\u0117mis \u010derp\u0117mis, kurios apsaugo nuo aplinkos poveikio. Voljeros vidus ap\u0161iltintas polistirenu, kuris suteikia j\u016bs\u0173 augintiniui papildom\u0105 \u0161ilumos izoliacij\u0105 ir apsaug\u0105 nuo \u0161al\u010dio \u017eiem\u0105. Tinkama ventiliacija u\u017etikrina, kad j\u016bs\u0173 augintinis jausis patogiai i\u0161tisus metus.<\/p>\n<p>Pasirinkus med\u017eio masyvo sodo baldus, u\u017etikrinama auk\u0161\u010diausia kokyb\u0117 ir ilgaam\u017ei\u0161kumas. Norint u\u017etikrinti, kad mediniai sodo baldai tarnaut\u0173 ilgus metus, verta jais gerai r\u016bpintis. Tinkamas medini\u0173 sodo bald\u0173 naudojimas ir prie\u017ei\u016bra ne tik u\u017etikrins j\u0173 ilgaam\u017ei\u0161kum\u0105 ir nepriekai\u0161ting\u0105 i\u0161vaizd\u0105, bet ir palengvins ne\u0161varum\u0173 pa\u0161alinim\u0105. Reguliarus med\u017eio masyvo sodo bald\u0173 impregnavimas, apsauga nuo dr\u0117gm\u0117s, UV spinduli\u0173 ir \u017eemos temperat\u016bros yra pagrindiniai \u017eingsniai, u\u017etikrinantys medini\u0173 sodo bald\u0173 ilgaam\u017ei\u0161kum\u0105.<\/p>\n<p>Medinis \u0161un\u0173 voljeras BRUNO LUX yra ne tik investicija \u012f j\u016bs\u0173 augintinio komfort\u0105, bet ir puikus sprendimas j\u016bs\u0173 sodui. D\u0117l tvirtos konstrukcijos ir auk\u0161tos kokyb\u0117s med\u017eiag\u0173 voljeras yra patikimas ir patvarus, garantuojantis ilgalaik\u012f naudojim\u0105. U\u017etikrindami tinkam\u0105 apsaug\u0105 nuo oro s\u0105lyg\u0173, suteiksite savo \u0161uniui patogi\u0105 prieglobst\u012f, nepriklausomai nuo oro s\u0105lyg\u0173. Be to, esteti\u0161ka i\u0161vaizda ir universalus dizainas leid\u017eia voljerui puikiai tinka bet kokiai aplinkai. M\u016bs\u0173 voljerai yra \u012fvairi\u0173 dyd\u017ei\u0173, tod\u0117l kiekvienas \u0161eimininkas ras tobul\u0105 model\u012f savo \u0161uniui, nepriklausomai nuo veisl\u0117s ar dyd\u017eio.<\/p>\n<p>Technin\u0117s specifikacijos:<\/p>\n<p>\u2705 Modelis: BRUNO LUX<\/p>\n<p>\u2705 Medienos r\u016b\u0161is: egl\u0117<\/p>","protected":false},"excerpt":{"rendered":"<p>BRUNO LUX \u0161un\u0173 voljeras BRUNO LUX \u0161un\u0173 voljeras \u2013 tai tvirta konstrukcija, pagaminta i\u0161 auk\u0161tos kokyb\u0117s egl\u0117s medienos. Jis buvo sukurtas kruop\u0161\u010diai, tod\u0117l puikiai tinka tiek moderniam, tiek klasikiniam sodo stiliui. Stogas dengtas bitumin\u0117mis \u010derp\u0117mis, kurios apsaugo nuo stichij\u0173. Voljeros vidus yra [\u2026]<\/p>","protected":false},"featured_media":84689,"comment_status":"open","ping_status":"open","template":"","meta":[],"product_brand":[],"product_cat":[9307,9251,2113],"product_tag":[],"class_list":{"0":"post-84691","1":"product","2":"type-product","3":"status-publish","4":"has-post-thumbnail","6":"product_cat-garden-furniture-drewmax","7":"product_cat-musor","8":"product_cat-drewmax","10":"first","11":"instock","12":"purchasable","13":"product-type-simple"},"_links":{"self":[{"href":"https:\/\/baldumarket.lt\/lt\/wp-json\/wp\/v2\/product\/84691","targetHints":{"allow":["GET"]}}],"collection":[{"href":"https:\/\/baldumarket.lt\/lt\/wp-json\/wp\/v2\/product"}],"about":[{"href":"https:\/\/baldumarket.lt\/lt\/wp-json\/wp\/v2\/types\/product"}],"replies":[{"embeddable":true,"href":"https:\/\/baldumarket.lt\/lt\/wp-json\/wp\/v2\/comments?post=84691"}],"wp:featuredmedia":[{"embeddable":true,"href":"https:\/\/baldumarket.lt\/lt\/wp-json\/wp\/v2\/media\/84689"}],"wp:attachment":[{"href":"https:\/\/baldumarket.lt\/lt\/wp-json\/wp\/v2\/media?parent=84691"}],"wp:term":[{"taxonomy":"product_brand","embeddable":true,"href":"https:\/\/baldumarket.lt\/lt\/wp-json\/wp\/v2\/product_brand?post=84691"},{"taxonomy":"product_cat","embeddable":true,"href":"https:\/\/baldumarket.lt\/lt\/wp-json\/wp\/v2\/product_cat?post=84691"},{"taxonomy":"product_tag","embeddable":true,"href":"https:\/\/baldumarket.lt\/lt\/wp-json\/wp\/v2\/product_tag?post=84691"}],"curies":[{"name":"wp","href":"https:\/\/api.w.org\/{rel}","templated":true}]}}