{"id":84681,"date":"2025-12-04T23:33:02","date_gmt":"2025-12-04T20:33:02","guid":{"rendered":"https:\/\/baldumarket.lt\/product\/drabinka-tosia-mo209\/"},"modified":"2026-02-04T00:24:14","modified_gmt":"2026-02-03T21:24:14","slug":"drabinka-tosia-mo209","status":"publish","type":"product","link":"https:\/\/baldumarket.lt\/lt\/produktas\/drabinka-tosia-mo209\/","title":{"rendered":"TOSIA kop\u0117\u010dios (MO209)"},"content":{"rendered":"<p>TOSIA KOP\u0116\u010cIOS<\/p>\n<p>Laisvai stovin\u010dios TOSIA kop\u0117\u010dios yra daugiafunkcis daiktas, kuris suteiks j\u016bs\u0173 vaikams daug pramog\u0173 ir veiklos lauke. TOSIA sodo kop\u0117\u010dios sukurtos atsi\u017evelgiant \u012f saugum\u0105 ir patogum\u0105. Tvirtas, milteliniu b\u016bdu da\u017eytas metalinis r\u0117mas garantuoja ilgaam\u017ei\u0161kum\u0105 ir atsparum\u0105 oro s\u0105lygoms. Saug\u016bs laipteliai ir tur\u0117klai u\u017etikrina stabilum\u0105 \u017eaidimo metu, o medin\u0117 platforma puikiai tinka 2,5 m \u010diuo\u017eyklai sumontuoti. Komplekte yra visos reikalingos tvirtinimo detal\u0117s ir \u017eem\u0117s inkarai, tod\u0117l surinkimas yra greitas ir paprastas.<\/p>\n<p>Kruop\u0161tus darbas ir esteti\u0161ka i\u0161vaizda paver\u010dia TOSIA kop\u0117\u010dias puikiu bet kokio sodo dizaino papildymu. Kartu su \u010diuo\u017eykla (parduodama atskirai, TOSIA \u010diuo\u017eykla) komplektas puikiai veikia kaip vandens ar kamuoliuk\u0173 baseino \u010diuo\u017eykla. Pasirinkdami TOSIA kop\u0117\u010dias, investuojate ne tik \u012f pramogas, bet ir \u012f sveik\u0105 savo vaiko gyvenimo b\u016bd\u0105.<\/p>\n<p>Technin\u0117s specifikacijos:<\/p>\n<p>\u2705 Modelis: TOSIA<\/p>\n<p>\u2705 Spalva: juoda<\/p>\n<p>\u2705 \u010ciuo\u017eykla parduodama atskirai \u2013 TOSIA \u010diuo\u017eykla.<\/p>\n<p>\u2705 Komplekte yra \u012f\u017eeminimo inkarai<\/p>\n<p>\u2705 Platformos auk\u0161tis: 1,2 m<\/p>\n<p>\u2705 Plotis: 114 cm<\/p>\n<p>\u2705 \u016agis: 120\/167 cm<\/p>\n<p>\u2705 Gylis: 94 cm<\/p>\n<p>\u2705 Svoris: 13 kg<\/p>","protected":false},"excerpt":{"rendered":"<p>TOSIA KOP\u0116\u010cIOS Laisvai pastatomos TOSIA kop\u0117\u010dios yra daugiafunkcis daiktas, kuris suteiks j\u016bs\u0173 vaikams daug pramog\u0173 ir veiklos lauke. TOSIA sodo kop\u0117\u010dios sukurtos atsi\u017evelgiant \u012f saugum\u0105 ir patogum\u0105. Tvirtas, milteliniu b\u016bdu da\u017eytas metalinis r\u0117mas garantuoja ilgaam\u017ei\u0161kum\u0105 ir atsparum\u0105 oro s\u0105lygoms. Saug\u016bs laipteliai ir tur\u0117klai u\u017etikrina stabilum\u0105 \u017eaidimo metu, o [\u2026]<\/p>","protected":false},"featured_media":84682,"comment_status":"open","ping_status":"open","template":"","meta":[],"product_brand":[],"product_cat":[9307,9251,2113],"product_tag":[],"class_list":{"0":"post-84681","1":"product","2":"type-product","3":"status-publish","4":"has-post-thumbnail","6":"product_cat-garden-furniture-drewmax","7":"product_cat-musor","8":"product_cat-drewmax","9":"pa_color-metal-black","11":"first","12":"instock","13":"purchasable","14":"product-type-simple"},"_links":{"self":[{"href":"https:\/\/baldumarket.lt\/lt\/wp-json\/wp\/v2\/product\/84681","targetHints":{"allow":["GET"]}}],"collection":[{"href":"https:\/\/baldumarket.lt\/lt\/wp-json\/wp\/v2\/product"}],"about":[{"href":"https:\/\/baldumarket.lt\/lt\/wp-json\/wp\/v2\/types\/product"}],"replies":[{"embeddable":true,"href":"https:\/\/baldumarket.lt\/lt\/wp-json\/wp\/v2\/comments?post=84681"}],"wp:featuredmedia":[{"embeddable":true,"href":"https:\/\/baldumarket.lt\/lt\/wp-json\/wp\/v2\/media\/84682"}],"wp:attachment":[{"href":"https:\/\/baldumarket.lt\/lt\/wp-json\/wp\/v2\/media?parent=84681"}],"wp:term":[{"taxonomy":"product_brand","embeddable":true,"href":"https:\/\/baldumarket.lt\/lt\/wp-json\/wp\/v2\/product_brand?post=84681"},{"taxonomy":"product_cat","embeddable":true,"href":"https:\/\/baldumarket.lt\/lt\/wp-json\/wp\/v2\/product_cat?post=84681"},{"taxonomy":"product_tag","embeddable":true,"href":"https:\/\/baldumarket.lt\/lt\/wp-json\/wp\/v2\/product_tag?post=84681"}],"curies":[{"name":"wp","href":"https:\/\/api.w.org\/{rel}","templated":true}]}}