{"id":84667,"date":"2025-12-04T23:32:50","date_gmt":"2025-12-04T20:32:50","guid":{"rendered":"https:\/\/baldumarket.lt\/product\/donica-flora-mo270-swierk-orzech-2\/"},"modified":"2026-02-04T00:24:15","modified_gmt":"2026-02-03T21:24:15","slug":"donica-flora-mo270-swierk-orzech-2","status":"publish","type":"product","link":"https:\/\/baldumarket.lt\/lt\/produktas\/donica-flora-mo270-swierk-orzech-2\/","title":{"rendered":"FLORA vazonas (MO270) egl\u0117 rie\u0161utas"},"content":{"rendered":"<p>FLORA vazonas<\/p>\n<p>Vazonas FLORA pagamintas i\u0161 auk\u0161\u010diausios kokyb\u0117s egl\u0117s medienos, puikiai tinkan\u010dios auginti j\u016bs\u0173 m\u0117gstamiausius augalus. Tinkamai impregnuota mediena garantuoja patvarum\u0105 ir atsparum\u0105 oro s\u0105lygoms, tod\u0117l vazonas d\u017eiugins daugel\u012f sezon\u0173. D\u0117l stabilios konstrukcijos ir tvirtos apdailos FLORA vazonas yra ne tik funkcionalus, bet ir nesenstanti j\u016bs\u0173 sodo ar terasos puo\u0161mena. I\u0161skirtinis medienos ra\u0161tas suteikia \u017eavesio ir puikiai dera su aplinkine nat\u016bralia \u017ealuma. Vazonas FLORA yra ne tik esteti\u0161kai patrauklus, bet ir prakti\u0161kas. D\u0117l didel\u0117s talpos jis sudaro tinkamas s\u0105lygas augal\u0173 augimui.<\/p>\n<p>Pasirinkus med\u017eio masyvo sodo baldus ir aksesuarus, garantuojama auk\u0161\u010diausia kokyb\u0117 ir ilgaam\u017ei\u0161kumas. Kad mediniai sodo baldai tarnaut\u0173 jums ilgus metus, verta jais r\u016bpintis. Tinkamas medini\u0173 sodo bald\u0173 naudojimas ir prie\u017ei\u016bra ne tik ilgiau u\u017etikrins j\u0173 savybes ir nepriekai\u0161ting\u0105 i\u0161vaizd\u0105, bet ir palengvins ne\u0161varum\u0173 pa\u0161alinim\u0105. Reguliarus med\u017eio masyvo sodo bald\u0173 impregnavimas, apsauga nuo dr\u0117gm\u0117s, UV spinduli\u0173 ir \u017eemos temperat\u016bros yra pagrindiniai \u017eingsniai, u\u017etikrinantys j\u016bs\u0173 medini\u0173 sodo bald\u0173 ilgaam\u017ei\u0161kum\u0105.<\/p>\n<p>Pasirinkdami FLORA sodo vazon\u0105, investuojate ne tik \u012f savo sodo ar terasos estetik\u0105, bet ir \u012f savo augal\u0173 gro\u017e\u012f. Nesenstantis vazono dizainas puikiai tinka daugumai interjero dizaino tendencij\u0173. Tai puikus sprendimas tiems, kurie vertina gamtos gro\u017e\u012f ir nori sukurti unikali\u0105 atmosfer\u0105 aplink savo namus. Pasirinkite FLORA sodo vazon\u0105 ir i\u0161ry\u0161kinkite nat\u016bral\u0173 savo erdv\u0117s charakter\u012f.<\/p>\n<p>Technin\u0117s specifikacijos:<\/p>\n<p>\u2705 Modelis: FLORA<\/p>\n<p>\u2705 Medienos r\u016b\u0161is: egl\u0117<\/p>","protected":false},"excerpt":{"rendered":"<p>FLORA vazonas FLORA vazonas pagamintas i\u0161 auk\u0161\u010diausios kokyb\u0117s egl\u0117s medienos, puikiai tinkan\u010dios auginti j\u016bs\u0173 m\u0117gstamiausius augalus. Tinkamai impregnuota mediena garantuoja ilgaam\u017ei\u0161kum\u0105 ir atsparum\u0105 oro s\u0105lygoms, tod\u0117l vazonas d\u017eiugins daugel\u012f sezon\u0173. D\u0117l stabilios konstrukcijos ir tvirtos apdailos FLORA vazonas yra ne tik funkcionalus, bet ir [\u2026]<\/p>","protected":false},"featured_media":84664,"comment_status":"open","ping_status":"open","template":"","meta":[],"product_brand":[],"product_cat":[9307,9251,2113],"product_tag":[],"class_list":{"0":"post-84667","1":"product","2":"type-product","3":"status-publish","4":"has-post-thumbnail","6":"product_cat-garden-furniture-drewmax","7":"product_cat-musor","8":"product_cat-drewmax","10":"first","11":"instock","12":"purchasable","13":"product-type-simple"},"_links":{"self":[{"href":"https:\/\/baldumarket.lt\/lt\/wp-json\/wp\/v2\/product\/84667","targetHints":{"allow":["GET"]}}],"collection":[{"href":"https:\/\/baldumarket.lt\/lt\/wp-json\/wp\/v2\/product"}],"about":[{"href":"https:\/\/baldumarket.lt\/lt\/wp-json\/wp\/v2\/types\/product"}],"replies":[{"embeddable":true,"href":"https:\/\/baldumarket.lt\/lt\/wp-json\/wp\/v2\/comments?post=84667"}],"wp:featuredmedia":[{"embeddable":true,"href":"https:\/\/baldumarket.lt\/lt\/wp-json\/wp\/v2\/media\/84664"}],"wp:attachment":[{"href":"https:\/\/baldumarket.lt\/lt\/wp-json\/wp\/v2\/media?parent=84667"}],"wp:term":[{"taxonomy":"product_brand","embeddable":true,"href":"https:\/\/baldumarket.lt\/lt\/wp-json\/wp\/v2\/product_brand?post=84667"},{"taxonomy":"product_cat","embeddable":true,"href":"https:\/\/baldumarket.lt\/lt\/wp-json\/wp\/v2\/product_cat?post=84667"},{"taxonomy":"product_tag","embeddable":true,"href":"https:\/\/baldumarket.lt\/lt\/wp-json\/wp\/v2\/product_tag?post=84667"}],"curies":[{"name":"wp","href":"https:\/\/api.w.org\/{rel}","templated":true}]}}