{"id":84662,"date":"2025-12-04T23:32:46","date_gmt":"2025-12-04T20:32:46","guid":{"rendered":"https:\/\/baldumarket.lt\/product\/drewniane-kolo-gd331-buk-surowy-nielakierowany-5\/"},"modified":"2026-02-04T00:24:15","modified_gmt":"2026-02-03T21:24:15","slug":"drewniane-kolo-gd331-buk-surowy-nielakierowany-5","status":"publish","type":"product","link":"https:\/\/baldumarket.lt\/lt\/produktas\/drewniane-kolo-gd331-buk-surowy-nielakierowany-5\/","title":{"rendered":"Medinis ratas (GD331) is neapdoroto buko, nelakuoto"},"content":{"rendered":"<p>MEDINIS RATAS<\/p>\n<p>Medinis ratas \u2013 tai unikali puo\u0161mena, kuri d\u0117l savo nat\u016bralios i\u0161vaizdos suteiks j\u016bs\u0173 namams ir sodui unikalaus \u017eavesio. Pagamintas i\u0161 tvirtos buko medienos, ratas yra ne tik gra\u017ei puo\u0161mena, bet ir prakti\u0161kas priedas, kur\u012f galima naudoti \u012fvairiais b\u016bdais. Jis gali b\u016bti dekoratyvinis elementas alpinariume, g\u0117lyne ar net kiemo fontane. Taip pat galite eksperimentuoti su jo i\u0161d\u0117stymu ir derinimu su kitais sodo elementais, kad sukurtum\u0117te unikali\u0105 kompozicij\u0105.<\/p>\n<p>Medinis sodo ratas yra ne tik gra\u017ei, nat\u016brali puo\u0161mena, bet ir b\u016bdas suteikti savo aplinkai charakterio bei individualumo. Sukurkite unikali\u0105 ir esteti\u0161kai patraukli\u0105 dekoracij\u0105 nei\u0161leisdami daug pinig\u0173 su m\u016bs\u0173 mediniu sodo ratu. Nebijokite eksperimentuoti. Atminkite, kad k\u016brybi\u0161kumui n\u0117ra rib\u0173.<\/p>\n<p>Technin\u0117s specifikacijos:<\/p>\n<p>\u2705 Modelis: KO\u0141O<\/p>\n<p>\u2705 Spalva: neapdorota buko mediena, nelakuota<\/p>\n<p>\u2705 Plotis: \u230030, \u230040, \u230050, \u230060, \u230080<\/p>","protected":false},"excerpt":{"rendered":"<p>MEDINIS RATAS Medinis ratas yra unikali puo\u0161mena, kuri d\u0117l savo nat\u016bralios i\u0161vaizdos suteiks j\u016bs\u0173 namams ir sodui unikalaus \u017eavesio. Pagamintas i\u0161 tvirtos buko medienos, ratas yra ne tik gra\u017ei puo\u0161mena, bet ir prakti\u0161kas priedas, kur\u012f galima naudoti \u012fvairiais b\u016bdais. Jis gali tarnauti [\u2026]<\/p>","protected":false},"featured_media":84654,"comment_status":"open","ping_status":"open","template":"","meta":[],"product_brand":[],"product_cat":[9307,9251,2113],"product_tag":[],"class_list":{"0":"post-84662","1":"product","2":"type-product","3":"status-publish","4":"has-post-thumbnail","6":"product_cat-garden-furniture-drewmax","7":"product_cat-musor","8":"product_cat-drewmax","10":"first","11":"instock","12":"purchasable","13":"product-type-simple"},"_links":{"self":[{"href":"https:\/\/baldumarket.lt\/lt\/wp-json\/wp\/v2\/product\/84662","targetHints":{"allow":["GET"]}}],"collection":[{"href":"https:\/\/baldumarket.lt\/lt\/wp-json\/wp\/v2\/product"}],"about":[{"href":"https:\/\/baldumarket.lt\/lt\/wp-json\/wp\/v2\/types\/product"}],"replies":[{"embeddable":true,"href":"https:\/\/baldumarket.lt\/lt\/wp-json\/wp\/v2\/comments?post=84662"}],"wp:featuredmedia":[{"embeddable":true,"href":"https:\/\/baldumarket.lt\/lt\/wp-json\/wp\/v2\/media\/84654"}],"wp:attachment":[{"href":"https:\/\/baldumarket.lt\/lt\/wp-json\/wp\/v2\/media?parent=84662"}],"wp:term":[{"taxonomy":"product_brand","embeddable":true,"href":"https:\/\/baldumarket.lt\/lt\/wp-json\/wp\/v2\/product_brand?post=84662"},{"taxonomy":"product_cat","embeddable":true,"href":"https:\/\/baldumarket.lt\/lt\/wp-json\/wp\/v2\/product_cat?post=84662"},{"taxonomy":"product_tag","embeddable":true,"href":"https:\/\/baldumarket.lt\/lt\/wp-json\/wp\/v2\/product_tag?post=84662"}],"curies":[{"name":"wp","href":"https:\/\/api.w.org\/{rel}","templated":true}]}}