{"id":84651,"date":"2025-12-04T23:32:35","date_gmt":"2025-12-04T20:32:35","guid":{"rendered":"https:\/\/baldumarket.lt\/product\/lawo-stol-lara-mo110-swierk-orzech\/"},"modified":"2026-02-04T00:24:17","modified_gmt":"2026-02-03T21:24:17","slug":"lawo-stol-lara-mo110-swierk-orzech","status":"publish","type":"product","link":"https:\/\/baldumarket.lt\/lt\/product\/lawo-stol-lara-mo110-swierk-orzech\/","title":{"rendered":"LARA kavos staliukas (MO110) egl\u0117s rie\u0161uto spalvos"},"content":{"rendered":"<p>LARA sodo stalas ir suolas<\/p>\n<p>LARA sodo stalas ir suolas derina funkcionalum\u0105 ir estetik\u0105, puikiai papildydami bet kok\u012f sodo dizain\u0105. Pagamintas i\u0161 tvirtos egl\u0117s medienos, \u0161is stabilus ir patogus baldas puikiai tinka kaip traukos centras susib\u016brimams. Stal\u0105 suporavus su dviem suolais, patogiai s\u0117d\u0117s visa \u0161eima. LARA sodo stalas ir suolas puikiai tinka ma\u017eesniems sodams, dar\u017eeliams ar net alaus sodams.<\/p>\n<p>Pasirinkus med\u017eio masyvo sodo baldus, u\u017etikrinama auk\u0161\u010diausia kokyb\u0117 ir ilgaam\u017ei\u0161kumas. Kad j\u016bs\u0173 mediniai sodo baldai tarnaut\u0173 ilgus metus, verta jais gerai r\u016bpintis. Tinkamas medini\u0173 sodo bald\u0173 naudojimas ir prie\u017ei\u016bra ne tik u\u017etikrins, kad jie ilgiau i\u0161laikys savo savybes ir nepriekai\u0161ting\u0105 i\u0161vaizd\u0105, bet ir palengvins ne\u0161varum\u0173 pa\u0161alinim\u0105. Reguliarus med\u017eio masyvo sodo bald\u0173 impregnavimas ir apsauga nuo dr\u0117gm\u0117s, UV spinduli\u0173 ir \u017eemos temperat\u016bros yra pagrindiniai \u017eingsniai, u\u017etikrinantys medini\u0173 sodo bald\u0173 ilgaam\u017ei\u0161kum\u0105.<\/p>\n<p>LARA sodo suoliukas\/stalas ne tik papuo\u0161 j\u016bs\u0173 sodo erdv\u0119, bet ir \u012fkv\u0117ps jus leisti laik\u0105 lauke. Tvirta konstrukcija ir patogios s\u0117dyn\u0117s suteiks jauki\u0105 aplink\u0105 ilgais vasaros vakarais, kai supanti gamta tampa j\u016bs\u0173 nat\u016bralia svetaine. Rinkit\u0117s LARA sodo suoliuk\u0105\/stal\u0105, kad sukurtum\u0117te unikali\u0105 atmosfer\u0105 savo sode.<\/p>\n<p>Technin\u0117s specifikacijos:<\/p>\n<p>\u2705 Modelis: LARA<\/p>\n<p>\u2705 Medienos r\u016b\u0161is: egl\u0117<\/p>\n<p>\u2705 Plotis: 157 cm<\/p>\n<p>\u2705 Bendras auk\u0161tis: 68 cm<\/p>\n<p>\u2705 Bendras gylis: 140 cm<\/p>\n<p>\u2705 Svoris: 40 kg<\/p>","protected":false},"excerpt":{"rendered":"<p>LARA sodo stalas ir suolas LARA sodo stalas ir suolas derina funkcionalum\u0105 ir estetik\u0105, puikiai papildydami bet kok\u012f sodo dizain\u0105. Pagamintas i\u0161 tvirtos egl\u0117s medienos, \u0161is stabilus ir patogus baldas puikiai tinka kaip traukos centras susib\u016brimams. Stal\u0105 su dviem suolais suderinus, patogiai s\u0117d\u0117s visa \u0161eima. LARA [\u2026]<\/p>","protected":false},"featured_media":84652,"comment_status":"open","ping_status":"open","template":"","meta":[],"product_brand":[],"product_cat":[9307,2113,1934],"product_tag":[],"class_list":{"0":"post-84651","1":"product","2":"type-product","3":"status-publish","4":"has-post-thumbnail","6":"product_cat-garden-furniture-drewmax","7":"product_cat-drewmax","8":"product_cat-tables","10":"first","11":"instock","12":"purchasable","13":"product-type-simple"},"_links":{"self":[{"href":"https:\/\/baldumarket.lt\/lt\/wp-json\/wp\/v2\/product\/84651","targetHints":{"allow":["GET"]}}],"collection":[{"href":"https:\/\/baldumarket.lt\/lt\/wp-json\/wp\/v2\/product"}],"about":[{"href":"https:\/\/baldumarket.lt\/lt\/wp-json\/wp\/v2\/types\/product"}],"replies":[{"embeddable":true,"href":"https:\/\/baldumarket.lt\/lt\/wp-json\/wp\/v2\/comments?post=84651"}],"wp:featuredmedia":[{"embeddable":true,"href":"https:\/\/baldumarket.lt\/lt\/wp-json\/wp\/v2\/media\/84652"}],"wp:attachment":[{"href":"https:\/\/baldumarket.lt\/lt\/wp-json\/wp\/v2\/media?parent=84651"}],"wp:term":[{"taxonomy":"product_brand","embeddable":true,"href":"https:\/\/baldumarket.lt\/lt\/wp-json\/wp\/v2\/product_brand?post=84651"},{"taxonomy":"product_cat","embeddable":true,"href":"https:\/\/baldumarket.lt\/lt\/wp-json\/wp\/v2\/product_cat?post=84651"},{"taxonomy":"product_tag","embeddable":true,"href":"https:\/\/baldumarket.lt\/lt\/wp-json\/wp\/v2\/product_tag?post=84651"}],"curies":[{"name":"wp","href":"https:\/\/api.w.org\/{rel}","templated":true}]}}