{"id":84641,"date":"2025-12-04T23:32:23","date_gmt":"2025-12-04T20:32:23","guid":{"rendered":"https:\/\/baldumarket.lt\/product\/studnia-wiki-mo151-swierk-dab\/"},"modified":"2026-02-04T00:24:19","modified_gmt":"2026-02-03T21:24:19","slug":"studnia-wiki-mo151-swierk-dab","status":"publish","type":"product","link":"https:\/\/baldumarket.lt\/lt\/product\/studnia-wiki-mo151-swierk-dab\/","title":{"rendered":"WIKI \u0160ulinys (MO151) egl\u0117 \u0105\u017euolas"},"content":{"rendered":"<p>WIKI \u0161ulinys<\/p>\n<p>Medinis WIKI \u0161ulinys pasi\u017eymi stabilia ir tvirta konstrukcija. Pagamintas i\u0161 auk\u0161tos kokyb\u0117s, tinkamai apdorotos egl\u0117s medienos, kiekvienas elementas yra kruop\u0161\u010diai apdirbtas, u\u017etikrinant patvarum\u0105 ir patikimum\u0105 ilgus metus. Tentinis medinis stogas ne tik suteikia estetin\u012f patrauklum\u0105, bet ir apsaugo nuo aplinkos poveikio. Dekoratyvus WIKI \u0161ulinio gaubtas yra idealus sprendimas nam\u0173 sodams, dar\u017eeliams ir vie\u0161iesiems parkams. Jis suteiks \u017eavesio ir funkcionalumo bet kokiai aplinkai. Komplekt\u0105 sudaro stacionariai pritvirtintas, a\u017e\u016brinis apsauginis dangtis, alk\u016bnin\u0117 rankena ir velenas.<\/p>\n<p>Pasirinkus med\u017eio masyvo sodo baldus, garantuojama auk\u0161\u010diausia kokyb\u0117 ir ilgaam\u017ei\u0161kumas. Norint u\u017etikrinti, kad j\u016bs\u0173 mediniai sodo baldai tarnaut\u0173 ilgus metus, verta jais gerai r\u016bpintis. Tinkamas medini\u0173 sodo bald\u0173 naudojimas ir prie\u017ei\u016bra ne tik ilgiau u\u017etikrins j\u0173 savybes ir nepriekai\u0161ting\u0105 i\u0161vaizd\u0105, bet ir palengvins ne\u0161varum\u0173 pa\u0161alinim\u0105. Reguliarus med\u017eio masyvo sodo bald\u0173 impregnavimas, apsauga nuo dr\u0117gm\u0117s, UV spinduli\u0173 ir \u017eemos temperat\u016bros yra pagrindiniai \u017eingsniai, u\u017etikrinantys j\u016bs\u0173 medini\u0173 sodo bald\u0173 ilgaam\u017ei\u0161kum\u0105.<\/p>\n<p>Universalus WIKI \u0161ulinio u\u017edangos dizainas puikiai tinka tiek tradiciniam, tiek moderniam sodo dizainui. Be to, \u012fvairi\u0173 dyd\u017ei\u0173 u\u017edanga leid\u017eia j\u0105 pritaikyti individualiems kliento poreikiams ir pageidavimams. \u0160i prakti\u0161ka ir funkcionali u\u017edanga ne tik apsaugo \u0161ulin\u012f, bet ir sukuria jauk\u0173 kampel\u012f sode, skatinant\u012f atsipalaiduoti ir leisti laik\u0105 lauke.<\/p>\n<p>Technin\u0117s specifikacijos:<\/p>\n<p>\u2705 Modelis: WIKI<\/p>\n<p>\u2705 Medienos r\u016b\u0161is: egl\u0117<\/p>\n<p>\u2705 Plotis: 65 cm<\/p>\n<p>\u2705 Auk\u0161tis: 40\/130 cm<\/p>\n<p>\u2705 Gylis: 65 cm<\/p>\n<p>\u2705 Svoris: 20 kg<\/p>","protected":false},"excerpt":{"rendered":"<p>WIKI \u0161ulinys WIKI medinis \u0161ulinys pasi\u017eymi stabilia ir tvirta konstrukcija. Pagamintas i\u0161 auk\u0161tos kokyb\u0117s, tinkamai apdorotos egl\u0117s medienos, kiekvienas elementas yra kruop\u0161\u010diai apdirbtas, u\u017etikrinant patvarum\u0105 ir patikimum\u0105 ilgus metus. Tentinis medinis stogas ne tik suteikia estetin\u012f patrauklum\u0105, bet ir apsaugo nuo stichij\u0173. Dekoratyvinis WIKI \u0161ulinio gaubtas yra [\u2026]<\/p>","protected":false},"featured_media":84642,"comment_status":"open","ping_status":"open","template":"","meta":[],"product_brand":[],"product_cat":[9307,9251,2113],"product_tag":[],"class_list":{"0":"post-84641","1":"product","2":"type-product","3":"status-publish","4":"has-post-thumbnail","6":"product_cat-garden-furniture-drewmax","7":"product_cat-musor","8":"product_cat-drewmax","10":"first","11":"instock","12":"purchasable","13":"product-type-simple"},"_links":{"self":[{"href":"https:\/\/baldumarket.lt\/lt\/wp-json\/wp\/v2\/product\/84641","targetHints":{"allow":["GET"]}}],"collection":[{"href":"https:\/\/baldumarket.lt\/lt\/wp-json\/wp\/v2\/product"}],"about":[{"href":"https:\/\/baldumarket.lt\/lt\/wp-json\/wp\/v2\/types\/product"}],"replies":[{"embeddable":true,"href":"https:\/\/baldumarket.lt\/lt\/wp-json\/wp\/v2\/comments?post=84641"}],"wp:featuredmedia":[{"embeddable":true,"href":"https:\/\/baldumarket.lt\/lt\/wp-json\/wp\/v2\/media\/84642"}],"wp:attachment":[{"href":"https:\/\/baldumarket.lt\/lt\/wp-json\/wp\/v2\/media?parent=84641"}],"wp:term":[{"taxonomy":"product_brand","embeddable":true,"href":"https:\/\/baldumarket.lt\/lt\/wp-json\/wp\/v2\/product_brand?post=84641"},{"taxonomy":"product_cat","embeddable":true,"href":"https:\/\/baldumarket.lt\/lt\/wp-json\/wp\/v2\/product_cat?post=84641"},{"taxonomy":"product_tag","embeddable":true,"href":"https:\/\/baldumarket.lt\/lt\/wp-json\/wp\/v2\/product_tag?post=84641"}],"curies":[{"name":"wp","href":"https:\/\/api.w.org\/{rel}","templated":true}]}}