{"id":84639,"date":"2025-12-04T23:32:21","date_gmt":"2025-12-04T20:32:21","guid":{"rendered":"https:\/\/baldumarket.lt\/product\/studnia-wera-mo150-swierk-dab\/"},"modified":"2026-02-04T00:24:19","modified_gmt":"2026-02-03T21:24:19","slug":"studnia-wera-mo150-swierk-dab","status":"publish","type":"product","link":"https:\/\/baldumarket.lt\/lt\/product\/studnia-wera-mo150-swierk-dab\/","title":{"rendered":"WERA \u0161ulinys (MO150) egl\u0117 \u0105\u017euolas"},"content":{"rendered":"<p>WERA \u0161ulinys<\/p>\n<p>Medinis sodo \u0161ulinys \u201eWERA\u201c pasi\u017eymi stabilia ir tvirta konstrukcija. Pagamintas i\u0161 auk\u0161tos kokyb\u0117s, tinkamai apdorotos egl\u0117s medienos, kiekvienas elementas yra kruop\u0161\u010diai apdirbtas, u\u017etikrinant patvarum\u0105 ir patikimum\u0105 ilgus metus. Jo keturkampis stogas dengtas medin\u0117mis \u010derp\u0117mis, kurios ne tik suteikia estetinio patrauklumo, bet ir apsaugo nuo gamtos stichij\u0173. \u201eWERA\u201c sodo \u0161ulinys yra idealus sprendimas nam\u0173 sodams, dar\u017eeliams ir vie\u0161iesiems parkams. Jis suteiks \u017eavesio ir funkcionalumo bet kokiai aplinkai. Komplekte yra visi priedai, \u012fskaitant kibir\u0105, grandin\u0119, alk\u016bnin\u012f velen\u0105 ir velen\u0105, tod\u0117l j\u012f galima i\u0161 karto naudoti. \u201eWERA\u201c \u0161ulinys yra dviej\u0173 versij\u0173: \u2300100 ir \u2300120 skersmens rit\u0117ms. Tai u\u017etikrina, kad kiekvienas gali rasti tinkam\u0105 variant\u0105 pagal savo poreikius.<\/p>\n<p>Pasirinkus med\u017eio masyvo sodo baldus, garantuojama auk\u0161\u010diausia kokyb\u0117 ir ilgaam\u017ei\u0161kumas. Kad mediniai sodo baldai tarnaut\u0173 jums ilgus metus, verta jais r\u016bpintis. Tinkamas medini\u0173 sodo bald\u0173 naudojimas ir prie\u017ei\u016bra ne tik u\u017etikrins, kad jie ilgiau i\u0161laikys savo savybes ir nepriekai\u0161ting\u0105 i\u0161vaizd\u0105, bet ir palengvins v\u0117lesn\u012f ne\u0161varum\u0173 pa\u0161alinim\u0105. Reguliarus med\u017eio masyvo sodo bald\u0173 impregnavimas ir apsauga nuo dr\u0117gm\u0117s, UV spinduli\u0173 ir \u017eemos temperat\u016bros yra pagrindiniai \u017eingsniai, u\u017etikrinantys medini\u0173 sodo bald\u0173 ilgaam\u017ei\u0161kum\u0105.<\/p>\n<p>WERA sodo \u0161ulinys yra ne tik investicija \u012f j\u016bs\u0173 sodo ar kiemo estetik\u0105, bet ir prakti\u0161kas sprendimas kasdieniams vandens poreikiams. D\u0117l stabilios konstrukcijos ir auk\u0161tos kokyb\u0117s med\u017eiag\u0173 WERA \u0161ulinys yra patikimas ir patvarus. D\u0117l universalaus panaudojimo jis tinka \u012fvairioms lauko erdv\u0117ms, tod\u0117l yra idealus elementas tiek priva\u010diam, tiek vie\u0161am naudojimui.<\/p>\n<p>Technin\u0117s specifikacijos:<\/p>\n<p>\u2705 Modelis: MO150<\/p>\n<p>\u2705 Medienos r\u016b\u0161is: egl\u0117<\/p>\n<p>\u2705 Plotis: 135 arba 153 cm<\/p>\n<p>\u2705 Auk\u0161tis: 77\/250 cm<\/p>\n<p>\u2705 Gylis: \u00d8100 arba \u00d8120 cm<\/p>","protected":false},"excerpt":{"rendered":"<p>WERA \u0161ulinys. Medinis sodo \u0161ulinys WERA pasi\u017eymi stabilia ir tvirta konstrukcija. Pagamintas i\u0161 auk\u0161tos kokyb\u0117s, tinkamai apdorotos egl\u0117s medienos, kiekvienas elementas yra kruop\u0161\u010diai apdirbtas, u\u017etikrinant patvarum\u0105 ir patikimum\u0105 ilgus metus. Jo keturkampis stogas dengtas medin\u0117mis \u010derp\u0117mis, kurios ne tik suteikia estetinio patrauklumo, bet ir apsaugo nuo stichij\u0173. [\u2026]<\/p>","protected":false},"featured_media":84640,"comment_status":"open","ping_status":"open","template":"","meta":[],"product_brand":[],"product_cat":[9307,9251,2113],"product_tag":[],"class_list":{"0":"post-84639","1":"product","2":"type-product","3":"status-publish","4":"has-post-thumbnail","6":"product_cat-garden-furniture-drewmax","7":"product_cat-musor","8":"product_cat-drewmax","10":"first","11":"instock","12":"purchasable","13":"product-type-simple"},"_links":{"self":[{"href":"https:\/\/baldumarket.lt\/lt\/wp-json\/wp\/v2\/product\/84639","targetHints":{"allow":["GET"]}}],"collection":[{"href":"https:\/\/baldumarket.lt\/lt\/wp-json\/wp\/v2\/product"}],"about":[{"href":"https:\/\/baldumarket.lt\/lt\/wp-json\/wp\/v2\/types\/product"}],"replies":[{"embeddable":true,"href":"https:\/\/baldumarket.lt\/lt\/wp-json\/wp\/v2\/comments?post=84639"}],"wp:featuredmedia":[{"embeddable":true,"href":"https:\/\/baldumarket.lt\/lt\/wp-json\/wp\/v2\/media\/84640"}],"wp:attachment":[{"href":"https:\/\/baldumarket.lt\/lt\/wp-json\/wp\/v2\/media?parent=84639"}],"wp:term":[{"taxonomy":"product_brand","embeddable":true,"href":"https:\/\/baldumarket.lt\/lt\/wp-json\/wp\/v2\/product_brand?post=84639"},{"taxonomy":"product_cat","embeddable":true,"href":"https:\/\/baldumarket.lt\/lt\/wp-json\/wp\/v2\/product_cat?post=84639"},{"taxonomy":"product_tag","embeddable":true,"href":"https:\/\/baldumarket.lt\/lt\/wp-json\/wp\/v2\/product_tag?post=84639"}],"curies":[{"name":"wp","href":"https:\/\/api.w.org\/{rel}","templated":true}]}}