{"id":84638,"date":"2025-12-04T23:32:20","date_gmt":"2025-12-04T20:32:20","guid":{"rendered":"https:\/\/baldumarket.lt\/product\/plac-zabaw-kajtek-mo310-swierk-antracytbialy-5\/"},"modified":"2026-02-04T00:24:19","modified_gmt":"2026-02-03T21:24:19","slug":"plac-zabaw-kajtek-mo310-swierk-antracytbialy-5","status":"publish","type":"product","link":"https:\/\/baldumarket.lt\/lt\/product\/plac-zabaw-kajtek-mo310-swierk-antracytbialy-5\/","title":{"rendered":"KAJTEK \u017eaidim\u0173 aik\u0161tel\u0117 (MO310) antracito spalvos egl\u0117 + balta"},"content":{"rendered":"<p>KAJTEK \u017eaidim\u0173 aik\u0161tel\u0117<\/p>\n<p>KAJTEK \u017eaidim\u0173 aik\u0161tel\u0117 pagaminta i\u0161 tinkamai impregnuotos medienos, tod\u0117l ji atspari nepalankioms oro s\u0105lygoms. Joje yra \u017eaidim\u0173 namelis su durel\u0117mis ir langais, suteikiantis jai \u017eavesio ir skatinantis vaikus u\u017esiimti k\u016brybi\u0161kais \u017eaidimais. Dvi\u0161laitis stogas apsaugo \u017eaidim\u0173 aik\u0161tel\u0119 nuo lietaus ir saul\u0117s spinduli\u0173, u\u017etikrindamas, kad vaikai gal\u0117t\u0173 patogiai \u017eaisti bet kokiu oru. KAJTEK medin\u0117 \u017eaidim\u0173 aik\u0161tel\u0117 turi tvirt\u0105 r\u0117m\u0105, kuriame telpa dvi s\u016bpyn\u0117s (pridedamos), tod\u0117l vaikai gali leisti laik\u0105 kartu ir m\u0117gautis \u017eaidimais lauke. \u017daidim\u0173 aik\u0161tel\u0117s apa\u010dioje yra sm\u0117lio d\u0117\u017e\u0117, skirta vaikams, skatinantiems k\u016brybi\u0161kai \u017eaisti sm\u0117lyje be atskiros konstrukcijos. KAJTEK \u017eaidim\u0173 aik\u0161tel\u0117je taip pat yra kopet\u0117l\u0117s, leid\u017eian\u010dios vaikams lengvai u\u017elipti, ir \u017eavinga terasa, kurioje jie gali atsipalaiduoti ir m\u0117gautis vaizdu.<\/p>\n<p>\u017daidim\u0173 aik\u0161tel\u0119 galima sujungti su \u010diuo\u017eykla (parduodama atskirai) (\u201eTOSIA MAX\u201c \u010diuo\u017eykla), taip KAJTEK \u017eaidim\u0173 aik\u0161tel\u0119 paver\u010diant visaverte lauko erdve. \u0160is derinys suteikia \u012fvairi\u0173 veikl\u0173 ir skatina vaikus jud\u0117ti bei bendrauti \u017eaidimo metu.<\/p>\n<p>Pasirinkus med\u017eio masyvo sodo baldus ir aksesuarus, u\u017etikrinama auk\u0161\u010diausia kokyb\u0117 ir ilgaam\u017ei\u0161kumas. Kad j\u016bs\u0173 mediniai sodo baldai tarnaut\u0173 ilgus metus, svarbu juos tinkamai pri\u017ei\u016br\u0117ti. Tinkamas medini\u0173 sodo bald\u0173 naudojimas ir prie\u017ei\u016bra ne tik u\u017etikrins j\u0173 ilgaam\u017ei\u0161kum\u0105 ir nepriekai\u0161ting\u0105 i\u0161vaizd\u0105, bet ir palengvins ne\u0161varum\u0173 pa\u0161alinim\u0105. Reguliarus med\u017eio masyvo sodo bald\u0173 impregnavimas ir apsauga nuo dr\u0117gm\u0117s, UV spinduli\u0173 ir \u017eemos temperat\u016bros yra pagrindiniai \u017eingsniai, u\u017etikrinantys medini\u0173 sodo bald\u0173 ilgaam\u017ei\u0161kum\u0105.<\/p>\n<p>Ie\u0161kote b\u016bdo u\u017etikrinti, kad j\u016bs\u0173 vaikai gal\u0117t\u0173 saugiai, k\u016brybi\u0161kai ir aktyviai \u017eaisti lauke? M\u016bs\u0173 KAJTEK medin\u0117 \u017eaidim\u0173 aik\u0161tel\u0117 yra puikus sprendimas! \u012erengta visa reikalinga \u012franga puikiam \u017eaidimui \u2013 nuo \u017eaidim\u0173 namelio su durel\u0117mis ir langais iki s\u016bpyni\u0173 r\u0117mo ir vietos sm\u0117lio d\u0117\u017eei. \u0160i \u017eaidim\u0173 aik\u0161tel\u0117 suteiks nepamir\u0161tam\u0173 d\u017eiaugsmo ir pramog\u0173 akimirk\u0173 j\u016bs\u0173 vaikams. Be to, esteti\u0161ka i\u0161vaizda ir tvirta apdaila pavers j\u0105 \u017eavingu j\u016bs\u0173 sodo ar terasos papildymu.<\/p>\n<p>Technin\u0117s specifikacijos:<\/p>\n<p>\u2705 Modelis: KAJTEK<\/p>\n<p>\u2705 Supakuota \u012f komponentus savaranki\u0161kam surinkimui<\/p>\n<p>\u2705 Siun\u010diama ant palet\u0117s<\/p>\n<p>\u2705 \u012eskai\u010diuotos s\u016bpyn\u0117s<\/p>\n<p>\u2705 \u010ciuo\u017eykla parduodama atskirai (TOSIA MAX \u010diuo\u017eykla)<\/p>\n<p>\u2705 Medienos r\u016b\u0161is: egl\u0117<\/p>\n<p>\u2705 Plotis: 660 mm<\/p>\n<p>\u2705 Auk\u0161tis: 315 mm<\/p>\n<p>\u2705 Gylis: 315 mm<\/p>","protected":false},"excerpt":{"rendered":"<p>KAJTEK \u017eaidim\u0173 aik\u0161tel\u0117 KAJTEK \u017eaidim\u0173 aik\u0161tel\u0117 pagaminta i\u0161 tinkamai impregnuotos medienos, tod\u0117l yra atspari nepalankioms oro s\u0105lygoms. Joje yra \u017eaidim\u0173 namelis su durel\u0117mis ir langais, kurie suteikia aik\u0161telei \u017eavesio ir skatina vaikus k\u016brybi\u0161kai \u017eaisti. Dvi\u0161laitis stogas apsaugo \u017eaidim\u0173 aik\u0161tel\u0119 nuo lietaus ir saul\u0117s spinduli\u0173, u\u017etikrindamas, kad vaikai gal\u0117t\u0173 patogiai \u017eaisti, nepaisant [\u2026]<\/p>","protected":false},"featured_media":84592,"comment_status":"open","ping_status":"open","template":"","meta":[],"product_brand":[],"product_cat":[9307,9251,2113],"product_tag":[],"class_list":{"0":"post-84638","1":"product","2":"type-product","3":"status-publish","4":"has-post-thumbnail","6":"product_cat-garden-furniture-drewmax","7":"product_cat-musor","8":"product_cat-drewmax","10":"first","11":"instock","12":"purchasable","13":"product-type-simple"},"_links":{"self":[{"href":"https:\/\/baldumarket.lt\/lt\/wp-json\/wp\/v2\/product\/84638","targetHints":{"allow":["GET"]}}],"collection":[{"href":"https:\/\/baldumarket.lt\/lt\/wp-json\/wp\/v2\/product"}],"about":[{"href":"https:\/\/baldumarket.lt\/lt\/wp-json\/wp\/v2\/types\/product"}],"replies":[{"embeddable":true,"href":"https:\/\/baldumarket.lt\/lt\/wp-json\/wp\/v2\/comments?post=84638"}],"wp:featuredmedia":[{"embeddable":true,"href":"https:\/\/baldumarket.lt\/lt\/wp-json\/wp\/v2\/media\/84592"}],"wp:attachment":[{"href":"https:\/\/baldumarket.lt\/lt\/wp-json\/wp\/v2\/media?parent=84638"}],"wp:term":[{"taxonomy":"product_brand","embeddable":true,"href":"https:\/\/baldumarket.lt\/lt\/wp-json\/wp\/v2\/product_brand?post=84638"},{"taxonomy":"product_cat","embeddable":true,"href":"https:\/\/baldumarket.lt\/lt\/wp-json\/wp\/v2\/product_cat?post=84638"},{"taxonomy":"product_tag","embeddable":true,"href":"https:\/\/baldumarket.lt\/lt\/wp-json\/wp\/v2\/product_tag?post=84638"}],"curies":[{"name":"wp","href":"https:\/\/api.w.org\/{rel}","templated":true}]}}