{"id":84597,"date":"2025-12-04T23:31:45","date_gmt":"2025-12-04T20:31:45","guid":{"rendered":"https:\/\/baldumarket.lt\/product\/komplet-mebli-ogrodowych-bella-mo132-jesion-dab\/"},"modified":"2026-02-04T00:24:25","modified_gmt":"2026-02-03T21:24:25","slug":"komplet-mebli-ogrodowych-bella-mo132-jesion-dab","status":"publish","type":"product","link":"https:\/\/baldumarket.lt\/lt\/product\/komplet-mebli-ogrodowych-bella-mo132-jesion-dab\/","title":{"rendered":"BELLA sodo bald\u0173 komplektas (MO132) uosis \u0105\u017euolas"},"content":{"rendered":"<p>BELLA sodo bald\u0173 komplektas<\/p>\n<p>BELLA sodo bald\u0173 komplektas \u2013 puikus sprendimas ie\u0161kantiems esteti\u0161k\u0173 ir funkcionali\u0173 bald\u0173 savo sodui. Pagamintas i\u0161 auk\u0161tos kokyb\u0117s uosio medienos, BELLA sodo bald\u0173 komplektas yra atsparus kintan\u010dioms oro s\u0105lygoms, u\u017etikrinant ilgalaik\u012f tarnavim\u0105. \u0160iek tiek i\u0161lenkti atlo\u0161ai ir porankiai, taip pat mink\u0161tos s\u0117dyn\u0117s ir nugaros pagalv\u0117l\u0117s suteikia neprilygstam\u0105 komfort\u0105. BELLA sodo bald\u0173 komplektas yra ne tik patogi vieta atsipalaiduoti, bet ir eleganti\u0161kas bet kurio sodo, kiemo ar terasos papildymas.<\/p>\n<p>Pasirinkus med\u017eio masyvo sodo baldus, u\u017etikrinama auk\u0161\u010diausia kokyb\u0117 ir ilgaam\u017ei\u0161kumas. Norint u\u017etikrinti, kad j\u016bs\u0173 mediniai sodo baldai tarnaut\u0173 ilgus metus, svarbu juos tinkamai pri\u017ei\u016br\u0117ti. Tinkamas medini\u0173 sodo bald\u0173 naudojimas ir prie\u017ei\u016bra ne tik ilgiau u\u017etikrins j\u0173 savybes ir nepriekai\u0161ting\u0105 i\u0161vaizd\u0105, bet ir palengvins ne\u0161varum\u0173 pa\u0161alinim\u0105. Reguliarus med\u017eio masyvo sodo bald\u0173 impregnavimas, apsauga nuo dr\u0117gm\u0117s, UV spinduli\u0173 ir \u017eemos temperat\u016bros yra pagrindiniai \u017eingsniai, u\u017etikrinantys j\u016bs\u0173 medini\u0173 sodo bald\u0173 ilgaam\u017ei\u0161kum\u0105.<\/p>\n<p>BELLA sodo bald\u0173 komplekto \u012fsigijimas yra puikus sprendimas visiems, norintiems susikurti unikali\u0105 lauko erdv\u0119. Auk\u0161tos kokyb\u0117s med\u017eiagos ir modernus dizainas u\u017etikrina ne tik patog\u0173 poils\u012f, bet ir esteti\u0161kai pagra\u017eina aplink\u0105. Mink\u0161tos pagalv\u0117l\u0117s suteikia papildomo prabangos ir skatina leisti laik\u0105 lauke, tod\u0117l tai idealus sprendimas ie\u0161kantiems ramyb\u0117s ir atsipalaidavimo oaz\u0117s savo sode.<\/p>\n<p>Technin\u0117s specifikacijos:<\/p>\n<p>\u2705 Modelis: BELLA<\/p>\n<p>\u2705 Medienos tipas: uosis<\/p>\n<p>\u2705 Komplekt\u0105 sudaro: kavos staliukas + suoliukas + 2 k\u0117d\u0117s<\/p>","protected":false},"excerpt":{"rendered":"<p>BELLA sodo bald\u0173 komplektas BELLA sodo bald\u0173 komplektas \u2013 puikus sprendimas ie\u0161kantiems esteti\u0161k\u0173 ir funkcionali\u0173 bald\u0173 savo sodui. Pagamintas i\u0161 auk\u0161tos kokyb\u0117s uosio medienos, BELLA sodo bald\u0173 komplektas yra atsparus kintan\u010dioms oro s\u0105lygoms, u\u017etikrinant ilgalaik\u012f tarnavim\u0105. \u0160iek tiek i\u0161lenkti atlo\u0161ai ir porankiai, taip pat mink\u0161ta s\u0117dyn\u0117 ir nugaros atrama [\u2026]<\/p>","protected":false},"featured_media":84598,"comment_status":"open","ping_status":"open","template":"","meta":[],"product_brand":[],"product_cat":[9307,2113,9121],"product_tag":[],"class_list":{"0":"post-84597","1":"product","2":"type-product","3":"status-publish","4":"has-post-thumbnail","6":"product_cat-garden-furniture-drewmax","7":"product_cat-drewmax","8":"product_cat-table-sets","10":"first","11":"instock","12":"purchasable","13":"product-type-simple"},"_links":{"self":[{"href":"https:\/\/baldumarket.lt\/lt\/wp-json\/wp\/v2\/product\/84597","targetHints":{"allow":["GET"]}}],"collection":[{"href":"https:\/\/baldumarket.lt\/lt\/wp-json\/wp\/v2\/product"}],"about":[{"href":"https:\/\/baldumarket.lt\/lt\/wp-json\/wp\/v2\/types\/product"}],"replies":[{"embeddable":true,"href":"https:\/\/baldumarket.lt\/lt\/wp-json\/wp\/v2\/comments?post=84597"}],"wp:featuredmedia":[{"embeddable":true,"href":"https:\/\/baldumarket.lt\/lt\/wp-json\/wp\/v2\/media\/84598"}],"wp:attachment":[{"href":"https:\/\/baldumarket.lt\/lt\/wp-json\/wp\/v2\/media?parent=84597"}],"wp:term":[{"taxonomy":"product_brand","embeddable":true,"href":"https:\/\/baldumarket.lt\/lt\/wp-json\/wp\/v2\/product_brand?post=84597"},{"taxonomy":"product_cat","embeddable":true,"href":"https:\/\/baldumarket.lt\/lt\/wp-json\/wp\/v2\/product_cat?post=84597"},{"taxonomy":"product_tag","embeddable":true,"href":"https:\/\/baldumarket.lt\/lt\/wp-json\/wp\/v2\/product_tag?post=84597"}],"curies":[{"name":"wp","href":"https:\/\/api.w.org\/{rel}","templated":true}]}}