{"id":84559,"date":"2025-12-04T23:31:09","date_gmt":"2025-12-04T20:31:09","guid":{"rendered":"https:\/\/baldumarket.lt\/product\/stolik-kawowy-sosnowy-st712-sosna-ciemny-wosk\/"},"modified":"2026-02-04T00:24:30","modified_gmt":"2026-02-03T21:24:30","slug":"stolik-kawowy-sosnowy-st712-sosna-ciemny-wosk","status":"publish","type":"product","link":"https:\/\/baldumarket.lt\/lt\/product\/stolik-kawowy-sosnowy-st712-sosna-ciemny-wosk\/","title":{"rendered":"pu\u0161ies kavos staliukas ST712 tamsaus va\u0161ko pu\u0161is"},"content":{"rendered":"<p>Eleganti\u0161kas ST712 pu\u0161ies stalas pagamintas i\u0161 bi\u010di\u0173 va\u0161ku padengtos pu\u0161ies medienos masyvo. Tai harmoningas klasikinio dizaino ir tvirtos konstrukcijos derinys. Unikalios, puo\u0161niai tekintos kojel\u0117s suteikia stalui charakterio ir paver\u010dia j\u012f puikiu bet kurios svetain\u0117s ar valgomojo akcentu. Nat\u016bralaus va\u0161ko apdaila i\u0161ry\u0161kina medienos gro\u017e\u012f, kartu u\u017etikrindama jos apsaug\u0105 ir ilgaam\u017ei\u0161kum\u0105. Stalas turi du prakti\u0161kus stal\u010dius po stalvir\u0161iu, kuriuose galima laikyti smulkius daiktus, tokius kaip stalo \u012frankiai ar servet\u0117l\u0117s. \u0160is sprendimas daro ST712 stal\u0105 ne tik stiling\u0105, bet ir funkcional\u0173.<\/p>\n<p>Baldas padengtas nat\u016braliu bi\u010di\u0173 va\u0161ku, kuris sukuria apsaugin\u012f sluoksn\u012f nuo dr\u0117gm\u0117s ir kartu kondicionuoja medien\u0105. Va\u0161kavimo procesas pary\u0161kina nat\u016bral\u0173 medienos ra\u0161t\u0105 ir pagilina nat\u016brali\u0105 jos spalv\u0105. Bi\u010di\u0173 va\u0161kas yra nat\u016bralus produktas, tod\u0117l va\u0161kuoti baldai pasi\u017eymi antistatin\u0117mis savyb\u0117mis, ma\u017einan\u010diomis dulki\u0173 kaupim\u0105si. Papildomas va\u0161kuot\u0173 bald\u0173 privalumas \u2013 \u0161ilkinis lygus pavir\u0161ius ir malonus nat\u016bralios medienos aromatas.<\/p>\n<p>ST712 va\u0161kuotas stalas \u2013 puikus pasirinkimas tiems, kurie vertina klasikinius, auk\u0161tos kokyb\u0117s baldus. Tvirta pu\u0161ies konstrukcija garantuoja ilgaam\u017ei\u0161kum\u0105, o dekoratyvin\u0117s kojel\u0117s suteikia interjerui elegancijos ir charakterio. Va\u0161kuota apdaila apsaugo medien\u0105 nuo kasdienio nusid\u0117v\u0117jimo. Funkciniai stal\u010diai yra papildomas privalumas, tod\u0117l stalas tampa nepakei\u010diamu j\u016bs\u0173 interjero elementu, derinan\u010diu estetik\u0105 ir prakti\u0161kum\u0105.<\/p>","protected":false},"excerpt":{"rendered":"<p>Eleganti\u0161kas ST712 pu\u0161ies stalas pagamintas i\u0161 bi\u010di\u0173 va\u0161ku padengtos pu\u0161ies medienos masyvo. Tai harmoningas klasikinio dizaino ir tvirtos konstrukcijos derinys. Unikalios, puo\u0161niai tekintos kojel\u0117s suteikia stalui charakterio ir paver\u010dia j\u012f puikiu bet kurios svetain\u0117s ar valgomojo akcentu. Nat\u016bralaus va\u0161ko apdaila i\u0161ry\u0161kina medienos gro\u017e\u012f [\u2026]<\/p>","protected":false},"featured_media":84560,"comment_status":"open","ping_status":"open","template":"","meta":[],"product_brand":[],"product_cat":[9305,866,2113],"product_tag":[],"class_list":{"0":"post-84559","1":"product","2":"type-product","3":"status-publish","4":"has-post-thumbnail","6":"product_cat-pine-furniture-drewmax","7":"product_cat-coffee-tables","8":"product_cat-drewmax","10":"first","11":"instock","12":"purchasable","13":"product-type-simple"},"_links":{"self":[{"href":"https:\/\/baldumarket.lt\/lt\/wp-json\/wp\/v2\/product\/84559","targetHints":{"allow":["GET"]}}],"collection":[{"href":"https:\/\/baldumarket.lt\/lt\/wp-json\/wp\/v2\/product"}],"about":[{"href":"https:\/\/baldumarket.lt\/lt\/wp-json\/wp\/v2\/types\/product"}],"replies":[{"embeddable":true,"href":"https:\/\/baldumarket.lt\/lt\/wp-json\/wp\/v2\/comments?post=84559"}],"wp:featuredmedia":[{"embeddable":true,"href":"https:\/\/baldumarket.lt\/lt\/wp-json\/wp\/v2\/media\/84560"}],"wp:attachment":[{"href":"https:\/\/baldumarket.lt\/lt\/wp-json\/wp\/v2\/media?parent=84559"}],"wp:term":[{"taxonomy":"product_brand","embeddable":true,"href":"https:\/\/baldumarket.lt\/lt\/wp-json\/wp\/v2\/product_brand?post=84559"},{"taxonomy":"product_cat","embeddable":true,"href":"https:\/\/baldumarket.lt\/lt\/wp-json\/wp\/v2\/product_cat?post=84559"},{"taxonomy":"product_tag","embeddable":true,"href":"https:\/\/baldumarket.lt\/lt\/wp-json\/wp\/v2\/product_tag?post=84559"}],"curies":[{"name":"wp","href":"https:\/\/api.w.org\/{rel}","templated":true}]}}