{"id":84541,"date":"2025-12-04T23:30:44","date_gmt":"2025-12-04T20:30:44","guid":{"rendered":"https:\/\/baldumarket.lt\/product\/witryna-sosnowa-rustikal-kw825-sosna-bielony-wosk\/"},"modified":"2026-02-04T00:24:34","modified_gmt":"2026-02-03T21:24:34","slug":"witryna-sosnowa-rustikal-kw825-sosna-bielony-wosk","status":"publish","type":"product","link":"https:\/\/baldumarket.lt\/lt\/produktas\/witryna-sosnowa-rustikal-kw825-sosna-bielony-wosk\/","title":{"rendered":"Pu\u0161in\u0117 vitrina RUSTIKAL KW825 pu\u0161ies balintas va\u0161kas"},"content":{"rendered":"<p>\u0160i \u012fsp\u016bdinga KW825 pu\u0161ies vitrina pagaminta i\u0161 bi\u010di\u0173 va\u0161ku padengtos pu\u0161ies masyvo. Ji derina elegancij\u0105, erdvum\u0105 ir funkcionalum\u0105. Vir\u0161utin\u0117je dalyje \u012frengtos keturios stiklin\u0117s durys, tod\u0117l puikiai tinka stalo \u012frankiams, stiklin\u0117ms ar dekoracijoms eksponuoti. Apatin\u0117je dalyje yra keturios rakinamos spintel\u0117s ir keturi stal\u010diai, kuriuose yra daug vietos daiktams susid\u0117ti. Sendinti metaliniai furnit\u016bra ir va\u0161kuota apdaila pabr\u0117\u017eia klasikin\u012f baldo charakter\u012f, suteikia \u0161ilumos ir \u017eavesio. D\u0117l tvirtos konstrukcijos ir kruop\u0161taus darbo vitrina yra ne tik gra\u017eus dekoratyvinis elementas, bet ir funkcionalus baldas.<\/p>\n<p>Baldai padengti nat\u016braliu bi\u010di\u0173 va\u0161ku, kuris sukuria apsaugin\u012f sluoksn\u012f nuo dr\u0117gm\u0117s ir kartu kondicionuoja medien\u0105. Va\u0161kavimo procesas pary\u0161kina nat\u016brali\u0105 medienos tekst\u016br\u0105 ir pagilina nat\u016brali\u0105 jos spalv\u0105. Bi\u010di\u0173 va\u0161kas yra nat\u016bralus produktas, tod\u0117l va\u0161kuoti baldai \u012fgauna antistatini\u0173 savybi\u0173 \u2013 ant j\u0173 pavir\u0161iaus kaupiasi ma\u017eiau dulki\u0173. Papildomas va\u0161kuot\u0173 bald\u0173 privalumas \u2013 \u0161ilkiniai lygus pavir\u0161ius ir malonus nat\u016bralios medienos kvapas.<\/p>\n<p>Va\u0161kuota vitrina KW825 yra puikus pasirinkimas tiems, kurie vertina erdv\u0119, tvark\u0105 ir stili\u0173. Nat\u016brali va\u0161kuota pu\u0161ies mediena yra patvari ir atspari pa\u017eeidimams, o jos klasikin\u0117 i\u0161vaizda lengvai dera tiek tradiciniame, tiek moderniame interjere. Tur\u0117dama daug vietos daiktams susid\u0117ti ir eksponavimo galimybi\u0173, \u0161i vitrina pad\u0117s j\u016bs\u0173 namams suteikti tvarkos ir elegancijos. \u012esigij\u0119 KW825 vitrin\u0105, investicija \u012f tvirt\u0105 ir gra\u017e\u0173 bald\u0105, kuris tarnaus ilgus metus ir suteiks \u017eavesio bet kuriam kambariui.<\/p>","protected":false},"excerpt":{"rendered":"<p>\u0160i \u012fsp\u016bdinga KW825 pu\u0161in\u0117 vitrina pagaminta i\u0161 bi\u010di\u0173 va\u0161ku padengtos pu\u0161ies medienos masyvo. Ji derina elegancij\u0105, erdvum\u0105 ir funkcionalum\u0105. Vir\u0161utin\u0117je dalyje \u012frengtos keturios stiklin\u0117s durys, tod\u0117l puikiai tinka stalo \u012frankiams, stiklin\u0117ms ar dekoracijoms eksponuoti. Apatin\u0117je dalyje yra keturios u\u017erakinamos spintel\u0117s ir keturi stal\u010diai, [\u2026]<\/p>","protected":false},"featured_media":84537,"comment_status":"open","ping_status":"open","template":"","meta":[],"product_brand":[],"product_cat":[9317,2113,2006],"product_tag":[],"class_list":{"0":"post-84541","1":"product","2":"type-product","3":"status-publish","4":"has-post-thumbnail","6":"product_cat-collection-rustikal-drewmax","7":"product_cat-drewmax","8":"product_cat-vitrines","10":"first","11":"instock","12":"purchasable","13":"product-type-simple"},"_links":{"self":[{"href":"https:\/\/baldumarket.lt\/lt\/wp-json\/wp\/v2\/product\/84541","targetHints":{"allow":["GET"]}}],"collection":[{"href":"https:\/\/baldumarket.lt\/lt\/wp-json\/wp\/v2\/product"}],"about":[{"href":"https:\/\/baldumarket.lt\/lt\/wp-json\/wp\/v2\/types\/product"}],"replies":[{"embeddable":true,"href":"https:\/\/baldumarket.lt\/lt\/wp-json\/wp\/v2\/comments?post=84541"}],"wp:featuredmedia":[{"embeddable":true,"href":"https:\/\/baldumarket.lt\/lt\/wp-json\/wp\/v2\/media\/84537"}],"wp:attachment":[{"href":"https:\/\/baldumarket.lt\/lt\/wp-json\/wp\/v2\/media?parent=84541"}],"wp:term":[{"taxonomy":"product_brand","embeddable":true,"href":"https:\/\/baldumarket.lt\/lt\/wp-json\/wp\/v2\/product_brand?post=84541"},{"taxonomy":"product_cat","embeddable":true,"href":"https:\/\/baldumarket.lt\/lt\/wp-json\/wp\/v2\/product_cat?post=84541"},{"taxonomy":"product_tag","embeddable":true,"href":"https:\/\/baldumarket.lt\/lt\/wp-json\/wp\/v2\/product_tag?post=84541"}],"curies":[{"name":"wp","href":"https:\/\/api.w.org\/{rel}","templated":true}]}}