{"id":84533,"date":"2025-12-04T23:30:37","date_gmt":"2025-12-04T20:30:37","guid":{"rendered":"https:\/\/baldumarket.lt\/product\/polka-sosnowa-rustikal-pk711-sosna-antyczna-biel\/"},"modified":"2026-02-04T00:24:36","modified_gmt":"2026-02-03T21:24:36","slug":"polka-sosnowa-rustikal-pk711-sosna-antyczna-biel","status":"publish","type":"product","link":"https:\/\/baldumarket.lt\/lt\/produktas\/polka-sosnowa-rustikal-pk711-sosna-antyczna-biel\/","title":{"rendered":"Pu\u0161in\u0117 lentyna RUSTIKAL PK711 antikvarin\u0117 pu\u0161is balta"},"content":{"rendered":"<p>Eleganti\u0161ka PK711 pu\u0161ies lentyna pagaminta i\u0161 bi\u010di\u0173 va\u0161ku padengtos pu\u0161ies masyvo. Tai puikus dekoratyvinis ir funkcionalus j\u016bs\u0173 interjero elementas. Paprastas dizainas kartu su klasikine i\u0161vaizda puikiai tinka \u012fvairiems interjerams \u2013 nuo skandinavi\u0161ko minimalizmo iki kaimi\u0161ko stiliaus. Lentyna turi prakti\u0161kus kabliukus, puikiai tinkan\u010dius smulkiems aksesuarams, pavyzd\u017eiui, raktams, krep\u0161iams ar rank\u0161luos\u010diams, tod\u0117l ji idealiai tinka koridoriui, virtuvei ar vonios kambariui.<\/p>\n<p>Baldas padengtas nat\u016braliu bi\u010di\u0173 va\u0161ku, kuris sukuria apsaugin\u012f sluoksn\u012f nuo dr\u0117gm\u0117s ir kartu maitina medien\u0105. Va\u0161kavimo procesas i\u0161ry\u0161kina nat\u016brali\u0105 medienos tekst\u016br\u0105 ir pagilina nat\u016brali\u0105 jos spalv\u0105. Bi\u010di\u0173 va\u0161kas yra nat\u016bralus produktas, tod\u0117l va\u0161kuoti baldai \u012fgauna antistatini\u0173 savybi\u0173 \u2013 suma\u017eina dulki\u0173 kaupim\u0105si. Papildomas va\u0161kuot\u0173 bald\u0173 privalumas \u2013 \u0161ilkinis lygus pavir\u0161ius ir malonus nat\u016bralios medienos kvapas.<\/p>\n<p>PK711 sienin\u0117 lentyna yra ne tik stilingas j\u016bs\u0173 interjero papildymas, bet ir prakti\u0161kas elementas, pad\u0117siantis sutvarkyti erdv\u0119. D\u0117l klasikinio dizaino lentyna tinka tiek moderniam, tiek tradiciniam interjerui, o funkcionalumas suteiks elegancijos ir tvarkos bet kuriam kambariui. Tai puikus pasirinkimas tiems, kurie vertina nat\u016bralias med\u017eiagas ir nesenstant\u012f stili\u0173.<\/p>","protected":false},"excerpt":{"rendered":"<p>Eleganti\u0161ka PK711 pu\u0161ies lentyna pagaminta i\u0161 bi\u010di\u0173 va\u0161ku padengtos pu\u0161ies masyvo. Tai puikus dekoratyvinis ir funkcionalus j\u016bs\u0173 interjero elementas. Paprastas dizainas kartu su klasikine i\u0161vaizda puikiai tinka \u012fvairiems interjerams \u2013 nuo skandinavi\u0161ko minimalizmo iki kaimi\u0161ko stiliaus. Lentyna turi prakti\u0161kus kabliukus, puikiai tinkan\u010dius [\u2026]<\/p>","protected":false},"featured_media":84527,"comment_status":"open","ping_status":"open","template":"","meta":[],"product_brand":[],"product_cat":[9317,9305,2113,1174],"product_tag":[],"class_list":{"0":"post-84533","1":"product","2":"type-product","3":"status-publish","4":"has-post-thumbnail","6":"product_cat-collection-rustikal-drewmax","7":"product_cat-pine-furniture-drewmax","8":"product_cat-drewmax","9":"product_cat-hanging-shelves","11":"first","12":"instock","13":"purchasable","14":"product-type-simple"},"_links":{"self":[{"href":"https:\/\/baldumarket.lt\/lt\/wp-json\/wp\/v2\/product\/84533","targetHints":{"allow":["GET"]}}],"collection":[{"href":"https:\/\/baldumarket.lt\/lt\/wp-json\/wp\/v2\/product"}],"about":[{"href":"https:\/\/baldumarket.lt\/lt\/wp-json\/wp\/v2\/types\/product"}],"replies":[{"embeddable":true,"href":"https:\/\/baldumarket.lt\/lt\/wp-json\/wp\/v2\/comments?post=84533"}],"wp:featuredmedia":[{"embeddable":true,"href":"https:\/\/baldumarket.lt\/lt\/wp-json\/wp\/v2\/media\/84527"}],"wp:attachment":[{"href":"https:\/\/baldumarket.lt\/lt\/wp-json\/wp\/v2\/media?parent=84533"}],"wp:term":[{"taxonomy":"product_brand","embeddable":true,"href":"https:\/\/baldumarket.lt\/lt\/wp-json\/wp\/v2\/product_brand?post=84533"},{"taxonomy":"product_cat","embeddable":true,"href":"https:\/\/baldumarket.lt\/lt\/wp-json\/wp\/v2\/product_cat?post=84533"},{"taxonomy":"product_tag","embeddable":true,"href":"https:\/\/baldumarket.lt\/lt\/wp-json\/wp\/v2\/product_tag?post=84533"}],"curies":[{"name":"wp","href":"https:\/\/api.w.org\/{rel}","templated":true}]}}