{"id":84524,"date":"2025-12-04T23:30:21","date_gmt":"2025-12-04T20:30:21","guid":{"rendered":"https:\/\/baldumarket.lt\/product\/naroznik-sosnowy-rustikal-nr707-sosna-jasny-wosk\/"},"modified":"2026-02-04T00:24:37","modified_gmt":"2026-02-03T21:24:37","slug":"naroznik-sosnowy-rustikal-nr707-sosna-jasny-wosk","status":"publish","type":"product","link":"https:\/\/baldumarket.lt\/lt\/product\/naroznik-sosnowy-rustikal-nr707-sosna-jasny-wosk\/","title":{"rendered":"Pu\u0161in\u0117 kampin\u0117 sofa RUSTIKAL NR707, \u0161viesaus va\u0161ko spalvos pu\u0161is"},"content":{"rendered":"<p>NR707 pu\u0161ies kampin\u0117 sofa \u2013 tai paprastas, bet eleganti\u0161kas suolas, pagamintas i\u0161 bi\u010di\u0173 va\u0161ku padengtos pu\u0161ies medienos masyvo. Jis puikiai dera prie bet kokio interjero. Minimalistinis dizainas ir nat\u016brali apdaila puikiai tinka tiek moderniam, tiek klasikiniam interjerui. Neutralaus atspalvio apmu\u0161ta s\u0117dyn\u0117 suteikia komforto, o subtil\u016bs odiniai dir\u017eeliai suteikia charakterio ir stiliaus. Stabili konstrukcija ir tvirta apdaila garantuoja ilgaam\u017ei\u0161kum\u0105, o nat\u016brali mediena pabr\u0117\u017eia \u0161ilt\u0105 ir jauk\u0173 baldo charakter\u012f.<\/p>\n<p>Baldai padengti nat\u016braliu bi\u010di\u0173 va\u0161ku, kuris sukuria apsaugin\u012f sluoksn\u012f nuo dr\u0117gm\u0117s ir kartu maitina medien\u0105. Va\u0161kavimo procesas i\u0161ry\u0161kina nat\u016brali\u0105 medienos tekst\u016br\u0105 ir pagilina nat\u016brali\u0105 jos spalv\u0105. Bi\u010di\u0173 va\u0161kas yra nat\u016bralus produktas, tod\u0117l va\u0161kuoti baldai \u012fgauna antistatini\u0173 savybi\u0173 \u2013 suma\u017eina dulki\u0173 kaupim\u0105si. Papildomas va\u0161kuot\u0173 bald\u0173 privalumas \u2013 \u0161ilkinis lygus pavir\u0161ius ir malonus nat\u016bralios medienos kvapas.<\/p>\n<p>Mink\u0161tas NR707 suolas derina paprastum\u0105 ir funkcionalum\u0105 su eleganti\u0161ku dizainu. Tai ne tik prakti\u0161kas baldas, kur\u012f galima naudoti koridoriuje, miegamajame ar svetain\u0117je, bet ir dekoratyvinis elementas, suteiksiantis \u017eavesio bet kokiam interjerui. Pagamintas i\u0161 masyvios pu\u0161ies medienos, va\u0161kuotas pavir\u0161ius u\u017etikrina atsparum\u0105 pa\u017eeidimams ir gra\u017ei\u0105, nat\u016brali\u0105 i\u0161vaizd\u0105. Pasirinkdami \u0161\u012f suol\u0105, investuojate \u012f bald\u0105, kuris j\u016bs\u0173 namams suteiks jaukumo ir estetikos.<\/p>","protected":false},"excerpt":{"rendered":"<p>NR707 pu\u0161ies kampin\u0117 sofa yra paprastas, bet eleganti\u0161kas suolas, pagamintas i\u0161 bi\u010di\u0173 va\u0161ku padengtos pu\u0161ies masyvo. Jis puikiai dera prie bet kokio interjero. Minimalistinis dizainas ir nat\u016brali apdaila puikiai tinka tiek moderniam, tiek klasikiniam interjerui. Neutralaus atspalvio apmu\u0161ta s\u0117dyn\u0117 suteikia komforto, o subtili oda [\u2026]<\/p>","protected":false},"featured_media":84516,"comment_status":"open","ping_status":"open","template":"","meta":[],"product_brand":[],"product_cat":[9317,9307,1928,2113],"product_tag":[],"class_list":{"0":"post-84524","1":"product","2":"type-product","3":"status-publish","4":"has-post-thumbnail","6":"product_cat-collection-rustikal-drewmax","7":"product_cat-garden-furniture-drewmax","8":"product_cat-benches","9":"product_cat-drewmax","11":"first","12":"instock","13":"purchasable","14":"product-type-simple"},"_links":{"self":[{"href":"https:\/\/baldumarket.lt\/lt\/wp-json\/wp\/v2\/product\/84524","targetHints":{"allow":["GET"]}}],"collection":[{"href":"https:\/\/baldumarket.lt\/lt\/wp-json\/wp\/v2\/product"}],"about":[{"href":"https:\/\/baldumarket.lt\/lt\/wp-json\/wp\/v2\/types\/product"}],"replies":[{"embeddable":true,"href":"https:\/\/baldumarket.lt\/lt\/wp-json\/wp\/v2\/comments?post=84524"}],"wp:featuredmedia":[{"embeddable":true,"href":"https:\/\/baldumarket.lt\/lt\/wp-json\/wp\/v2\/media\/84516"}],"wp:attachment":[{"href":"https:\/\/baldumarket.lt\/lt\/wp-json\/wp\/v2\/media?parent=84524"}],"wp:term":[{"taxonomy":"product_brand","embeddable":true,"href":"https:\/\/baldumarket.lt\/lt\/wp-json\/wp\/v2\/product_brand?post=84524"},{"taxonomy":"product_cat","embeddable":true,"href":"https:\/\/baldumarket.lt\/lt\/wp-json\/wp\/v2\/product_cat?post=84524"},{"taxonomy":"product_tag","embeddable":true,"href":"https:\/\/baldumarket.lt\/lt\/wp-json\/wp\/v2\/product_tag?post=84524"}],"curies":[{"name":"wp","href":"https:\/\/api.w.org\/{rel}","templated":true}]}}