{"id":84487,"date":"2025-12-04T23:29:49","date_gmt":"2025-12-04T20:29:49","guid":{"rendered":"https:\/\/baldumarket.lt\/product\/komoda-sosnowa-rustikal-kd722-sosna-bezbarwny-wosk\/"},"modified":"2026-02-04T00:24:41","modified_gmt":"2026-02-03T21:24:41","slug":"komoda-sosnowa-rustikal-kd722-sosna-bezbarwny-wosk","status":"publish","type":"product","link":"https:\/\/baldumarket.lt\/lt\/product\/komoda-sosnowa-rustikal-kd722-sosna-bezbarwny-wosk\/","title":{"rendered":"Pu\u0161in\u0117 komoda RUSTIKAL KD722 pu\u0161is, skaidrus va\u0161kas"},"content":{"rendered":"<p>\u0160i unikali KD722 pu\u0161in\u0117 komoda pagaminta i\u0161 tvirtos pu\u0161ies medienos ir padengta bi\u010di\u0173 va\u0161ku. Tai i\u0161skirtinai eleganti\u0161kas bet kokio interjero papildymas. Penki stal\u010diai ir dvi spintel\u0117s su stiklin\u0117mis durel\u0117mis suteikia daug vietos daiktams susid\u0117ti. Tamsios, sendintos ranken\u0117l\u0117s kontrastuoja su nat\u016bralia mediena, suteikdamos baldui unikal\u0173 charakter\u012f. Va\u0161kuota apdaila i\u0161ry\u0161kina nat\u016brali\u0105 medienos tekst\u016br\u0105, suteikdama \u0161ilt\u0105 ir jauki\u0105 i\u0161vaizd\u0105. Stiklin\u0117s durys su mediniais skersiniais suteikia kaimi\u0161ko \u017eavesio, puikiai papildydamos tiek klasikin\u012f, tiek modern\u0173 stili\u0173.<\/p>\n<p>Baldas padengtas nat\u016braliu bi\u010di\u0173 va\u0161ku, kuris sukuria apsaugin\u012f sluoksn\u012f nuo dr\u0117gm\u0117s ir kartu kondicionuoja medien\u0105. Va\u0161kavimo procesas pary\u0161kina nat\u016bral\u0173 medienos ra\u0161t\u0105 ir pagilina nat\u016brali\u0105 jos spalv\u0105. Bi\u010di\u0173 va\u0161kas yra nat\u016bralus produktas, tod\u0117l va\u0161kuoti baldai pasi\u017eymi antistatin\u0117mis savyb\u0117mis, ma\u017einan\u010diomis dulki\u0173 kaupim\u0105si. Papildomas va\u0161kuot\u0173 bald\u0173 privalumas \u2013 \u0161ilkinis lygus pavir\u0161ius ir malonus nat\u016bralios medienos aromatas.<\/p>\n<p>Va\u0161kuota komoda KD722 \u2013 tai tobulas funkcionalumo ir stiliaus derinys. Nat\u016brali, va\u0161kuota pu\u0161ies mediena u\u017etikrina patvarum\u0105 ir atsparum\u0105 pa\u017eeidimams, o daugyb\u0117 stal\u010di\u0173 ir vitrin\u0173 leid\u017eia patogiai laikyti tiek kasdienius daiktus, tiek dekoratyvinius elementus. Tai puikus pasirinkimas tiems, kurie vertina klasikinius baldus su modernumo prieskoniu. \u012ene\u0161kite elegancijos ir harmonijos \u012f savo interjer\u0105 su KD722 komoda, kuri savo dizainu ir prakti\u0161kumu d\u017eiugins kiekvien\u0105.<\/p>","protected":false},"excerpt":{"rendered":"<p>\u0160i unikali KD722 pu\u0161in\u0117 komoda pagaminta i\u0161 tvirtos pu\u0161ies medienos ir padengta bi\u010di\u0173 va\u0161ku. Tai i\u0161skirtinai eleganti\u0161kas bet kokio interjero papildymas. Penki stal\u010diai ir dvi spintel\u0117s su stiklin\u0117mis durel\u0117mis suteikia daug vietos daiktams susid\u0117ti. Tamsios, sendintos ranken\u0117l\u0117s kontrastuoja su nat\u016bralia mediena, suteikdamos baldui unikal\u0173 charakter\u012f. [\u2026]<\/p>","protected":false},"featured_media":84488,"comment_status":"open","ping_status":"open","template":"","meta":[],"product_brand":[],"product_cat":[9317,9305,1173,2113],"product_tag":[],"class_list":{"0":"post-84487","1":"product","2":"type-product","3":"status-publish","4":"has-post-thumbnail","6":"product_cat-collection-rustikal-drewmax","7":"product_cat-pine-furniture-drewmax","8":"product_cat-chests-of-drawers","9":"product_cat-drewmax","11":"first","12":"instock","13":"purchasable","14":"product-type-simple"},"_links":{"self":[{"href":"https:\/\/baldumarket.lt\/lt\/wp-json\/wp\/v2\/product\/84487","targetHints":{"allow":["GET"]}}],"collection":[{"href":"https:\/\/baldumarket.lt\/lt\/wp-json\/wp\/v2\/product"}],"about":[{"href":"https:\/\/baldumarket.lt\/lt\/wp-json\/wp\/v2\/types\/product"}],"replies":[{"embeddable":true,"href":"https:\/\/baldumarket.lt\/lt\/wp-json\/wp\/v2\/comments?post=84487"}],"wp:featuredmedia":[{"embeddable":true,"href":"https:\/\/baldumarket.lt\/lt\/wp-json\/wp\/v2\/media\/84488"}],"wp:attachment":[{"href":"https:\/\/baldumarket.lt\/lt\/wp-json\/wp\/v2\/media?parent=84487"}],"wp:term":[{"taxonomy":"product_brand","embeddable":true,"href":"https:\/\/baldumarket.lt\/lt\/wp-json\/wp\/v2\/product_brand?post=84487"},{"taxonomy":"product_cat","embeddable":true,"href":"https:\/\/baldumarket.lt\/lt\/wp-json\/wp\/v2\/product_cat?post=84487"},{"taxonomy":"product_tag","embeddable":true,"href":"https:\/\/baldumarket.lt\/lt\/wp-json\/wp\/v2\/product_tag?post=84487"}],"curies":[{"name":"wp","href":"https:\/\/api.w.org\/{rel}","templated":true}]}}