{"id":84463,"date":"2025-12-04T23:29:29","date_gmt":"2025-12-04T20:29:29","guid":{"rendered":"https:\/\/baldumarket.lt\/product\/komoda-sosnowa-rustikal-kd818-sosna-ciemny-wosk\/"},"modified":"2026-02-04T00:24:47","modified_gmt":"2026-02-03T21:24:47","slug":"komoda-sosnowa-rustikal-kd818-sosna-ciemny-wosk","status":"publish","type":"product","link":"https:\/\/baldumarket.lt\/lt\/product\/komoda-sosnowa-rustikal-kd818-sosna-ciemny-wosk\/","title":{"rendered":"Pu\u0161in\u0117 komoda RUSTIKAL KD818 pu\u0161is, tamsus va\u0161kas"},"content":{"rendered":"<p>Eleganti\u0161ka KD818 pu\u0161ies komoda pagaminta i\u0161 masyvios pu\u0161ies medienos su va\u0161ko apdaila. Tai puikus funkcionalumo ir nat\u016bralaus gro\u017eio derinys. Tur\u0117dama keturis erdvius stal\u010dius ir rakinam\u0105 spintel\u0119, ji puikiai tinka tiek svetain\u0117ms, tiek miegamiesiems, tiek valgomiesiems. Kaimi\u0161ko stiliaus sendintos ranken\u0117l\u0117s pary\u0161kina klasikin\u012f dizain\u0105, o va\u0161ko apdaila i\u0161ry\u0161kina nat\u016brali\u0105 medienos tekst\u016br\u0105, suteikdama baldui \u0161ilt\u0105 ir jauk\u0173 poj\u016bt\u012f. Tvirta konstrukcija u\u017etikrina ilgaam\u017ei\u0161kum\u0105, o apgalvota daikt\u0173 laikymo sistema leid\u017eia palaikyti tvarking\u0105 ir organizuot\u0105 erdv\u0119.<\/p>\n<p>Baldai padengti nat\u016braliu bi\u010di\u0173 va\u0161ku, kuris sukuria apsaugin\u012f sluoksn\u012f nuo dr\u0117gm\u0117s ir kartu apsaugo medien\u0105. Va\u0161kavimo procesas pary\u0161kina nat\u016bral\u0173 medienos ra\u0161t\u0105 ir pagilina nat\u016brali\u0105 jos spalv\u0105. Bi\u010di\u0173 va\u0161kas yra nat\u016bralus produktas, tod\u0117l va\u0161kuoti baldai pasi\u017eymi antistatin\u0117mis savyb\u0117mis, ma\u017einan\u010diomis dulki\u0173 kaupim\u0105si. Papildomas va\u0161kuot\u0173 bald\u0173 privalumas \u2013 \u0161ilkinis lygus pavir\u0161ius ir malonus nat\u016bralios medienos aromatas.<\/p>\n<p>Va\u0161kuota komoda KD818 \u2013 puikus pasirinkimas ie\u0161kantiems prakti\u0161k\u0173 ir stiling\u0173 sprendim\u0173 savo interjerui. Nat\u016brali va\u0161kuota pu\u0161ies mediena ne tik atrodo gra\u017eiai, bet ir yra patvari bei ekologi\u0161ka. D\u0117l erdvi\u0173 stal\u010di\u0173 ir spintel\u0117s KD818 komoda si\u016blo daug vietos daiktams susid\u0117ti, o klasikin\u0117 i\u0161vaizda puikiai dera tiek su moderniu, tiek su tradiciniu interjeru. Investav\u0119 \u012f \u0161i\u0105 KD818 komod\u0105, \u012fsigysite funkcional\u0173 bald\u0105, kuris suteiks \u017eavesio ir harmonijos bet kuriam kambariui.<\/p>","protected":false},"excerpt":{"rendered":"<p>Eleganti\u0161ka KD818 pu\u0161in\u0117 komoda pagaminta i\u0161 tvirtos pu\u0161ies medienos su va\u0161ko apdaila. Tai puikus funkcionalumo ir nat\u016bralaus gro\u017eio derinys. Tur\u0117dama keturis erdvius stal\u010dius ir rakinam\u0105 spintel\u0119, ji puikiai tinka tiek svetainei, tiek miegamajam, tiek valgomajam. Kaimi\u0161ko stiliaus sendintos ranken\u0117l\u0117s pabr\u0117\u017eia klasikin\u012f dizain\u0105, o va\u0161ko apdaila [\u2026]<\/p>","protected":false},"featured_media":84464,"comment_status":"open","ping_status":"open","template":"","meta":[],"product_brand":[],"product_cat":[9317,9305,1173,2113],"product_tag":[],"class_list":{"0":"post-84463","1":"product","2":"type-product","3":"status-publish","4":"has-post-thumbnail","6":"product_cat-collection-rustikal-drewmax","7":"product_cat-pine-furniture-drewmax","8":"product_cat-chests-of-drawers","9":"product_cat-drewmax","11":"first","12":"instock","13":"purchasable","14":"product-type-simple"},"_links":{"self":[{"href":"https:\/\/baldumarket.lt\/lt\/wp-json\/wp\/v2\/product\/84463","targetHints":{"allow":["GET"]}}],"collection":[{"href":"https:\/\/baldumarket.lt\/lt\/wp-json\/wp\/v2\/product"}],"about":[{"href":"https:\/\/baldumarket.lt\/lt\/wp-json\/wp\/v2\/types\/product"}],"replies":[{"embeddable":true,"href":"https:\/\/baldumarket.lt\/lt\/wp-json\/wp\/v2\/comments?post=84463"}],"wp:featuredmedia":[{"embeddable":true,"href":"https:\/\/baldumarket.lt\/lt\/wp-json\/wp\/v2\/media\/84464"}],"wp:attachment":[{"href":"https:\/\/baldumarket.lt\/lt\/wp-json\/wp\/v2\/media?parent=84463"}],"wp:term":[{"taxonomy":"product_brand","embeddable":true,"href":"https:\/\/baldumarket.lt\/lt\/wp-json\/wp\/v2\/product_brand?post=84463"},{"taxonomy":"product_cat","embeddable":true,"href":"https:\/\/baldumarket.lt\/lt\/wp-json\/wp\/v2\/product_cat?post=84463"},{"taxonomy":"product_tag","embeddable":true,"href":"https:\/\/baldumarket.lt\/lt\/wp-json\/wp\/v2\/product_tag?post=84463"}],"curies":[{"name":"wp","href":"https:\/\/api.w.org\/{rel}","templated":true}]}}