{"id":84458,"date":"2025-12-04T23:29:24","date_gmt":"2025-12-04T20:29:24","guid":{"rendered":"https:\/\/baldumarket.lt\/product\/komoda-sosnowa-rustikal-kd723-sosna-bialy-wosk\/"},"modified":"2026-02-04T00:24:48","modified_gmt":"2026-02-03T21:24:48","slug":"komoda-sosnowa-rustikal-kd723-sosna-bialy-wosk","status":"publish","type":"product","link":"https:\/\/baldumarket.lt\/lt\/product\/komoda-sosnowa-rustikal-kd723-sosna-bialy-wosk\/","title":{"rendered":"Pu\u0161in\u0117 komoda RUSTIKAL KD723 pu\u0161ies baltas va\u0161kas"},"content":{"rendered":"<p>\u0160i \u017eavinga KD723 pu\u0161in\u0117 komoda pagaminta i\u0161 bi\u010di\u0173 va\u0161ku padengtos pu\u0161ies masyvo. Tai puikus sprendimas vyno m\u0117g\u0117jams, vertinantiems klasikin\u012f stili\u0173 ir nat\u016bralias med\u017eiagas. Specialiai suprojektuoti skyriai leid\u017eia sutalpinti iki 9 vyno buteli\u0173, u\u017etikrinant patog\u0173 ir stiling\u0105 daikt\u0173 laikym\u0105. Papildoma u\u017erakinama spintel\u0117 apa\u010dioje suteikia vietos vyno aksesuarams ar kitiems smulkiems daiktams. Va\u0161kuota apdaila i\u0161ry\u0161kina nat\u016bral\u0173 medienos gro\u017e\u012f, o sendinti furnit\u016bra suteikia kaimi\u0161k\u0105 akcent\u0105.<\/p>\n<p>Baldai padengti nat\u016braliu bi\u010di\u0173 va\u0161ku, kuris sukuria apsaugin\u012f sluoksn\u012f nuo dr\u0117gm\u0117s ir kartu apsaugo medien\u0105. Va\u0161kavimo procesas i\u0161ry\u0161kina nat\u016brali\u0105 medienos tekst\u016br\u0105 ir pagilina nat\u016brali\u0105 jos spalv\u0105. Bi\u010di\u0173 va\u0161kas yra nat\u016bralus produktas, tod\u0117l va\u0161kuoti baldai pasi\u017eymi antistatin\u0117mis savyb\u0117mis \u2013 suma\u017eina dulki\u0173 kaupim\u0105si. Papildomas va\u0161kuot\u0173 bald\u0173 privalumas \u2013 \u0161ilkinis lygus pavir\u0161ius ir malonus nat\u016bralios medienos kvapas.<\/p>\n<p>KD723 vyno spintel\u0117 yra ne tik prakti\u0161kas, bet ir dekoratyvus j\u016bs\u0173 nam\u0173 akcentas. Ji puikiai tinka virtuvei, svetainei ar valgomajam ir tampa nepakei\u010diamu elementu vakarams, leid\u017eiamiems m\u0117gaujantis taure vyno. Pagaminta i\u0161 patvarios pu\u0161ies medienos, spintel\u0117 yra tvirta ir ekologi\u0161ka. \u0160is elegancijos ir funkcionalumo derinys u\u017etikrina, kad kiekvienas vyno butelis bus tinkamai laikomas, o pati spintel\u0117 suteikia \u0161ilumos ir klasikinio \u017eavesio bet kokiam interjerui.<\/p>","protected":false},"excerpt":{"rendered":"<p>\u0160i \u017eavinga KD723 pu\u0161in\u0117 komoda pagaminta i\u0161 bi\u010di\u0173 va\u0161ku padengtos pu\u0161ies masyvo. Tai puikus sprendimas vyno m\u0117g\u0117jams, vertinantiems klasikin\u012f stili\u0173 ir nat\u016bralias med\u017eiagas. Joje yra specialiai sukurti skyriai, kuriuose telpa iki 9 vyno buteli\u0173, tod\u0117l juos patogu ir stilingai laikyti. Papildoma u\u017erakinama spintel\u0117 apa\u010dioje suteikia vietos [\u2026]<\/p>","protected":false},"featured_media":84457,"comment_status":"open","ping_status":"open","template":"","meta":[],"product_brand":[],"product_cat":[9317,9305,1173,2113],"product_tag":[],"class_list":{"0":"post-84458","1":"product","2":"type-product","3":"status-publish","4":"has-post-thumbnail","6":"product_cat-collection-rustikal-drewmax","7":"product_cat-pine-furniture-drewmax","8":"product_cat-chests-of-drawers","9":"product_cat-drewmax","11":"first","12":"instock","13":"purchasable","14":"product-type-simple"},"_links":{"self":[{"href":"https:\/\/baldumarket.lt\/lt\/wp-json\/wp\/v2\/product\/84458","targetHints":{"allow":["GET"]}}],"collection":[{"href":"https:\/\/baldumarket.lt\/lt\/wp-json\/wp\/v2\/product"}],"about":[{"href":"https:\/\/baldumarket.lt\/lt\/wp-json\/wp\/v2\/types\/product"}],"replies":[{"embeddable":true,"href":"https:\/\/baldumarket.lt\/lt\/wp-json\/wp\/v2\/comments?post=84458"}],"wp:featuredmedia":[{"embeddable":true,"href":"https:\/\/baldumarket.lt\/lt\/wp-json\/wp\/v2\/media\/84457"}],"wp:attachment":[{"href":"https:\/\/baldumarket.lt\/lt\/wp-json\/wp\/v2\/media?parent=84458"}],"wp:term":[{"taxonomy":"product_brand","embeddable":true,"href":"https:\/\/baldumarket.lt\/lt\/wp-json\/wp\/v2\/product_brand?post=84458"},{"taxonomy":"product_cat","embeddable":true,"href":"https:\/\/baldumarket.lt\/lt\/wp-json\/wp\/v2\/product_cat?post=84458"},{"taxonomy":"product_tag","embeddable":true,"href":"https:\/\/baldumarket.lt\/lt\/wp-json\/wp\/v2\/product_tag?post=84458"}],"curies":[{"name":"wp","href":"https:\/\/api.w.org\/{rel}","templated":true}]}}