{"id":84450,"date":"2025-12-04T23:29:13","date_gmt":"2025-12-04T20:29:13","guid":{"rendered":"https:\/\/baldumarket.lt\/product\/witryna-sosnowa-rustikal-kw814-sosna-ciemny-wosk\/"},"modified":"2026-02-04T00:24:50","modified_gmt":"2026-02-03T21:24:50","slug":"witryna-sosnowa-rustikal-kw814-sosna-ciemny-wosk","status":"publish","type":"product","link":"https:\/\/baldumarket.lt\/lt\/product\/witryna-sosnowa-rustikal-kw814-sosna-ciemny-wosk\/","title":{"rendered":"Pu\u0161in\u0117 vitrina RUSTIKAL KW814, pu\u0161is, tamsus va\u0161kas"},"content":{"rendered":"<p>Kampin\u0117 pu\u0161ies vitrina KW814 pagaminta i\u0161 masyvios pu\u0161ies medienos, padengtos bi\u010di\u0173 va\u0161ku. Tai puikus sprendimas tiems, kurie nori maksimaliai i\u0161naudoti kiekvien\u0105 savo nam\u0173 erdv\u0117s centimetr\u0105. Kampinis dizainas leid\u017eia jai skland\u017eiai tilpti \u012f sunkiai naudojamus kampus, tuo pa\u010diu u\u017etikrinant daug vietos daiktams susid\u0117ti ir eksponuoti. Vir\u0161utin\u0117 spintel\u0117s dalis yra \u012fstiklinta, tod\u0117l galite demonstruoti m\u0117gstamas dekoracijas ar stalo \u012frankius, o apatin\u0117, u\u017erakinama spintel\u0117 suteikia papildomos vietos ma\u017eiau matomiems daiktams. Va\u0161kuota apdaila i\u0161ry\u0161kina nat\u016brali\u0105 medienos tekst\u016br\u0105, suteikdama spintelei \u0161ilt\u0105 ir jauk\u0173 charakter\u012f.<\/p>\n<p>Baldai padengti nat\u016braliu bi\u010di\u0173 va\u0161ku, kuris sukuria apsaugin\u012f sluoksn\u012f nuo dr\u0117gm\u0117s ir kartu maitina medien\u0105. Va\u0161kavimo procesas pary\u0161kina nat\u016bral\u0173 medienos ra\u0161t\u0105 ir pagilina nat\u016brali\u0105 jos spalv\u0105. Bi\u010di\u0173 va\u0161kas yra nat\u016bralus produktas, tod\u0117l va\u0161kuoti baldai pasi\u017eymi antistatin\u0117mis savyb\u0117mis, ma\u017einan\u010diomis dulki\u0173 kaupim\u0105si. Papildomas va\u0161kuot\u0173 bald\u0173 privalumas \u2013 \u0161ilkiniai lygus pavir\u0161ius ir malonus nat\u016bralios medienos aromatas.<\/p>\n<p>Kampin\u0117 vitrina KW814 derina funkcionalum\u0105 ir estetik\u0105. Kampinis dizainas leid\u017eia efektyviai i\u0161naudoti erdv\u0119, o nat\u016brali pu\u0161ies mediena u\u017etikrina patvarum\u0105 ir atsparum\u0105. Va\u0161kuotas pavir\u0161ius ne tik apsaugo medien\u0105, bet ir suteikia eleganti\u0161k\u0105, nat\u016brali\u0105 i\u0161vaizd\u0105, kuri dera prie \u012fvairi\u0173 interjero stili\u0173 \u2013 nuo klasikinio iki kaimi\u0161ko. Tai puiki investicija, kuri suteiks j\u016bs\u0173 namams harmonijos ir tvarkos, kartu suteiks \u0161ilumos ir jaukumo.<\/p>","protected":false},"excerpt":{"rendered":"<p>Kampin\u0117 pu\u0161ies vitrina KW814 pagaminta i\u0161 bi\u010di\u0173 va\u0161ku apdorotos pu\u0161ies medienos masyvo. Tai puikus sprendimas tiems, kurie nori maksimaliai i\u0161naudoti kiekvien\u0105 savo nam\u0173 erdv\u0117s centimetr\u0105. Kampinis dizainas leid\u017eia jai skland\u017eiai tilpti \u012f sunkiai naudojamus kampus, kartu u\u017etikrinant daug vietos daiktams laikyti ir eksponuoti. Vir\u0161utin\u0117 spintel\u0117s dalis [\u2026]<\/p>","protected":false},"featured_media":84442,"comment_status":"open","ping_status":"open","template":"","meta":[],"product_brand":[],"product_cat":[9317,2113,2006],"product_tag":[],"class_list":{"0":"post-84450","1":"product","2":"type-product","3":"status-publish","4":"has-post-thumbnail","6":"product_cat-collection-rustikal-drewmax","7":"product_cat-drewmax","8":"product_cat-vitrines","10":"first","11":"instock","12":"purchasable","13":"product-type-simple"},"_links":{"self":[{"href":"https:\/\/baldumarket.lt\/lt\/wp-json\/wp\/v2\/product\/84450","targetHints":{"allow":["GET"]}}],"collection":[{"href":"https:\/\/baldumarket.lt\/lt\/wp-json\/wp\/v2\/product"}],"about":[{"href":"https:\/\/baldumarket.lt\/lt\/wp-json\/wp\/v2\/types\/product"}],"replies":[{"embeddable":true,"href":"https:\/\/baldumarket.lt\/lt\/wp-json\/wp\/v2\/comments?post=84450"}],"wp:featuredmedia":[{"embeddable":true,"href":"https:\/\/baldumarket.lt\/lt\/wp-json\/wp\/v2\/media\/84442"}],"wp:attachment":[{"href":"https:\/\/baldumarket.lt\/lt\/wp-json\/wp\/v2\/media?parent=84450"}],"wp:term":[{"taxonomy":"product_brand","embeddable":true,"href":"https:\/\/baldumarket.lt\/lt\/wp-json\/wp\/v2\/product_brand?post=84450"},{"taxonomy":"product_cat","embeddable":true,"href":"https:\/\/baldumarket.lt\/lt\/wp-json\/wp\/v2\/product_cat?post=84450"},{"taxonomy":"product_tag","embeddable":true,"href":"https:\/\/baldumarket.lt\/lt\/wp-json\/wp\/v2\/product_tag?post=84450"}],"curies":[{"name":"wp","href":"https:\/\/api.w.org\/{rel}","templated":true}]}}