{"id":84427,"date":"2025-12-04T23:28:48","date_gmt":"2025-12-04T20:28:48","guid":{"rendered":"https:\/\/baldumarket.lt\/product\/biurko-sosnowe-rustikal-br706-sosna-bezbarwny-wosk\/"},"modified":"2026-02-04T00:24:52","modified_gmt":"2026-02-03T21:24:52","slug":"biurko-sosnowe-rustikal-br706-sosna-bezbarwny-wosk","status":"publish","type":"product","link":"https:\/\/baldumarket.lt\/lt\/product\/biurko-sosnowe-rustikal-br706-sosna-bezbarwny-wosk\/","title":{"rendered":"Pu\u0161inis stalas RUSTIKAL BR706, skaidraus va\u0161ko imitacija"},"content":{"rendered":"<p>BR706 pu\u0161inis stalas pagamintas i\u0161 masyvios pu\u0161ies medienos su va\u0161ko apdaila. Jis pasi\u017eymi nat\u016bralia apdaila ir minimalistiniu, nesenstan\u010diu dizainu. Jame yra trys prakti\u0161ki stal\u010diai, kuriuose yra daug vietos dokumentams, biuro reikmenims ir kitiems reikalingiems daiktams laikyti. Subtilios ranken\u0117l\u0117s suteikia \u017eavesio, o tvirta konstrukcija u\u017etikrina patvarum\u0105 ir stabilum\u0105. Va\u0161ko apdaila i\u0161ry\u0161kina nat\u016brali\u0105 medienos tekst\u016br\u0105, tod\u0117l stalas yra funkcionalus ir esteti\u0161kai patrauklus bet kokiame interjere.<\/p>\n<p>Baldai padengti nat\u016braliu bi\u010di\u0173 va\u0161ku, kuris sukuria apsaugin\u012f sluoksn\u012f nuo dr\u0117gm\u0117s ir kartu maitina medien\u0105. Va\u0161ko apdorojimas i\u0161ry\u0161kina nat\u016brali\u0105 medienos tekst\u016br\u0105 ir pagilina nat\u016brali\u0105 jos spalv\u0105. Bi\u010di\u0173 va\u0161kas yra nat\u016bralus produktas, tod\u0117l va\u0161kuoti baldai \u012fgauna antistatini\u0173 savybi\u0173 \u2013 suma\u017eina dulki\u0173 kaupim\u0105si. Papildomas va\u0161kuot\u0173 bald\u0173 privalumas \u2013 \u0161ilkinis lygus pavir\u0161ius ir malonus nat\u016bralios medienos kvapas.<\/p>\n<p>BR706 va\u0161kuotas stalas \u2013 puikus sprendimas tiems, kurie vertina nat\u016bralias med\u017eiagas ir klasikin\u012f dizain\u0105. Jis ne tik patvarus, bet ir draugi\u0161kas aplinkai. Va\u0161kuota apdaila apsaugo medien\u0105 nuo pa\u017eeidim\u0173 ir suteikia jai \u0161ilt\u0105, nat\u016brali\u0105 i\u0161vaizd\u0105. \u012esigydami \u0161\u012f stal\u0105, investicija \u012f kokyb\u0119 ir nesenstant\u012f stili\u0173 suteikia elegancijos ir harmonijos j\u016bs\u0173 interjerui.<\/p>","protected":false},"excerpt":{"rendered":"<p>BR706 pu\u0161inis ra\u0161omasis stalas pagamintas i\u0161 masyvios pu\u0161ies medienos su va\u0161ko apdaila. Jis pasi\u017eymi nat\u016bralia apdaila ir minimalistiniu, nesenstan\u010diu dizainu. Jame yra trys prakti\u0161ki stal\u010diai, kuriuose yra daug vietos dokumentams, biuro reikmenims ir kitiems b\u016btiniausiems daiktams laikyti. Subtilios ranken\u0117l\u0117s suteikia \u017eavesio, o tvirta konstrukcija u\u017etikrina patvarum\u0105 ir stabilum\u0105. Va\u0161kas [\u2026]<\/p>","protected":false},"featured_media":84424,"comment_status":"open","ping_status":"open","template":"","meta":[],"product_brand":[],"product_cat":[9317,9305,1312,2113],"product_tag":[],"class_list":{"0":"post-84427","1":"product","2":"type-product","3":"status-publish","4":"has-post-thumbnail","6":"product_cat-collection-rustikal-drewmax","7":"product_cat-pine-furniture-drewmax","8":"product_cat-desks","9":"product_cat-drewmax","11":"first","12":"instock","13":"purchasable","14":"product-type-simple"},"_links":{"self":[{"href":"https:\/\/baldumarket.lt\/lt\/wp-json\/wp\/v2\/product\/84427","targetHints":{"allow":["GET"]}}],"collection":[{"href":"https:\/\/baldumarket.lt\/lt\/wp-json\/wp\/v2\/product"}],"about":[{"href":"https:\/\/baldumarket.lt\/lt\/wp-json\/wp\/v2\/types\/product"}],"replies":[{"embeddable":true,"href":"https:\/\/baldumarket.lt\/lt\/wp-json\/wp\/v2\/comments?post=84427"}],"wp:featuredmedia":[{"embeddable":true,"href":"https:\/\/baldumarket.lt\/lt\/wp-json\/wp\/v2\/media\/84424"}],"wp:attachment":[{"href":"https:\/\/baldumarket.lt\/lt\/wp-json\/wp\/v2\/media?parent=84427"}],"wp:term":[{"taxonomy":"product_brand","embeddable":true,"href":"https:\/\/baldumarket.lt\/lt\/wp-json\/wp\/v2\/product_brand?post=84427"},{"taxonomy":"product_cat","embeddable":true,"href":"https:\/\/baldumarket.lt\/lt\/wp-json\/wp\/v2\/product_cat?post=84427"},{"taxonomy":"product_tag","embeddable":true,"href":"https:\/\/baldumarket.lt\/lt\/wp-json\/wp\/v2\/product_tag?post=84427"}],"curies":[{"name":"wp","href":"https:\/\/api.w.org\/{rel}","templated":true}]}}